{"id":47376,"date":"2024-08-14T16:01:47","date_gmt":"2024-08-14T23:01:47","guid":{"rendered":"https:\/\/282b68644b.nxcli.io\/zeitplan-fuer-die-ausstellerausstellung\/"},"modified":"2025-10-31T10:00:24","modified_gmt":"2025-10-31T17:00:24","slug":"zeitplan-fuer-die-ausstellerausstellung","status":"publish","type":"page","link":"https:\/\/totalproductexpo.com\/de\/zeitplan-fuer-die-ausstellerausstellung\/","title":{"rendered":"ZEITPLAN F\u00dcR DIE AUSSTELLERAUSSTELLUNG"},"content":{"rendered":"<p><div class=\"fusion-fullwidth fullwidth-box fusion-builder-row-1 fusion-flex-container has-pattern-background has-mask-background nonhundred-percent-fullwidth non-hundred-percent-height-scrolling show-schedule\" style=\"--awb-border-radius-top-left:0px;--awb-border-radius-top-right:0px;--awb-border-radius-bottom-right:0px;--awb-border-radius-bottom-left:0px;--awb-margin-top:40px;--awb-margin-top-small:20px;--awb-flex-wrap:wrap;\" ><div class=\"fusion-builder-row fusion-row fusion-flex-align-items-stretch fusion-flex-content-wrap\" style=\"max-width:calc( 1280px + 20px );margin-left: calc(-20px \/ 2 );margin-right: calc(-20px \/ 2 );\"><div class=\"fusion-layout-column fusion_builder_column fusion-builder-column-0 fusion_builder_column_1_1 1_1 fusion-flex-column fusion-flex-align-self-flex-start\" style=\"--awb-padding-top:20px;--awb-padding-top-medium:0px;--awb-padding-left-medium:0px;--awb-padding-top-small:0px;--awb-padding-left-small:0px;--awb-bg-size:cover;--awb-width-large:100%;--awb-spacing-right-large:10px;--awb-spacing-left-large:10px;--awb-width-medium:100%;--awb-order-medium:0;--awb-spacing-right-medium:10px;--awb-spacing-left-medium:10px;--awb-width-small:100%;--awb-order-small:0;--awb-spacing-right-small:10px;--awb-spacing-left-small:10px;\"><div class=\"fusion-column-wrapper fusion-column-has-shadow fusion-flex-justify-content-flex-start fusion-content-layout-column\"><div class=\"fusion-text fusion-text-1\"><h1 class=\"fusion-responsive-typography-calculated\" style=\"margin-top: 0px; margin-bottom: 0px; --fontsize: 40; line-height: 1;\" data-fontsize=\"40\" data-lineheight=\"40px\">STANDEINRICHTUNG F\u00dcR AUSSTELLER<\/h1>\n<\/div><div class=\"fusion-separator fusion-full-width-sep\" style=\"align-self: center;margin-left: auto;margin-right: auto;margin-top:10px;width:100%;\"><\/div><\/div><\/div><div class=\"fusion-layout-column fusion_builder_column fusion-builder-column-1 fusion_builder_column_4_5 4_5 fusion-flex-column\" style=\"--awb-bg-color:#f8f8f8;--awb-bg-color-hover:#f8f8f8;--awb-bg-size:cover;--awb-border-color:#dddddd;--awb-border-top:1px;--awb-border-right:1px;--awb-border-bottom:1px;--awb-border-left:1px;--awb-border-style:solid;--awb-width-large:80%;--awb-spacing-right-large:8px;--awb-spacing-left-large:10px;--awb-width-medium:100%;--awb-order-medium:0;--awb-spacing-right-medium:10px;--awb-spacing-left-medium:10px;--awb-width-small:100%;--awb-order-small:0;--awb-spacing-right-small:10px;--awb-spacing-left-small:10px;\"><div class=\"fusion-column-wrapper fusion-column-has-shadow fusion-flex-justify-content-flex-start fusion-content-layout-column\"><div class=\"fusion-text fusion-text-2\" style=\"--awb-text-transform:none;\"><h3 class=\"fusion-responsive-typography-calculated\" style=\"margin-top: 0px; margin-bottom: 0px; background-color: #d14aa4; padding-top: 6px; padding-bottom: 6px; padding-left: 20px; text-align: left; --fontsize: 24; line-height: 1.3;\" data-fontsize=\"24\" data-lineheight=\"31.2px\"><span style=\"color: #ffffff;\">TARGET MOVE-IN<\/span><\/h3>\n<\/div><div class=\"fusion-separator fusion-full-width-sep\" style=\"align-self: center;margin-left: auto;margin-right: auto;margin-top:5px;margin-bottom:5px;width:100%;\"><\/div>\n<div class=\"table-1\">\n<table width=\"100%\">\n<tbody>\n<tr>\n<td align=\"left\" width=\"200\">Samstag, M\u00e4rz 28, 2026<\/td>\n<td align=\"left\">10:00AM-2:00PM<\/td>\n<td align=\"left\">1.000 sq ft und gr\u00f6\u00dfer, genehmigt von TPE<\/td>\n<\/tr>\n<tr>\n<td align=\"left\">Samstag, 28. M\u00e4rz 2026<\/td>\n<td align=\"left\">14:00 UHR &#8211; 18:00 UHR<\/td>\n<td align=\"left\">Zweite Gruppe &#8211; 600sf und gr\u00f6\u00dfer<\/td>\n<\/tr>\n<tr>\n<td align=\"left\">Sonntag, 29. M\u00e4rz 2026<\/td>\n<td align=\"left\">8:00 UHR &#8211; 1:00 UHR<\/td>\n<td align=\"left\">Dritte Gruppe &#8211; Alle Aussteller<\/td>\n<\/tr>\n<\/tbody>\n<\/table>\n<\/div>\n<\/div><\/div><div class=\"fusion-layout-column fusion_builder_column fusion-builder-column-2 fusion_builder_column_4_5 4_5 fusion-flex-column\" style=\"--awb-bg-color:#f8f8f8;--awb-bg-color-hover:#f8f8f8;--awb-bg-size:cover;--awb-border-color:#dddddd;--awb-border-top:1px;--awb-border-right:1px;--awb-border-bottom:1px;--awb-border-left:1px;--awb-border-style:solid;--awb-width-large:80%;--awb-spacing-right-large:8px;--awb-spacing-left-large:10px;--awb-width-medium:100%;--awb-order-medium:0;--awb-spacing-right-medium:10px;--awb-spacing-left-medium:10px;--awb-width-small:100%;--awb-order-small:0;--awb-spacing-right-small:10px;--awb-spacing-left-small:10px;\"><div class=\"fusion-column-wrapper fusion-column-has-shadow fusion-flex-justify-content-flex-start fusion-content-layout-column\"><div class=\"fusion-text fusion-text-3\" style=\"--awb-text-transform:none;\"><h3 class=\"fusion-responsive-typography-calculated\" style=\"margin-top: 0px; margin-bottom: 0px; background-color: #d14aa4; padding-top: 6px; padding-bottom: 6px; padding-left: 20px; text-align: left; --fontsize: 24; line-height: 1.3;\" data-fontsize=\"24\" data-lineheight=\"31.2px\"><span style=\"color: #ffffff;\">AUSSTELLER EINZUG*<\/span><\/h3>\n<\/div><div class=\"fusion-separator fusion-full-width-sep\" style=\"align-self: center;margin-left: auto;margin-right: auto;margin-top:5px;margin-bottom:5px;width:100%;\"><\/div>\n<div class=\"table-1\">\n<table style=\"height: 30px;\" width=\"1148\">\n<tbody>\n<tr>\n<td align=\"left\" width=\"200\">Sonntag, 29. M\u00e4rz 2026<\/td>\n<td align=\"left\">8:00 UHR &#8211; 5:00 UHR<\/td>\n<td align=\"left\"><\/td>\n<\/tr>\n<tr>\n<td align=\"left\">Montag, M\u00e4rz 30, 2026<\/td>\n<td align=\"left\">8:00 UHR &#8211; 8:00 UHR<\/td>\n<td align=\"left\">*Karrenladungs-\/POV-Service wird nur w\u00e4hrend der Einzugszeiten am Sonntag und Montag verf\u00fcgbar sein.<\/td>\n<\/tr>\n<tr>\n<td align=\"left\">Dienstag, M\u00e4rz 31, 2026<\/td>\n<td align=\"left\">7:00 UHR &#8211; 9:00 UHR<\/td>\n<td align=\"left\">Alle Aussteller stellen bis 9:00 Uhr auf<\/td>\n<\/tr>\n<\/tbody>\n<\/table>\n<\/div>\n<\/div><\/div><div class=\"fusion-layout-column fusion_builder_column fusion-builder-column-3 fusion_builder_column_4_5 4_5 fusion-flex-column\" style=\"--awb-bg-color:#f8f8f8;--awb-bg-color-hover:#f8f8f8;--awb-bg-size:cover;--awb-border-color:#dddddd;--awb-border-top:1px;--awb-border-right:1px;--awb-border-bottom:1px;--awb-border-left:1px;--awb-border-style:solid;--awb-width-large:80%;--awb-spacing-right-large:8px;--awb-spacing-left-large:10px;--awb-width-medium:100%;--awb-order-medium:0;--awb-spacing-right-medium:10px;--awb-spacing-left-medium:10px;--awb-width-small:100%;--awb-order-small:0;--awb-spacing-right-small:10px;--awb-spacing-left-small:10px;\"><div class=\"fusion-column-wrapper fusion-column-has-shadow fusion-flex-justify-content-flex-start fusion-content-layout-column\"><div class=\"fusion-text fusion-text-4\" style=\"--awb-text-transform:none;\"><h3 class=\"fusion-responsive-typography-calculated\" style=\"margin-top: 0px; margin-bottom: 0px; background-color: #d14aa4; padding-top: 6px; padding-bottom: 6px; padding-left: 20px; text-align: left; --fontsize: 24; line-height: 1.3;\" data-fontsize=\"24\" data-lineheight=\"31.2px\"><span style=\"color: #ffffff;\">AUSSTELLUNGSZEITEN<\/span><\/h3>\n<\/div><div class=\"fusion-separator fusion-full-width-sep\" style=\"align-self: center;margin-left: auto;margin-right: auto;margin-top:5px;margin-bottom:5px;width:100%;\"><\/div>\n<div class=\"table-1\">\n<table style=\"height: 30px;\" width=\"1148\">\n<tbody>\n<tr>\n<td align=\"left\" width=\"200\">Dienstag, M\u00e4rz 31, 2026<\/td>\n<td align=\"left\">11:00 UHR &#8211; 5:00 UHR<\/td>\n<\/tr>\n<tr>\n<td align=\"left\">Mittwoch, April 1, 2026<\/td>\n<td align=\"left\">11:00 UHR &#8211; 5:00 UHR<\/td>\n<\/tr>\n<tr>\n<td align=\"left\">Donnerstag, April 2, 2026<\/td>\n<td align=\"left\">11:00 UHR &#8211; 3:00 UHR<\/td>\n<\/tr>\n<\/tbody>\n<\/table>\n<\/div>\n<\/div><\/div><div class=\"fusion-layout-column fusion_builder_column fusion-builder-column-4 fusion_builder_column_4_5 4_5 fusion-flex-column\" style=\"--awb-bg-color:#f8f8f8;--awb-bg-color-hover:#f8f8f8;--awb-bg-size:cover;--awb-border-color:#dddddd;--awb-border-top:1px;--awb-border-right:1px;--awb-border-bottom:1px;--awb-border-left:1px;--awb-border-style:solid;--awb-width-large:80%;--awb-spacing-right-large:8px;--awb-spacing-left-large:10px;--awb-width-medium:100%;--awb-order-medium:0;--awb-spacing-right-medium:10px;--awb-spacing-left-medium:10px;--awb-width-small:100%;--awb-order-small:0;--awb-spacing-right-small:10px;--awb-spacing-left-small:10px;\"><div class=\"fusion-column-wrapper fusion-column-has-shadow fusion-flex-justify-content-flex-start fusion-content-layout-column\"><div class=\"fusion-text fusion-text-5\" style=\"--awb-text-transform:none;\"><h3 class=\"fusion-responsive-typography-calculated\" style=\"margin-top: 0px; margin-bottom: 0px; background-color: #d14aa4; padding-top: 6px; padding-bottom: 6px; padding-left: 20px; text-align: left; --fontsize: 24; line-height: 1.3;\" data-fontsize=\"24\" data-lineheight=\"31.2px\"><span style=\"color: #ffffff;\">AUSZUG DER AUSSTELLER<\/span><\/h3>\n<\/div><div class=\"fusion-separator fusion-full-width-sep\" style=\"align-self: center;margin-left: auto;margin-right: auto;margin-top:5px;margin-bottom:5px;width:100%;\"><\/div>\n<div class=\"table-1\">\n<table style=\"height: 30px;\" width=\"1148\">\n<tbody>\n<tr>\n<td align=\"left\" width=\"200\">Donnerstag, April 2, 2026<\/td>\n<td align=\"left\">15:00 UHR &#8211; 23:59 UHR<\/td>\n<td align=\"left\"><\/td>\n<\/tr>\n<tr>\n<td align=\"left\">Freitag, April 3, 2026<\/td>\n<td align=\"left\">8:00 UHR &#8211; 12:00 UHR<\/td>\n<td align=\"left\"><\/td>\n<\/tr>\n<tr>\n<td align=\"left\">Freitag, April 3, 2026<\/td>\n<td align=\"left\">12:00 PM *<\/td>\n<td align=\"left\">*FRACHTUMLEITUNG BEGINNT. Alle abgehenden Frachtf\u00fchrer m\u00fcssen bis zu diesem Zeitpunkt eingecheckt sein.<\/td>\n<\/tr>\n<\/tbody>\n<\/table>\n<\/div>\n<\/div><\/div><div class=\"fusion-layout-column fusion_builder_column fusion-builder-column-5 fusion_builder_column_4_5 4_5 fusion-flex-column\" style=\"--awb-bg-color:#f8f8f8;--awb-bg-color-hover:#f8f8f8;--awb-bg-size:cover;--awb-border-color:#dddddd;--awb-border-top:1px;--awb-border-right:1px;--awb-border-bottom:1px;--awb-border-left:1px;--awb-border-style:solid;--awb-width-large:80%;--awb-spacing-right-large:8px;--awb-spacing-left-large:10px;--awb-width-medium:100%;--awb-order-medium:0;--awb-spacing-right-medium:10px;--awb-spacing-left-medium:10px;--awb-width-small:100%;--awb-order-small:0;--awb-spacing-right-small:10px;--awb-spacing-left-small:10px;\"><div class=\"fusion-column-wrapper fusion-column-has-shadow fusion-flex-justify-content-flex-start fusion-content-layout-column\"><div class=\"fusion-text fusion-text-6\" style=\"--awb-text-transform:none;\"><h3 class=\"fusion-responsive-typography-calculated\" style=\"margin-top: 0px; margin-bottom: 0px; background-color: #d14aa4; padding-top: 6px; padding-bottom: 6px; padding-left: 20px; text-align: left; --fontsize: 24; line-height: 1.3;\" data-fontsize=\"24\" data-lineheight=\"31.2px\"><span style=\"color: #ffffff;\">WICHTIGE INFORMATIONEN<\/span><\/h3>\n<\/div><div class=\"fusion-text fusion-text-7\" style=\"--awb-text-transform:none;\"><p style=\"margin-bottom: 0px; margin-top: 0px; background-color: #ffffff; padding-top: 6px; padding-bottom: 6px; text-align: left; padding-left: 20px;\"><b>Die Ausstellungszeiten f\u00fcr 2026 sind Dienstag-Donnerstag<\/b><\/p>\n<\/div><\/div><\/div><\/div><\/div><div class=\"fusion-fullwidth fullwidth-box fusion-builder-row-2 fusion-flex-container has-pattern-background has-mask-background nonhundred-percent-fullwidth non-hundred-percent-height-scrolling\" style=\"--awb-border-radius-top-left:0px;--awb-border-radius-top-right:0px;--awb-border-radius-bottom-right:0px;--awb-border-radius-bottom-left:0px;--awb-margin-top-small:20px;--awb-flex-wrap:wrap;\" ><div class=\"fusion-builder-row fusion-row fusion-flex-align-items-flex-start fusion-flex-content-wrap\" style=\"max-width:calc( 1280px + 20px );margin-left: calc(-20px \/ 2 );margin-right: calc(-20px \/ 2 );\"><div class=\"fusion-layout-column fusion_builder_column fusion-builder-column-6 fusion_builder_column_1_1 1_1 fusion-flex-column fusion-flex-align-self-flex-start\" style=\"--awb-padding-top:20px;--awb-padding-top-medium:0px;--awb-padding-left-medium:0px;--awb-padding-top-small:0px;--awb-padding-left-small:0px;--awb-bg-size:cover;--awb-width-large:100%;--awb-spacing-right-large:10px;--awb-spacing-left-large:10px;--awb-width-medium:100%;--awb-order-medium:0;--awb-spacing-right-medium:10px;--awb-spacing-left-medium:10px;--awb-width-small:100%;--awb-order-small:0;--awb-spacing-right-small:10px;--awb-spacing-left-small:10px;\"><div class=\"fusion-column-wrapper fusion-column-has-shadow fusion-flex-justify-content-flex-start fusion-content-layout-column\"><div class=\"fusion-text fusion-text-8\"><h1 style=\"margin-top: 0px; margin-bottom: 0px;\">STANDORT &amp; WEGBESCHREIBUNG ANZEIGEN<\/h1>\n<\/div><\/div><\/div><div class=\"fusion-layout-column fusion_builder_column fusion-builder-column-7 fusion_builder_column_1_1 1_1 fusion-flex-column fusion-flex-align-self-center\" style=\"--awb-bg-color:#ffffff;--awb-bg-color-hover:#ffffff;--awb-bg-size:cover;--awb-border-color:#dddddd;--awb-border-style:solid;--awb-width-large:100%;--awb-spacing-right-large:10px;--awb-spacing-left-large:0px;--awb-width-medium:100%;--awb-order-medium:0;--awb-spacing-right-medium:10px;--awb-spacing-left-medium:10px;--awb-width-small:100%;--awb-order-small:0;--awb-spacing-right-small:10px;--awb-spacing-left-small:10px;\"><div class=\"fusion-column-wrapper fusion-column-has-shadow fusion-flex-justify-content-flex-start fusion-content-layout-column\"><iframe src=\"https:\/\/www.google.com\/maps\/embed?pb=!1m18!1m12!1m3!1d3222.4181425004886!2d-115.15463112302528!3d36.132030915231944!2m3!1f0!2f0!3f0!3m2!1i1024!2i768!4f13.1!3m3!1m2!1s0x80c8c46640af22e7:0xa93a4afe2fe7b046!2sLas%20Vegas%20Convention%20Center,%20South%20Hall!5e0!3m2!1sen!2sus!4v1723676360230!5m2!1sen!2sus\" width=\"auto\" height=\"450\" style=\"border:0;\" allowfullscreen=\"\" loading=\"lazy\" referrerpolicy=\"no-referrer-when-downgrade\"><\/iframe><div class=\"fusion-separator fusion-full-width-sep\" style=\"align-self: center;margin-left: auto;margin-right: auto;margin-top:10px;width:100%;\"><\/div><div class=\"fusion-text fusion-text-9\" style=\"--awb-text-transform:none;\"><p><strong>Las Vegas Convention Center<\/strong><br \/>\nSouth Hall<br \/>\n3150 Paradise Rd, Las Vegas, NV 89109<br \/>\n<a href=\"https:\/\/www.google.com\/maps\/place\/Las+Vegas+Convention+Center,+South+Hall\/@36.128609,-115.151543,16z\/data=!4m6!3m5!1s0x80c8c46640af22e7:0xa93a4afe2fe7b046!8m2!3d36.1286087!4d-115.1515426!16zL20vMDU4eDJi?hl=en&amp;entry=ttu\" target=\"_blank\" rel=\"noopener\">Auf der Karte anzeigen<\/a><\/p>\n<\/div><\/div><\/div><\/div><\/div><\/p>\n","protected":false},"excerpt":{"rendered":"","protected":false},"author":25,"featured_media":0,"parent":0,"menu_order":0,"comment_status":"closed","ping_status":"closed","template":"100-width.php","meta":{"footnotes":""},"class_list":["post-47376","page","type-page","status-publish","hentry"],"yoast_head":"<!-- This site is optimized with the Yoast SEO plugin v26.1.1 - https:\/\/yoast.com\/wordpress\/plugins\/seo\/ -->\n<title>Messeplan &#8211; TPE | Total Product Expo &#8211; B2B-Messe<\/title>\n<meta name=\"description\" content=\"Hier finden Sie den Zeitplan f\u00fcr die Messe, die \u00d6ffnungszeiten der Ausstellungsr\u00e4ume, die \u00d6ffnungszeiten f\u00fcr die Registrierung, die Standorte f\u00fcr die Abholung der Ausweise und die Partys, die auf der TPE in Las Vegas, Nevada stattfinden.\" \/>\n<meta name=\"robots\" content=\"index, follow, max-snippet:-1, max-image-preview:large, max-video-preview:-1\" \/>\n<link rel=\"canonical\" href=\"https:\/\/totalproductexpo.com\/de\/zeitplan-fuer-die-ausstellerausstellung\/\" \/>\n<meta property=\"og:locale\" content=\"de_DE\" \/>\n<meta property=\"og:type\" content=\"article\" \/>\n<meta property=\"og:title\" content=\"Messeplan &#8211; TPE | Total Product Expo &#8211; B2B-Messe\" \/>\n<meta property=\"og:description\" content=\"Hier finden Sie den Zeitplan f\u00fcr die Messe, die \u00d6ffnungszeiten der Ausstellungsr\u00e4ume, die \u00d6ffnungszeiten f\u00fcr die Registrierung, die Standorte f\u00fcr die Abholung der Ausweise und die Partys, die auf der TPE in Las Vegas, Nevada stattfinden.\" \/>\n<meta property=\"og:url\" content=\"https:\/\/totalproductexpo.com\/de\/zeitplan-fuer-die-ausstellerausstellung\/\" \/>\n<meta property=\"og:site_name\" content=\"TPE | Total Product Expo\" \/>\n<meta property=\"article:publisher\" content=\"https:\/\/www.facebook.com\/totalproductexpo\/\" \/>\n<meta property=\"article:modified_time\" content=\"2025-10-31T17:00:24+00:00\" \/>\n<meta name=\"twitter:card\" content=\"summary_large_image\" \/>\n<meta name=\"twitter:site\" content=\"@totalproductxpo\" \/>\n<meta name=\"twitter:label1\" content=\"Est. reading time\" \/>\n\t<meta name=\"twitter:data1\" content=\"17 minutes\" \/>\n<script type=\"application\/ld+json\" class=\"yoast-schema-graph\">{\"@context\":\"https:\/\/schema.org\",\"@graph\":[{\"@type\":\"WebPage\",\"@id\":\"https:\/\/totalproductexpo.com\/de\/zeitplan-fuer-die-ausstellerausstellung\/\",\"url\":\"https:\/\/totalproductexpo.com\/de\/zeitplan-fuer-die-ausstellerausstellung\/\",\"name\":\"Messeplan &#8211; TPE | Total Product Expo &#8211; B2B-Messe\",\"isPartOf\":{\"@id\":\"https:\/\/totalproductexpo.com\/de\/#website\"},\"datePublished\":\"2024-08-14T23:01:47+00:00\",\"dateModified\":\"2025-10-31T17:00:24+00:00\",\"description\":\"Hier finden Sie den Zeitplan f\u00fcr die Messe, die \u00d6ffnungszeiten der Ausstellungsr\u00e4ume, die \u00d6ffnungszeiten f\u00fcr die Registrierung, die Standorte f\u00fcr die Abholung der Ausweise und die Partys, die auf der TPE in Las Vegas, Nevada stattfinden.\",\"breadcrumb\":{\"@id\":\"https:\/\/totalproductexpo.com\/de\/zeitplan-fuer-die-ausstellerausstellung\/#breadcrumb\"},\"inLanguage\":\"de-DE\",\"potentialAction\":[{\"@type\":\"ReadAction\",\"target\":[\"https:\/\/totalproductexpo.com\/de\/zeitplan-fuer-die-ausstellerausstellung\/\"]}]},{\"@type\":\"BreadcrumbList\",\"@id\":\"https:\/\/totalproductexpo.com\/de\/zeitplan-fuer-die-ausstellerausstellung\/#breadcrumb\",\"itemListElement\":[{\"@type\":\"ListItem\",\"position\":1,\"name\":\"Home\",\"item\":\"https:\/\/totalproductexpo.com\/de\/\"},{\"@type\":\"ListItem\",\"position\":2,\"name\":\"ZEITPLAN F\u00dcR DIE AUSSTELLERAUSSTELLUNG\"}]},{\"@type\":\"WebSite\",\"@id\":\"https:\/\/totalproductexpo.com\/de\/#website\",\"url\":\"https:\/\/totalproductexpo.com\/de\/\",\"name\":\"TPE | Total Product Expo\",\"description\":\"Tobacco \u2022 Vapor \u2022\u00a0Alternative B2B Trade Show\",\"publisher\":{\"@id\":\"https:\/\/totalproductexpo.com\/de\/#organization\"},\"alternateName\":\"Total Product Expo\",\"potentialAction\":[{\"@type\":\"SearchAction\",\"target\":{\"@type\":\"EntryPoint\",\"urlTemplate\":\"https:\/\/totalproductexpo.com\/de\/?s={search_term_string}\"},\"query-input\":{\"@type\":\"PropertyValueSpecification\",\"valueRequired\":true,\"valueName\":\"search_term_string\"}}],\"inLanguage\":\"de-DE\"},{\"@type\":\"Organization\",\"@id\":\"https:\/\/totalproductexpo.com\/de\/#organization\",\"name\":\"Total Product Events\",\"alternateName\":\"Total Product Expo\",\"url\":\"https:\/\/totalproductexpo.com\/de\/\",\"logo\":{\"@type\":\"ImageObject\",\"inLanguage\":\"de-DE\",\"@id\":\"https:\/\/totalproductexpo.com\/de\/#\/schema\/logo\/image\/\",\"url\":\"https:\/\/totalproductexpo.com\/wp-content\/uploads\/2024\/06\/TPExpo-TPEvents-Logo_696px-jpg.webp\",\"contentUrl\":\"https:\/\/totalproductexpo.com\/wp-content\/uploads\/2024\/06\/TPExpo-TPEvents-Logo_696px-jpg.webp\",\"width\":696,\"height\":696,\"caption\":\"Total Product Events\"},\"image\":{\"@id\":\"https:\/\/totalproductexpo.com\/de\/#\/schema\/logo\/image\/\"},\"sameAs\":[\"https:\/\/www.facebook.com\/totalproductexpo\/\",\"https:\/\/x.com\/totalproductxpo\",\"https:\/\/www.instagram.com\/totalproductexpo\/\",\"https:\/\/www.linkedin.com\/company\/totalproductexpo\",\"https:\/\/www.youtube.com\/channel\/UCeZ7S2zlSGbA9KzB3eVjWAw\"]}]}<\/script>\n<!-- \/ Yoast SEO plugin. -->","yoast_head_json":{"title":"Messeplan &#8211; TPE | Total Product Expo &#8211; B2B-Messe","description":"Hier finden Sie den Zeitplan f\u00fcr die Messe, die \u00d6ffnungszeiten der Ausstellungsr\u00e4ume, die \u00d6ffnungszeiten f\u00fcr die Registrierung, die Standorte f\u00fcr die Abholung der Ausweise und die Partys, die auf der TPE in Las Vegas, Nevada stattfinden.","robots":{"index":"index","follow":"follow","max-snippet":"max-snippet:-1","max-image-preview":"max-image-preview:large","max-video-preview":"max-video-preview:-1"},"canonical":"https:\/\/totalproductexpo.com\/de\/zeitplan-fuer-die-ausstellerausstellung\/","og_locale":"de_DE","og_type":"article","og_title":"Messeplan &#8211; TPE | Total Product Expo &#8211; B2B-Messe","og_description":"Hier finden Sie den Zeitplan f\u00fcr die Messe, die \u00d6ffnungszeiten der Ausstellungsr\u00e4ume, die \u00d6ffnungszeiten f\u00fcr die Registrierung, die Standorte f\u00fcr die Abholung der Ausweise und die Partys, die auf der TPE in Las Vegas, Nevada stattfinden.","og_url":"https:\/\/totalproductexpo.com\/de\/zeitplan-fuer-die-ausstellerausstellung\/","og_site_name":"TPE | Total Product Expo","article_publisher":"https:\/\/www.facebook.com\/totalproductexpo\/","article_modified_time":"2025-10-31T17:00:24+00:00","twitter_card":"summary_large_image","twitter_site":"@totalproductxpo","twitter_misc":{"Est. reading time":"17 minutes"},"schema":{"@context":"https:\/\/schema.org","@graph":[{"@type":"WebPage","@id":"https:\/\/totalproductexpo.com\/de\/zeitplan-fuer-die-ausstellerausstellung\/","url":"https:\/\/totalproductexpo.com\/de\/zeitplan-fuer-die-ausstellerausstellung\/","name":"Messeplan &#8211; TPE | Total Product Expo &#8211; B2B-Messe","isPartOf":{"@id":"https:\/\/totalproductexpo.com\/de\/#website"},"datePublished":"2024-08-14T23:01:47+00:00","dateModified":"2025-10-31T17:00:24+00:00","description":"Hier finden Sie den Zeitplan f\u00fcr die Messe, die \u00d6ffnungszeiten der Ausstellungsr\u00e4ume, die \u00d6ffnungszeiten f\u00fcr die Registrierung, die Standorte f\u00fcr die Abholung der Ausweise und die Partys, die auf der TPE in Las Vegas, Nevada stattfinden.","breadcrumb":{"@id":"https:\/\/totalproductexpo.com\/de\/zeitplan-fuer-die-ausstellerausstellung\/#breadcrumb"},"inLanguage":"de-DE","potentialAction":[{"@type":"ReadAction","target":["https:\/\/totalproductexpo.com\/de\/zeitplan-fuer-die-ausstellerausstellung\/"]}]},{"@type":"BreadcrumbList","@id":"https:\/\/totalproductexpo.com\/de\/zeitplan-fuer-die-ausstellerausstellung\/#breadcrumb","itemListElement":[{"@type":"ListItem","position":1,"name":"Home","item":"https:\/\/totalproductexpo.com\/de\/"},{"@type":"ListItem","position":2,"name":"ZEITPLAN F\u00dcR DIE AUSSTELLERAUSSTELLUNG"}]},{"@type":"WebSite","@id":"https:\/\/totalproductexpo.com\/de\/#website","url":"https:\/\/totalproductexpo.com\/de\/","name":"TPE | Total Product Expo","description":"Tobacco \u2022 Vapor \u2022\u00a0Alternative B2B Trade Show","publisher":{"@id":"https:\/\/totalproductexpo.com\/de\/#organization"},"alternateName":"Total Product Expo","potentialAction":[{"@type":"SearchAction","target":{"@type":"EntryPoint","urlTemplate":"https:\/\/totalproductexpo.com\/de\/?s={search_term_string}"},"query-input":{"@type":"PropertyValueSpecification","valueRequired":true,"valueName":"search_term_string"}}],"inLanguage":"de-DE"},{"@type":"Organization","@id":"https:\/\/totalproductexpo.com\/de\/#organization","name":"Total Product Events","alternateName":"Total Product Expo","url":"https:\/\/totalproductexpo.com\/de\/","logo":{"@type":"ImageObject","inLanguage":"de-DE","@id":"https:\/\/totalproductexpo.com\/de\/#\/schema\/logo\/image\/","url":"https:\/\/totalproductexpo.com\/wp-content\/uploads\/2024\/06\/TPExpo-TPEvents-Logo_696px-jpg.webp","contentUrl":"https:\/\/totalproductexpo.com\/wp-content\/uploads\/2024\/06\/TPExpo-TPEvents-Logo_696px-jpg.webp","width":696,"height":696,"caption":"Total Product Events"},"image":{"@id":"https:\/\/totalproductexpo.com\/de\/#\/schema\/logo\/image\/"},"sameAs":["https:\/\/www.facebook.com\/totalproductexpo\/","https:\/\/x.com\/totalproductxpo","https:\/\/www.instagram.com\/totalproductexpo\/","https:\/\/www.linkedin.com\/company\/totalproductexpo","https:\/\/www.youtube.com\/channel\/UCeZ7S2zlSGbA9KzB3eVjWAw"]}]}},"_links":{"self":[{"href":"https:\/\/totalproductexpo.com\/de\/wp-json\/wp\/v2\/pages\/47376","targetHints":{"allow":["GET"]}}],"collection":[{"href":"https:\/\/totalproductexpo.com\/de\/wp-json\/wp\/v2\/pages"}],"about":[{"href":"https:\/\/totalproductexpo.com\/de\/wp-json\/wp\/v2\/types\/page"}],"author":[{"embeddable":true,"href":"https:\/\/totalproductexpo.com\/de\/wp-json\/wp\/v2\/users\/25"}],"replies":[{"embeddable":true,"href":"https:\/\/totalproductexpo.com\/de\/wp-json\/wp\/v2\/comments?post=47376"}],"version-history":[{"count":8,"href":"https:\/\/totalproductexpo.com\/de\/wp-json\/wp\/v2\/pages\/47376\/revisions"}],"predecessor-version":[{"id":55557,"href":"https:\/\/totalproductexpo.com\/de\/wp-json\/wp\/v2\/pages\/47376\/revisions\/55557"}],"wp:attachment":[{"href":"https:\/\/totalproductexpo.com\/de\/wp-json\/wp\/v2\/media?parent=47376"}],"curies":[{"name":"wp","href":"https:\/\/api.w.org\/{rel}","templated":true}]}}