{"id":54753,"date":"2025-08-19T20:10:57","date_gmt":"2025-08-20T03:10:57","guid":{"rendered":"https:\/\/totalproductexpo.com\/exklusive-gehostete-programme\/"},"modified":"2025-11-13T10:39:18","modified_gmt":"2025-11-13T18:39:18","slug":"exklusive-gehostete-programme","status":"publish","type":"page","link":"https:\/\/totalproductexpo.com\/de\/exklusive-gehostete-programme\/","title":{"rendered":"Exklusive Hosted-Programme"},"content":{"rendered":"<div class=\"fusion-fullwidth fullwidth-box fusion-builder-row-1 fusion-flex-container has-pattern-background has-mask-background hundred-percent-fullwidth non-hundred-percent-height-scrolling hero\" style=\"--awb-border-radius-top-left:0px;--awb-border-radius-top-right:0px;--awb-border-radius-bottom-right:0px;--awb-border-radius-bottom-left:0px;--awb-margin-bottom-small:-42%;--awb-background-color:#090b29;--awb-flex-wrap:wrap;\" ><div class=\"fusion-builder-row fusion-row fusion-flex-align-items-flex-start fusion-flex-content-wrap\" style=\"width:102% !important;max-width:102% !important;margin-left: calc(-2% \/ 2 );margin-right: calc(-2% \/ 2 );\"><div class=\"fusion-layout-column fusion_builder_column fusion-builder-column-0 fusion_builder_column_1_1 1_1 fusion-flex-column\" style=\"--awb-bg-size:cover;--awb-width-large:100%;--awb-spacing-right-large:0.98%;--awb-margin-bottom-large:0px;--awb-spacing-left-large:0.98%;--awb-width-medium:100%;--awb-order-medium:0;--awb-spacing-right-medium:0.98%;--awb-spacing-left-medium:0.98%;--awb-width-small:100%;--awb-order-small:0;--awb-spacing-right-small:0.98%;--awb-spacing-left-small:0.98%;\" data-scroll-devices=\"small-visibility,medium-visibility,large-visibility\"><div class=\"fusion-column-wrapper fusion-column-has-shadow fusion-flex-justify-content-flex-start fusion-content-layout-column\"><div>\n\n\n  <meta charset=\"UTF-8\">\n  <meta name=\"viewport\" content=\"width=device-width, initial-scale=1.0\">\n  <title>Von TPE veranstaltete Programme<\/title>\n  <link rel=\"stylesheet\" href=\"styles.css\">\n\n\n  <main class=\"main-content\">\n    <!-- Hero Section -->\n    <section class=\"hero-section\">\n      <div class=\"hero-background\"><\/div>\n      <div class=\"hero-image-desktop\"><\/div>\n      \n      <div class=\"hero-content\">\n        <h1 class=\"hero-title\">\n  EXKLUSIVE<br> GEHOSTETE<br> PROGRAMME\n        <\/h1>\n      <\/div>\n      \n      <!-- Hero Banner -->\n      <div class=\"hero-banner\">\n        <img decoding=\"async\" src=\"data:image\/gif;base64,R0lGODlhAQABAAAAACH5BAEKAAEALAAAAAABAAEAAAICTAEAOw==\" data-orig-src=\"https:\/\/c.animaapp.com\/memdjnztYkPUbi\/assets\/sec-2-background.png\" alt=\"\" class=\"lazyload hero-banner-bg\">\n        \n        <!-- Chrome Assets -->\n        <img decoding=\"async\" src=\"data:image\/gif;base64,R0lGODlhAQABAAAAACH5BAEKAAEALAAAAAABAAEAAAICTAEAOw==\" data-orig-src=\"https:\/\/c.animaapp.com\/memdjnztYkPUbi\/assets\/chrome-asset-2@2x.png\" alt=\"\" class=\"lazyload chrome-asset-right\">\n        <img decoding=\"async\" src=\"data:image\/gif;base64,R0lGODlhAQABAAAAACH5BAEKAAEALAAAAAABAAEAAAICTAEAOw==\" data-orig-src=\"https:\/\/c.animaapp.com\/memdjnztYkPUbi\/assets\/chrome-asset-1@2x.png\" alt=\"\" class=\"lazyload chrome-asset-left\">\n        \n        <div class=\"hero-banner-content\">\n          <h2 class=\"hero-subtitle\">TPE INVESTIERT IN SIE<\/h2>\n          <p class=\"hero-description\">\n            <strong>Jedes Jahr zur TPE zur\u00fcckzukehren, hat viele Vorteile. Freier Zugang zur Messe. Kostenlose Hotelaufenthalte. Und vieles mehr!<\/strong>\n Allein im Jahr 2025 haben wir mehr als 150.000 $ f\u00fcr Treue- und Gastgeberprogramme investiert. W\u00e4hlen Sie Ihre Branche und entdecken Sie, an welchen Programmen Sie bei TPE teilnehmen k\u00f6nnen. \n          <\/p>\n        <\/div>\n      <\/div>\n    <\/section>\n\n    <!-- Category Buttons -->\n    <section class=\"category-section\">\n      <div class=\"category-buttons\">\n        <a href=\"#hosted-buyer-program\" class=\"category-button active\">K\u00c4UFER<\/a>\n        <a href=\"#hosted-distributor-program\" class=\"category-button\">VERTRIEBSSTELLE<\/a>\n        <a href=\"#hosted-international-distributor-program\" class=\"category-button\">INTERNATIONAL<\/a>\n        <a href=\"#hosted-media-program\" class=\"category-button\">MEDIEN<\/a>\n      <\/div>\n    <\/section>\n\n    <!-- Loyalty Program Section -->\n    <section class=\"program-section\">\n      <div class=\"program-container\">\n        <div class=\"program-content\">\n          <div class=\"program-text\">\n            <h2 class=\"program-title\">TREUEPROGRAMM<\/h2>\n            <div class=\"program-image mobile-image\">\n              <img class=\"lazyload\" decoding=\"async\" src=\"data:image\/gif;base64,R0lGODlhAQABAAAAACH5BAEKAAEALAAAAAABAAEAAAICTAEAOw==\" data-orig-src=\"https:\/\/c.animaapp.com\/memdjnztYkPUbi\/assets\/image-1.png\" alt=\"Gruppenfoto der Mitglieder des TPE Treueprogramms\">\n            <\/div>\n            <div class=\"program-description\">\n              <p>F\u00fcr Eink\u00e4ufer, die mehr als 3 Jahre in Folge an der TPE teilgenommen haben... Schlie\u00dfen Sie sich den mehr als 500 Treue-Mitgliedern von TPE 2025 auf der diesj\u00e4hrigen Messe an und genie\u00dfen Sie luxuri\u00f6se Verg\u00fcnstigungen, wie z.B. ein hochwertiges Hotelzimmer bei uns! Wenn Sie drei oder mehr Jahre als qualifizierter Eink\u00e4ufer an der Messe teilgenommen haben, k\u00f6nnten Sie sich f\u00fcr den VIP-Status qualifizieren. <\/p>\n              <p class=\"program-note\">Die Anmeldung f\u00fcr das Programm beginnt FR\u00dcH am 23. September.<\/p>\n              <p class=\"benefits-title\">Zu den Vorteilen geh\u00f6ren:<\/p>\n              <ul class=\"benefits-list\">\n                <li>Zwei kostenlose Hotel\u00fcbernachtungen <strong>mit Upgrade<\/strong> im Resort World<\/li>\n                <li>Kostenlose Anmeldung zur Ausstellung<\/li>\n                <li>Dankesch\u00f6n-Geschenk (ein privater Vorrat an TPE-Merchandise und Ausstellerprodukten)<\/li>\n                <li>Vorrangige Abholung von Ausweisen<\/li>\n              <\/ul>\n            <\/div>\n            <a href=\"https:\/\/totalproductexpo.com\/contact\/\" class=\"contact-button\">\n              <span>KONTAKT US<\/span>\n            <\/a>\n          <\/div>\n          <div class=\"program-image desktop-image\">\n            <img class=\"lazyload\" decoding=\"async\" src=\"data:image\/gif;base64,R0lGODlhAQABAAAAACH5BAEKAAEALAAAAAABAAEAAAICTAEAOw==\" data-orig-src=\"https:\/\/c.animaapp.com\/memdjnztYkPUbi\/assets\/image-1.png\" alt=\"Gruppenfoto der Mitglieder des TPE Treueprogramms\">\n          <\/div>\n        <\/div>\n      <\/div>\n    <\/section>\n\n    <!-- Hosted Buyer Program Section -->\n    <section class=\"program-section\" id=\"hosted-buyer-program\">\n      <div class=\"program-container\">\n        <div class=\"program-content\">\n          <div class=\"program-text\">\n            <h2 class=\"program-title\">HOSTED BUYER PROGRAMM<\/h2>\n            <div class=\"program-image mobile-image\">\n              <img class=\"lazyload\" decoding=\"async\" src=\"data:image\/gif;base64,R0lGODlhAQABAAAAACH5BAEKAAEALAAAAAABAAEAAAICTAEAOw==\" data-orig-src=\"https:\/\/c.animaapp.com\/eBvhT3Gm\/img\/image-2.png\" alt=\"Messebesucher an einem Stand\">\n            <\/div>\n            <div class=\"program-description\">\n              <p>F\u00fcr qualifizierte, von TPE handverlesene K\u00e4ufer...<\/p>\n              <p>Ausgew\u00e4hlte H\u00e4ndler, die f\u00fcr den Premier-Status in Frage kommen, sind oft nur ein Jahr davon entfernt, den Loyalit\u00e4tsstatus zu erhalten. Kontaktieren Sie das Showteam f\u00fcr weitere Informationen. <\/p>\n              <p class=\"benefits-title\">Zu den Vorteilen geh\u00f6ren:<\/p>\n              <ul class=\"benefits-list\">\n                <li>Zwei kostenlose \u00dcbernachtungen im Sahara Hotel<\/li>\n                <li>Kostenlose Anmeldung zur Ausstellung<\/li>\n              <\/ul>\n            <\/div>\n          <\/div>\n          <div class=\"program-image desktop-image\">\n            <img class=\"lazyload\" decoding=\"async\" src=\"data:image\/gif;base64,R0lGODlhAQABAAAAACH5BAEKAAEALAAAAAABAAEAAAICTAEAOw==\" data-orig-src=\"https:\/\/c.animaapp.com\/eBvhT3Gm\/img\/image-2.png\" alt=\"Messebesucher an einem Stand\">\n          <\/div>\n        <\/div>\n      <\/div>\n    <\/section>\n\n    <!-- Hosted Distributor Program Section -->\n    <section class=\"program-section\" id=\"hosted-distributor-program\">\n      <div class=\"program-container\">\n        <div class=\"program-content\">\n          <div class=\"program-text\">\n            <h2 class=\"program-title\">HOSTED DISTRIBUTOR PROGRAMM<\/h2>\n            <div class=\"program-image mobile-image\">\n              <img class=\"lazyload\" decoding=\"async\" src=\"data:image\/gif;base64,R0lGODlhAQABAAAAACH5BAEKAAEALAAAAAABAAEAAAICTAEAOw==\" data-orig-src=\"https:\/\/c.animaapp.com\/iZRz1WGl\/img\/image-3.png\" alt=\"Vertriebspartner-Programm\">\n            <\/div>\n            <div class=\"program-description\">\n              <p>F\u00fcr qualifizierte, von TPE handverlesene Vertriebspartner...<\/p>\n              <p>Erledigen Sie Ihre Gesch\u00e4fte auf der Messe und bezahlen Sie Ihr hochwertiges Hotelzimmer bei uns! Lassen Sie sich ruhig verw\u00f6hnen. Diese besondere Behandlung ist uns ein Vergn\u00fcgen.  <\/p>\n              <p class=\"benefits-title\">Zu den Vorteilen geh\u00f6ren:<\/p>\n              <p>- Zwei kostenlose Hotel\u00fcbernachtungen <strong>mit Upgrade<\/strong> im Resort World<br> - Kostenlose Anmeldung zur Show<\/p>\n            <\/div>\n          <\/div>\n          <div class=\"program-image desktop-image\">\n            <img class=\"lazyload\" decoding=\"async\" src=\"data:image\/gif;base64,R0lGODlhAQABAAAAACH5BAEKAAEALAAAAAABAAEAAAICTAEAOw==\" data-orig-src=\"https:\/\/c.animaapp.com\/iZRz1WGl\/img\/image-3.png\" alt=\"Vertriebspartner-Programm\">\n          <\/div>\n        <\/div>\n      <\/div>\n    <\/section>\n\n    <!-- Hosted International Distributor Program Section -->\n    <section class=\"program-section\" id=\"hosted-international-distributor-program\">\n      <div class=\"program-container\">\n        <div class=\"program-content\">\n          <div class=\"program-text\">\n            <h2 class=\"program-title\">GEHOSTETES INTERNATIONALES VERTRIEBSPARTNERPROGRAMM<\/h2>\n            <div class=\"program-image mobile-image\">\n              <img class=\"lazyload\" decoding=\"async\" src=\"data:image\/gif;base64,R0lGODlhAQABAAAAACH5BAEKAAEALAAAAAABAAEAAAICTAEAOw==\" data-orig-src=\"https:\/\/c.animaapp.com\/DaL925hq\/img\/image-4.png\" alt=\"Internationales Vertriebspartnerprogramm\">\n            <\/div>\n            <div class=\"program-description\">\n              <p>F\u00fcr qualifizierte internationale Vertriebspartner, die nach TPE kommen...<\/p>\n              <p>Wir sch\u00e4tzen Vertriebspartner, die \u00fcber Kontinente hinweg reisen, um Gesch\u00e4fte zu machen - und wir m\u00f6chten Ihre Reise so reibungslos wie m\u00f6glich gestalten. Freuen Sie sich auf eine zus\u00e4tzliche \u00dcbernachtung und einen Geschenkgutschein, um die Reisekosten zu decken. <\/p>\n              <p class=\"benefits-title\">Zu den Vorteilen geh\u00f6ren:<\/p>\n              <ul class=\"benefits-list\">\n                <li>Drei kostenlose \u00dcbernachtungen im Sahara Hotel<\/li>\n                <li>$100 Geschenkkarte<\/li>\n                <li>Kostenlose Anmeldung zur Ausstellung<\/li>\n              <\/ul>\n            <\/div>\n          <\/div>\n          <div class=\"program-image desktop-image\">\n            <img class=\"lazyload\" decoding=\"async\" src=\"data:image\/gif;base64,R0lGODlhAQABAAAAACH5BAEKAAEALAAAAAABAAEAAAICTAEAOw==\" data-orig-src=\"https:\/\/c.animaapp.com\/DaL925hq\/img\/image-4.png\" alt=\"Internationales Vertriebspartnerprogramm\">\n          <\/div>\n        <\/div>\n      <\/div>\n    <\/section>\n\n    <!-- Hosted Media Program Section -->\n    <section class=\"program-section\" id=\"hosted-media-program\">\n      <div class=\"program-container\">\n        <div class=\"program-content\">\n          <div class=\"program-text\">\n            <h2 class=\"program-title\">HOSTED MEDIA PROGRAMM<\/h2>\n            <div class=\"program-image mobile-image\">\n              <img class=\"lazyload\" decoding=\"async\" src=\"data:image\/gif;base64,R0lGODlhAQABAAAAACH5BAEKAAEALAAAAAABAAEAAAICTAEAOw==\" data-orig-src=\"https:\/\/c.animaapp.com\/Kirwws0e\/img\/image-5.png\" alt=\"Medienprogramm\">\n            <\/div>\n            <div class=\"program-description\">\n              <p>Exklusiver Zugang zur Etage f\u00fcr diejenigen, die TPE...<\/p>\n              <p>Handverlesene Medien erhalten einen ersten Blick und einfachen Zugang, um Ihr Ding zu machen. Und daf\u00fcr, dass Sie TPE ins Rampenlicht ger\u00fcckt haben, m\u00f6chten wir uns mit einigen besonderen Verg\u00fcnstigungen revanchieren. <\/p>\n              <p class=\"benefits-title\">Die Vorteile umfassen f\u00fcr ausgew\u00e4hlte Medien:<\/p>\n              <ul class=\"benefits-list\">\n                <li>Zwei kostenlose \u00dcbernachtungen im Sahara Hotel<\/li>\n                <li>Kostenlose Anmeldung zur Ausstellung<\/li>\n                <li>Eine Stunde fr\u00fcherer Zugang zur Ausstellung<\/li>\n              <\/ul>\n            <\/div>\n          <\/div>\n          <div class=\"program-image desktop-image\">\n            <img class=\"lazyload\" decoding=\"async\" src=\"data:image\/gif;base64,R0lGODlhAQABAAAAACH5BAEKAAEALAAAAAABAAEAAAICTAEAOw==\" data-orig-src=\"https:\/\/c.animaapp.com\/Kirwws0e\/img\/image-5.png\" alt=\"Medienprogramm\">\n          <\/div>\n        <\/div>\n      <\/div>\n    <\/section>\n\n    <!-- CTA Section -->\n    <section class=\"cta-section\">\n      <div class=\"cta-background\">\n        <video class=\"cta-video\" autoplay=\"\" muted=\"\" loop=\"\" playsinline=\"\">\n          <source src=\"https:\/\/totalproductexpo.com\/wp-content\/uploads\/2025\/08\/HB-Video-Background.mp4\" type=\"video\/mp4\">\n          <div class=\"video-fallback\"><\/div>\n        <\/source><\/video>\n        <div class=\"cta-overlay\"><\/div>\n      <\/div>\n      \n      <img decoding=\"async\" src=\"data:image\/gif;base64,R0lGODlhAQABAAAAACH5BAEKAAEALAAAAAABAAEAAAICTAEAOw==\" data-orig-src=\"https:\/\/c.animaapp.com\/memdjnztYkPUbi\/assets\/chrome-asset-1@2x.png\" alt=\"\" class=\"lazyload cta-chrome-left\">\n      <img decoding=\"async\" src=\"data:image\/gif;base64,R0lGODlhAQABAAAAACH5BAEKAAEALAAAAAABAAEAAAICTAEAOw==\" data-orig-src=\"https:\/\/c.animaapp.com\/memdjnztYkPUbi\/assets\/chrome-asset-2@2x.png\" alt=\"\" class=\"lazyload cta-chrome-right\">\n      \n      <div class=\"cta-content\">\n        <h2 class=\"cta-title\">MEHR LERNEN<\/h2>\n        <p class=\"cta-description\">Wenn Sie Fragen zu einem oder mehreren dieser Programme haben, sind wir gerne f\u00fcr Sie da.<\/p>\n        <a href=\"https:\/\/totalproductexpo.com\/contact\/\" class=\"contact-button\">\n          <span>KONTAKT US<\/span>\n        <\/a>\n      <\/div>\n    <\/section>\n\n    <!-- Mobile Spacer Section (matches footer background) -->\n    <section class=\"mobile-spacer\"><\/section>\n  <\/main>\n\n\n<\/div><\/div><\/div><\/div><\/div>\n","protected":false},"excerpt":{"rendered":"","protected":false},"author":25,"featured_media":0,"parent":0,"menu_order":0,"comment_status":"closed","ping_status":"closed","template":"100-width.php","meta":{"footnotes":""},"class_list":["post-54753","page","type-page","status-publish","hentry"],"yoast_head":"<!-- This site is optimized with the Yoast SEO plugin v26.1.1 - https:\/\/yoast.com\/wordpress\/plugins\/seo\/ -->\n<title>Exklusive Hosted-Programme &#8211; TPE | Total Product Expo<\/title>\n<meta name=\"robots\" content=\"index, follow, max-snippet:-1, max-image-preview:large, max-video-preview:-1\" \/>\n<link rel=\"canonical\" href=\"https:\/\/totalproductexpo.com\/de\/exklusive-gehostete-programme\/\" \/>\n<meta property=\"og:locale\" content=\"de_DE\" \/>\n<meta property=\"og:type\" content=\"article\" \/>\n<meta property=\"og:title\" content=\"Exklusive Hosted-Programme &#8211; TPE | Total Product Expo\" \/>\n<meta property=\"og:url\" content=\"https:\/\/totalproductexpo.com\/de\/exklusive-gehostete-programme\/\" \/>\n<meta property=\"og:site_name\" content=\"TPE | Total Product Expo\" \/>\n<meta property=\"article:publisher\" content=\"https:\/\/www.facebook.com\/totalproductexpo\/\" \/>\n<meta property=\"article:modified_time\" content=\"2025-11-13T18:39:18+00:00\" \/>\n<meta name=\"twitter:card\" content=\"summary_large_image\" \/>\n<meta name=\"twitter:site\" content=\"@totalproductxpo\" \/>\n<meta name=\"twitter:label1\" content=\"Est. reading time\" \/>\n\t<meta name=\"twitter:data1\" content=\"13 minutes\" \/>\n<script type=\"application\/ld+json\" class=\"yoast-schema-graph\">{\"@context\":\"https:\/\/schema.org\",\"@graph\":[{\"@type\":\"WebPage\",\"@id\":\"https:\/\/totalproductexpo.com\/de\/exklusive-gehostete-programme\/\",\"url\":\"https:\/\/totalproductexpo.com\/de\/exklusive-gehostete-programme\/\",\"name\":\"Exklusive Hosted-Programme &#8211; TPE | Total Product Expo\",\"isPartOf\":{\"@id\":\"https:\/\/totalproductexpo.com\/de\/#website\"},\"datePublished\":\"2025-08-20T03:10:57+00:00\",\"dateModified\":\"2025-11-13T18:39:18+00:00\",\"breadcrumb\":{\"@id\":\"https:\/\/totalproductexpo.com\/de\/exklusive-gehostete-programme\/#breadcrumb\"},\"inLanguage\":\"de-DE\",\"potentialAction\":[{\"@type\":\"ReadAction\",\"target\":[\"https:\/\/totalproductexpo.com\/de\/exklusive-gehostete-programme\/\"]}]},{\"@type\":\"BreadcrumbList\",\"@id\":\"https:\/\/totalproductexpo.com\/de\/exklusive-gehostete-programme\/#breadcrumb\",\"itemListElement\":[{\"@type\":\"ListItem\",\"position\":1,\"name\":\"Home\",\"item\":\"https:\/\/totalproductexpo.com\/de\/\"},{\"@type\":\"ListItem\",\"position\":2,\"name\":\"Exklusive Hosted-Programme\"}]},{\"@type\":\"WebSite\",\"@id\":\"https:\/\/totalproductexpo.com\/de\/#website\",\"url\":\"https:\/\/totalproductexpo.com\/de\/\",\"name\":\"TPE | Total Product Expo\",\"description\":\"Tobacco \u2022 Vapor \u2022\u00a0Alternative B2B Trade Show\",\"publisher\":{\"@id\":\"https:\/\/totalproductexpo.com\/de\/#organization\"},\"alternateName\":\"Total Product Expo\",\"potentialAction\":[{\"@type\":\"SearchAction\",\"target\":{\"@type\":\"EntryPoint\",\"urlTemplate\":\"https:\/\/totalproductexpo.com\/de\/?s={search_term_string}\"},\"query-input\":{\"@type\":\"PropertyValueSpecification\",\"valueRequired\":true,\"valueName\":\"search_term_string\"}}],\"inLanguage\":\"de-DE\"},{\"@type\":\"Organization\",\"@id\":\"https:\/\/totalproductexpo.com\/de\/#organization\",\"name\":\"Total Product Events\",\"alternateName\":\"Total Product Expo\",\"url\":\"https:\/\/totalproductexpo.com\/de\/\",\"logo\":{\"@type\":\"ImageObject\",\"inLanguage\":\"de-DE\",\"@id\":\"https:\/\/totalproductexpo.com\/de\/#\/schema\/logo\/image\/\",\"url\":\"https:\/\/totalproductexpo.com\/wp-content\/uploads\/2024\/06\/TPExpo-TPEvents-Logo_696px-jpg.webp\",\"contentUrl\":\"https:\/\/totalproductexpo.com\/wp-content\/uploads\/2024\/06\/TPExpo-TPEvents-Logo_696px-jpg.webp\",\"width\":696,\"height\":696,\"caption\":\"Total Product Events\"},\"image\":{\"@id\":\"https:\/\/totalproductexpo.com\/de\/#\/schema\/logo\/image\/\"},\"sameAs\":[\"https:\/\/www.facebook.com\/totalproductexpo\/\",\"https:\/\/x.com\/totalproductxpo\",\"https:\/\/www.instagram.com\/totalproductexpo\/\",\"https:\/\/www.linkedin.com\/company\/totalproductexpo\",\"https:\/\/www.youtube.com\/channel\/UCeZ7S2zlSGbA9KzB3eVjWAw\"]}]}<\/script>\n<!-- \/ Yoast SEO plugin. -->","yoast_head_json":{"title":"Exklusive Hosted-Programme &#8211; TPE | Total Product Expo","robots":{"index":"index","follow":"follow","max-snippet":"max-snippet:-1","max-image-preview":"max-image-preview:large","max-video-preview":"max-video-preview:-1"},"canonical":"https:\/\/totalproductexpo.com\/de\/exklusive-gehostete-programme\/","og_locale":"de_DE","og_type":"article","og_title":"Exklusive Hosted-Programme &#8211; TPE | Total Product Expo","og_url":"https:\/\/totalproductexpo.com\/de\/exklusive-gehostete-programme\/","og_site_name":"TPE | Total Product Expo","article_publisher":"https:\/\/www.facebook.com\/totalproductexpo\/","article_modified_time":"2025-11-13T18:39:18+00:00","twitter_card":"summary_large_image","twitter_site":"@totalproductxpo","twitter_misc":{"Est. reading time":"13 minutes"},"schema":{"@context":"https:\/\/schema.org","@graph":[{"@type":"WebPage","@id":"https:\/\/totalproductexpo.com\/de\/exklusive-gehostete-programme\/","url":"https:\/\/totalproductexpo.com\/de\/exklusive-gehostete-programme\/","name":"Exklusive Hosted-Programme &#8211; TPE | Total Product Expo","isPartOf":{"@id":"https:\/\/totalproductexpo.com\/de\/#website"},"datePublished":"2025-08-20T03:10:57+00:00","dateModified":"2025-11-13T18:39:18+00:00","breadcrumb":{"@id":"https:\/\/totalproductexpo.com\/de\/exklusive-gehostete-programme\/#breadcrumb"},"inLanguage":"de-DE","potentialAction":[{"@type":"ReadAction","target":["https:\/\/totalproductexpo.com\/de\/exklusive-gehostete-programme\/"]}]},{"@type":"BreadcrumbList","@id":"https:\/\/totalproductexpo.com\/de\/exklusive-gehostete-programme\/#breadcrumb","itemListElement":[{"@type":"ListItem","position":1,"name":"Home","item":"https:\/\/totalproductexpo.com\/de\/"},{"@type":"ListItem","position":2,"name":"Exklusive Hosted-Programme"}]},{"@type":"WebSite","@id":"https:\/\/totalproductexpo.com\/de\/#website","url":"https:\/\/totalproductexpo.com\/de\/","name":"TPE | Total Product Expo","description":"Tobacco \u2022 Vapor \u2022\u00a0Alternative B2B Trade Show","publisher":{"@id":"https:\/\/totalproductexpo.com\/de\/#organization"},"alternateName":"Total Product Expo","potentialAction":[{"@type":"SearchAction","target":{"@type":"EntryPoint","urlTemplate":"https:\/\/totalproductexpo.com\/de\/?s={search_term_string}"},"query-input":{"@type":"PropertyValueSpecification","valueRequired":true,"valueName":"search_term_string"}}],"inLanguage":"de-DE"},{"@type":"Organization","@id":"https:\/\/totalproductexpo.com\/de\/#organization","name":"Total Product Events","alternateName":"Total Product Expo","url":"https:\/\/totalproductexpo.com\/de\/","logo":{"@type":"ImageObject","inLanguage":"de-DE","@id":"https:\/\/totalproductexpo.com\/de\/#\/schema\/logo\/image\/","url":"https:\/\/totalproductexpo.com\/wp-content\/uploads\/2024\/06\/TPExpo-TPEvents-Logo_696px-jpg.webp","contentUrl":"https:\/\/totalproductexpo.com\/wp-content\/uploads\/2024\/06\/TPExpo-TPEvents-Logo_696px-jpg.webp","width":696,"height":696,"caption":"Total Product Events"},"image":{"@id":"https:\/\/totalproductexpo.com\/de\/#\/schema\/logo\/image\/"},"sameAs":["https:\/\/www.facebook.com\/totalproductexpo\/","https:\/\/x.com\/totalproductxpo","https:\/\/www.instagram.com\/totalproductexpo\/","https:\/\/www.linkedin.com\/company\/totalproductexpo","https:\/\/www.youtube.com\/channel\/UCeZ7S2zlSGbA9KzB3eVjWAw"]}]}},"_links":{"self":[{"href":"https:\/\/totalproductexpo.com\/de\/wp-json\/wp\/v2\/pages\/54753","targetHints":{"allow":["GET"]}}],"collection":[{"href":"https:\/\/totalproductexpo.com\/de\/wp-json\/wp\/v2\/pages"}],"about":[{"href":"https:\/\/totalproductexpo.com\/de\/wp-json\/wp\/v2\/types\/page"}],"author":[{"embeddable":true,"href":"https:\/\/totalproductexpo.com\/de\/wp-json\/wp\/v2\/users\/25"}],"replies":[{"embeddable":true,"href":"https:\/\/totalproductexpo.com\/de\/wp-json\/wp\/v2\/comments?post=54753"}],"version-history":[{"count":26,"href":"https:\/\/totalproductexpo.com\/de\/wp-json\/wp\/v2\/pages\/54753\/revisions"}],"predecessor-version":[{"id":55877,"href":"https:\/\/totalproductexpo.com\/de\/wp-json\/wp\/v2\/pages\/54753\/revisions\/55877"}],"wp:attachment":[{"href":"https:\/\/totalproductexpo.com\/de\/wp-json\/wp\/v2\/media?parent=54753"}],"curies":[{"name":"wp","href":"https:\/\/api.w.org\/{rel}","templated":true}]}}