{"id":55567,"date":"2025-10-23T13:59:27","date_gmt":"2025-10-23T20:59:27","guid":{"rendered":"https:\/\/totalproductexpo.com\/bildung\/"},"modified":"2025-10-31T11:32:38","modified_gmt":"2025-10-31T18:32:38","slug":"bildung","status":"publish","type":"page","link":"https:\/\/totalproductexpo.com\/de\/bildung\/","title":{"rendered":"BILDUNG"},"content":{"rendered":"<div class=\"fusion-fullwidth fullwidth-box fusion-builder-row-1 fusion-flex-container has-pattern-background has-mask-background hundred-percent-fullwidth non-hundred-percent-height-scrolling\" style=\"--awb-background-position:center bottom;--awb-border-radius-top-left:0px;--awb-border-radius-top-right:0px;--awb-border-radius-bottom-right:0px;--awb-border-radius-bottom-left:0px;--awb-padding-right-small:0px;--awb-padding-left-small:0px;--awb-background-color:var(--awb-color8);--awb-background-size:cover;--awb-flex-wrap:wrap;\" ><div class=\"fusion-builder-row fusion-row fusion-flex-align-items-flex-start fusion-flex-justify-content-center fusion-flex-content-wrap\" style=\"width:calc( 100% + 0px ) !important;max-width:calc( 100% + 0px ) !important;margin-left: calc(-0px \/ 2 );margin-right: calc(-0px \/ 2 );\"><div class=\"fusion-layout-column fusion_builder_column fusion-builder-column-0 fusion_builder_column_1_1 1_1 fusion-flex-column\" style=\"--awb-overflow:visible;--awb-bg-size:cover;--awb-width-large:100%;--awb-spacing-right-large:0px;--awb-spacing-left-large:0px;--awb-width-medium:100%;--awb-order-medium:0;--awb-spacing-right-medium:0px;--awb-spacing-left-medium:0px;--awb-width-small:100%;--awb-order-small:0;--awb-spacing-right-small:0px;--awb-spacing-left-small:0px;\" data-scroll-devices=\"small-visibility,medium-visibility,large-visibility\"><div class=\"fusion-column-wrapper fusion-column-has-shadow fusion-flex-justify-content-flex-start fusion-content-layout-column\"><div>\n\n\n    <meta charset=\"UTF-8\">\n    <meta name=\"viewport\" content=\"width=device-width, initial-scale=1.0\">\n    <title>TPE Bildung - Lernen. Anpassen. Wachsen.  <\/title>\n    <link rel=\"stylesheet\" href=\"bildung-styles.css\">\n    <!-- Google Fonts -->\n    <link href=\"https:\/\/fonts.googleapis.com\/css2?family=Orbitron:wght@400;700;900&family=Ubuntu:wght@300;400;500;700&display=swap\" rel=\"stylesheet\">\n\n\n    <div class=\"page-wrapper\">\n        <!-- Hero Section -->\n        <section class=\"hero-section\">\n            <!-- Video Background -->\n            <video class=\"hero-video\" autoplay=\"\" loop=\"\" muted=\"\" playsinline=\"\">\n                <source src=\"https:\/\/totalproductexpo.com\/wp-content\/uploads\/2025\/10\/abstract-blurred-particle-background.mp4\" type=\"video\/mp4\">\n            <\/source><\/video>\n\n            <!-- Gradient overlay -->\n            <div class=\"hero-gradient-overlay\"><\/div>\n\n            <div class=\"hero-content\">\n                <div class=\"hero-title-wrapper\">\n                    <div class=\"hero-title\" style=\"font-family: 'Orbitron', sans-serif; font-weight: bold; color: rgb(168,255,3); letter-spacing: 0.2em; line-height: 1.2; text-transform: uppercase; margin: 0 0 1rem 0;\">LERNEN. ANPASSEN. WACHSEN.  <\/div>\n                <\/div>\n            <\/div>\n        <\/section>\n\n        <!-- Main Content Section -->\n        <section class=\"content-section\">\n            <div class=\"content-grid\">\n                <!-- Image with neon border -->\n                <div class=\"image-wrapper\">\n                    <div class=\"image-inner\">\n                        <img decoding=\"async\" src=\"data:image\/gif;base64,R0lGODlhAQABAAAAACH5BAEKAAEALAAAAAABAAEAAAICTAEAOw==\" data-orig-src=\"https:\/\/totalproductexpo.com\/wp-content\/uploads\/2025\/10\/edu-silent-session.png\" alt=\"Bildungssession auf der Messe\" class=\"lazyload content-image\">\n                    <\/div>\n                <\/div>\n\n                <!-- Content -->\n                <div class=\"content-text\">\n                    <h2 class=\"content-heading\">Vorne bleiben: Unverzichtbare Ausbildung f\u00fcr Einzelh\u00e4ndler von heute<\/h2>\n                    <p class=\"content-paragraph\">\n  Nehmen Sie an unseren Bildungsveranstaltungen teil, die ausschlie\u00dflich f\u00fcr Einzelh\u00e4ndler gedacht sind, die auf dem sich st\u00e4ndig weiterentwickelnden Markt die Nase vorn haben wollen. Erfahren Sie von Branchenexperten, wie sie die neuesten Tabakvorschriften, Aktualisierungen der lokalen Beh\u00f6rden und neue Produkttrends, die sich auf Ihr Gesch\u00e4ft auswirken, aufschl\u00fcsseln. Entdecken Sie, welche Produkte den Umsatz ankurbeln, wie Sie Ihr Gesch\u00e4ft erfolgreich positionieren und wie Sie Ihre Sichtbarkeit durch effektives Marketing in den sozialen Medien erh\u00f6hen k\u00f6nnen. Gehen Sie mit umsetzbaren Erkenntnissen und Strategien nach Hause, die Ihrem Gesch\u00e4ft helfen, in einer wettbewerbsorientierten Einzelhandelslandschaft erfolgreich zu sein.   \n                    <\/p>\n\t\t\t\t\t<p class=\"content-paragraph\">\n  Die Vortr\u00e4ge werden w\u00e4hrend der gesamten Dauer der Messe gehalten.\n                    <\/p>\n                    <div class=\"button-wrapper\">\n                        <a href=\"https:\/\/registration.experientevent.com\/ShowTPE261?_gl=1*1sl1mic*_gcl_au*MTMxOTQzOTgxOS4xNzU2OTcwNzIyLjU3NjgzNTYzLjE3NjA2ODE5MTguMTc2MDY4MTkzOQ..*_ga*MTQ3NDM4MDI3MC4xNzQ5MTU3MzQy*_ga_K6D2EZJVRM*czE3NjE5MzI4NzIkbzIzMCRnMSR0MTc2MTkzNTQyMiRqNTkkbDAkaDA.\" class=\"cta-button\">RESERVIEREN SIE IHREN PLATZ<\/a>\n                    <\/div>\n                <\/div>\n            <\/div>\n        <\/section>\n\n        <!-- Info Section -->\n        <section class=\"info-section\">\n            <div class=\"info-content\">\n                <div class=\"info-heading\" style=\"color: #a8ff03; font-family: 'Orbitron', sans-serif; font-weight: bold; text-transform: uppercase; line-height: 1.2; margin: 0; padding: 0; letter-spacing: 0.025em;\">Erweitern Sie Ihr Wissen.<br>Erweitern Sie Ihr Gesch\u00e4ft.<\/div>\n                <p class=\"info-paragraph\" style=\"text-align: center; max-width: 900px; margin: 0 auto; padding: 0 2rem;\">\n  Nehmen Sie an den von Experten geleiteten Bildungsveranstaltungen auf der TPE 2026 teil, wo Einzelh\u00e4ndler, Marken und Vordenker zusammenkommen, um sich \u00fcber die neuesten Produkte und die Politik zu informieren, die die Tabak-, Vape- und alternative Industrie pr\u00e4gen.\n                <\/p>\n            <\/div>\n        <\/section>\n\n        <!-- Categories Ticker -->\n        <section class=\"ticker-section\">\n            <div class=\"ticker-wrapper\">\n                <div class=\"ticker-content\">\n                    <div class=\"ticker-scroll\">\n                        <div class=\"ticker-items\">\n                            <span class=\"ticker-text\">REGELN<\/span>\n                            <span class=\"ticker-star\">\u2605<\/span>\n                            <span class=\"ticker-text\">EINZELHANDEL WACHSTUM<\/span>\n                            <span class=\"ticker-star\">\u2605<\/span>\n                            <span class=\"ticker-text\">VERMARKTUNG<\/span>\n                            <span class=\"ticker-star\">\u2605<\/span>\n                            <span class=\"ticker-text\">VERBRAUCHERTRENDS<\/span>\n                            <span class=\"ticker-star\">\u2605<\/span>\n                        <\/div>\n                        <div class=\"ticker-items\">\n                            <span class=\"ticker-text\">REGELN<\/span>\n                            <span class=\"ticker-star\">\u2605<\/span>\n                            <span class=\"ticker-text\">EINZELHANDEL WACHSTUM<\/span>\n                            <span class=\"ticker-star\">\u2605<\/span>\n                            <span class=\"ticker-text\">VERMARKTUNG<\/span>\n                            <span class=\"ticker-star\">\u2605<\/span>\n                            <span class=\"ticker-text\">VERBRAUCHERTRENDS<\/span>\n                            <span class=\"ticker-star\">\u2605<\/span>\n                        <\/div>\n                        <div class=\"ticker-items\">\n                            <span class=\"ticker-text\">REGELN<\/span>\n                            <span class=\"ticker-star\">\u2605<\/span>\n                            <span class=\"ticker-text\">EINZELHANDEL WACHSTUM<\/span>\n                            <span class=\"ticker-star\">\u2605<\/span>\n                            <span class=\"ticker-text\">VERMARKTUNG<\/span>\n                            <span class=\"ticker-star\">\u2605<\/span>\n                            <span class=\"ticker-text\">VERBRAUCHERTRENDS<\/span>\n                            <span class=\"ticker-star\">\u2605<\/span>\n                        <\/div>\n                    <\/div>\n                <\/div>\n            <\/div>\n        <\/section>\n\n        <!-- Stats Section -->\n        <section class=\"stats-section\">\n            <div class=\"stats-grid\">\n                <div class=\"stat-card\">\n                    <svg class=\"stat-icon\" viewbox=\"0 0 24 24\" fill=\"none\" stroke=\"currentColor\" stroke-width=\"2\">\n                        <path d=\"M4 19.5A2.5 2.5 0 0 1 6.5 17H20\"><\/path>\n                        <path d=\"M6.5 2H20v20H6.5A2.5 2.5 0 0 1 4 19.5v-15A2.5 2.5 0 0 1 6.5 2z\"><\/path>\n                    <\/svg>\n                    <div class=\"stat-number\">7<\/div>\n                    <div class=\"stat-label\">SESSIONEN<\/div>\n                <\/div>\n\n                <div class=\"stat-card\">\n                    <svg class=\"stat-icon\" viewbox=\"0 0 24 24\" fill=\"none\" stroke=\"currentColor\" stroke-width=\"2\">\n                        <path d=\"M16 21v-2a4 4 0 0 0-4-4H6a4 4 0 0 0-4 4v2\"><\/path>\n                        <circle cx=\"9\" cy=\"7\" r=\"4\"\/>\n                        <path d=\"M22 21v-2a4 4 0 0 0-3-3.87\"><\/path>\n                        <path d=\"M16 3.13a4 4 0 0 1 0 7.75\"><\/path>\n                    <\/svg>\n                    <div class=\"stat-number\">9<\/div>\n                    <div class=\"stat-label\">EXPERTEN<\/div>\n                <\/div>\n\n                <div class=\"stat-card\">\n                    <svg class=\"stat-icon\" viewbox=\"0 0 24 24\" fill=\"none\" stroke=\"currentColor\" stroke-width=\"2\">\n                        <polyline points=\"22 7 13.5 15.5 8.5 10.5 2 17\"><\/polyline>\n                        <polyline points=\"16 7 22 7 22 13\"><\/polyline>\n                    <\/svg>\n                    <div class=\"stat-number\">3<\/div>\n                    <div class=\"stat-label\">TAGE DES LERNENS<\/div>\n                <\/div>\n            <\/div>\n        <\/section>\n\n        <!-- Session Categories Section -->\n        <section class=\"categories-section\">\n            <h2 class=\"section-heading\">Session Kategorien<\/h2>\n            <p class=\"section-subtext\" style=\"text-align: center; margin: 0 auto 3rem auto; padding: 0 2rem;\">Weitere Vortragskategorien und Redner werden aktualisiert, sobald sie best\u00e4tigt sind. Die Vortr\u00e4ge werden w\u00e4hrend der gesamten Dauer der Messe gehalten.<\/p>\n            \n            <div class=\"categories-grid\">\n                <div class=\"category-card\">\n                    <h3 class=\"category-title\">Vorschriften & Compliance<\/h3>\n                    <p class=\"category-subtitle\">Entdecken Sie, was bei der Tabak- und Nikotinaufsicht als n\u00e4chstes ansteht.<\/p>\n                    <ul class=\"category-list\">\n                        <li>FDA PMTA & Durchsetzungs-Updates<\/li>\n                        <li>Aussichten f\u00fcr die Gesetzgebung auf Bundes- und Landesebene<\/li>\n                        <li>Zu beachtende lokale Vorschriften<\/li>\n                    <\/ul>\n                    <p class=\"category-speakers\"><span class=\"speakers-label\">Redner:<\/span> David Spross, Josh Pruett<\/p>\n                <\/div>\n\n                <div class=\"category-card\">\n                    <h3 class=\"category-title\">Einzelhandel Strategie & Wachstum<\/h3>\n                    <p class=\"category-subtitle\">Machen Sie Ihr Gesch\u00e4ft zu einem Ziel.<\/p>\n                    <ul class=\"category-list\">\n                        <li>Wie Sie Ihren Produktmix diversifizieren (Vape, Pilze, Geschenke und mehr)<\/li>\n                        <li>Social Media Marketing Tipps f\u00fcr Einzelh\u00e4ndler<\/li>\n                    <\/ul>\n                    <p class=\"category-speakers\"><span class=\"speakers-label\">Redner:<\/span> Chad & Isabella Wade<\/p>\n                <\/div>\n\n                <div class=\"category-card\">\n                    <h3 class=\"category-title\">Branchentrends & Einblicke in die Verbraucherwelt<\/h3>\n                    <p class=\"category-subtitle\">Sehen Sie, was bei alternativen Produkten als n\u00e4chstes ansteht.<\/p>\n                    <ul class=\"category-list\">\n                        <li>Datengest\u00fctzte Erkenntnisse \u00fcber CBD, Kratom, Pilze und Hanf THC<\/li>\n                        <li>Trends auf dem Nikotin-, Vape- und Beutelmarkt<\/li>\n                    <\/ul>\n                    <p class=\"category-speakers\"><span class=\"speakers-label\">Redner:<\/span> Kate Stevenson Floyd, Brightfield Gruppe<\/p>\n                <\/div>\n            <\/div>\n        <\/section>\n\n        <!-- Speakers Section -->\n        <section class=\"speakers-section\">\n            <h2 class=\"section-heading\">Redner<\/h2>\n            \n            <div class=\"speakers-grid\">\n                <div class=\"speaker-image-wrapper\">\n                    <img decoding=\"async\" src=\"data:image\/gif;base64,R0lGODlhAQABAAAAACH5BAEKAAEALAAAAAABAAEAAAICTAEAOw==\" data-orig-src=\"https:\/\/images.unsplash.com\/flagged\/photo-1564401398070-9a0ec00bd38a?crop=entropy&cs=tinysrgb&fit=max&fm=jpg&ixid=M3w3Nzg4Nzd8MHwxfHNlYXJjaHwxfHxwcm9mZXNzaW9uYWwlMjBzcGVha2VyJTIwcG9ydHJhaXR8ZW58MXx8fHwxNzYxMTc5Nzk4fDA&ixlib=rb-4.1.0&q=80&w=1080\" alt=\"Sprecher 1\" class=\"lazyload speaker-image\">\n                <\/div>\n                <div class=\"speaker-image-wrapper\">\n                    <img decoding=\"async\" src=\"data:image\/gif;base64,R0lGODlhAQABAAAAACH5BAEKAAEALAAAAAABAAEAAAICTAEAOw==\" data-orig-src=\"https:\/\/images.unsplash.com\/photo-1568983268695-74a04650c8b3?crop=entropy&cs=tinysrgb&fit=max&fm=jpg&ixid=M3w3Nzg4Nzd8MHwxfHNlYXJjaHwxfHxidXNpbmVzcyUyMGNvbmZlcmVuY2UlMjBzcGVha2VyfGVufDF8fHx8MTc2MTE1ODkzOXww&ixlib=rb-4.1.0&q=80&w=1080\" alt=\"Sprecher 2\" class=\"lazyload speaker-image\">\n                <\/div>\n                <div class=\"speaker-image-wrapper\">\n                    <img decoding=\"async\" src=\"data:image\/gif;base64,R0lGODlhAQABAAAAACH5BAEKAAEALAAAAAABAAEAAAICTAEAOw==\" data-orig-src=\"https:\/\/images.unsplash.com\/photo-1672685667592-0392f458f46f?crop=entropy&cs=tinysrgb&fit=max&fm=jpg&ixid=M3w3Nzg4Nzd8MHwxfHNlYXJjaHwxfHxwcm9mZXNzaW9uYWwlMjBoZWFkc2hvdCUyMG1hbnxlbnwxfHx8fDE3NjEyMDk5MjV8MA&ixlib=rb-4.1.0&q=80&w=1080\" alt=\"Sprecher 3\" class=\"lazyload speaker-image\">\n                <\/div>\n                <div class=\"speaker-image-wrapper\">\n                    <img decoding=\"async\" src=\"data:image\/gif;base64,R0lGODlhAQABAAAAACH5BAEKAAEALAAAAAABAAEAAAICTAEAOw==\" data-orig-src=\"https:\/\/images.unsplash.com\/photo-1652471949169-9c587e8898cd?crop=entropy&cs=tinysrgb&fit=max&fm=jpg&ixid=M3w3Nzg4Nzd8MHwxfHNlYXJjaHwxfHxwcm9mZXNzaW9uYWwlMjBoZWFkc2hvdCUyMHdvbWFufGVufDF8fHx8MTc2MTIwNjg0MHww&ixlib=rb-4.1.0&q=80&w=1080\" alt=\"Sprecher 4\" class=\"lazyload speaker-image\">\n                <\/div>\n                <div class=\"speaker-image-wrapper\">\n                    <img decoding=\"async\" src=\"data:image\/gif;base64,R0lGODlhAQABAAAAACH5BAEKAAEALAAAAAABAAEAAAICTAEAOw==\" data-orig-src=\"https:\/\/images.unsplash.com\/photo-1708195886023-3ecb00ac7a49?crop=entropy&cs=tinysrgb&fit=max&fm=jpg&ixid=M3w3Nzg4Nzd8MHwxfHNlYXJjaHwxfHxidXNpbmVzcyUyMHByb2Zlc3Npb25hbCUyMHBvcnRyYWl0fGVufDF8fHx8MTc2MTI0MzkyNXww&ixlib=rb-4.1.0&q=80&w=1080\" alt=\"Sprecher 5\" class=\"lazyload speaker-image\">\n                <\/div>\n                <div class=\"speaker-image-wrapper\">\n                    <img decoding=\"async\" src=\"data:image\/gif;base64,R0lGODlhAQABAAAAACH5BAEKAAEALAAAAAABAAEAAAICTAEAOw==\" data-orig-src=\"https:\/\/images.unsplash.com\/photo-1624555130296-e551faf8969b?crop=entropy&cs=tinysrgb&fit=max&fm=jpg&ixid=M3w3Nzg4Nzd8MHwxfHNlYXJjaHwxfHxjb3Jwb3JhdGUlMjBoZWFkc2hvdCUyMGRpdmVyc2V8ZW58MXx8fHwxNzYxMjUxNTk0fDA&ixlib=rb-4.1.0&q=80&w=1080\" alt=\"Sprecher 6\" class=\"lazyload speaker-image\">\n                <\/div>\n            <\/div>\n        <\/section>\n\n        <!-- CTA Section -->\n        <section class=\"cta-section\">\n            <!-- Animated gradient background -->\n            <div class=\"cta-gradient-bg\"><\/div>\n            <div class=\"cta-overlay\"><\/div>\n            \n            <div class=\"cta-content\">\n                <h2 class=\"cta-heading\">Verpassen Sie es nicht -<br>Pl\u00e4tze f\u00fcllen sich schnell!<\/h2>\n                <p class=\"cta-text\">Melden Sie sich noch heute f\u00fcr TPE 2026 an und erfahren Sie als Erster, wenn die Sitzungszeiten bekannt gegeben werden.<\/p>\n                <a href=\"https:\/\/registration.experientevent.com\/ShowTPE261?_gl=1*1sl1mic*_gcl_au*MTMxOTQzOTgxOS4xNzU2OTcwNzIyLjU3NjgzNTYzLjE3NjA2ODE5MTguMTc2MDY4MTkzOQ..*_ga*MTQ3NDM4MDI3MC4xNzQ5MTU3MzQy*_ga_K6D2EZJVRM*czE3NjE5MzI4NzIkbzIzMCRnMSR0MTc2MTkzNTQyMiRqNTkkbDAkaDA.\" class=\"cta-button cta-button-large\">RESERVIEREN SIE IHREN PLATZ<\/a>\n            <\/div>\n        <\/section>\n    <\/div>\n\n<\/div><\/div><\/div><\/div><\/div>\n","protected":false},"excerpt":{"rendered":"","protected":false},"author":25,"featured_media":0,"parent":0,"menu_order":0,"comment_status":"closed","ping_status":"closed","template":"100-width.php","meta":{"footnotes":""},"class_list":["post-55567","page","type-page","status-publish","hentry"],"yoast_head":"<!-- This site is optimized with the Yoast SEO plugin v26.1.1 - https:\/\/yoast.com\/wordpress\/plugins\/seo\/ -->\n<title>BILDUNG &#8211; TPE | Total Product Expo<\/title>\n<meta name=\"robots\" content=\"index, follow, max-snippet:-1, max-image-preview:large, max-video-preview:-1\" \/>\n<link rel=\"canonical\" href=\"https:\/\/totalproductexpo.com\/de\/bildung\/\" \/>\n<meta property=\"og:locale\" content=\"de_DE\" \/>\n<meta property=\"og:type\" content=\"article\" \/>\n<meta property=\"og:title\" content=\"BILDUNG &#8211; TPE | Total Product Expo\" \/>\n<meta property=\"og:url\" content=\"https:\/\/totalproductexpo.com\/de\/bildung\/\" \/>\n<meta property=\"og:site_name\" content=\"TPE | Total Product Expo\" \/>\n<meta property=\"article:publisher\" content=\"https:\/\/www.facebook.com\/totalproductexpo\/\" \/>\n<meta property=\"article:modified_time\" content=\"2025-10-31T18:32:38+00:00\" \/>\n<meta name=\"twitter:card\" content=\"summary_large_image\" \/>\n<meta name=\"twitter:site\" content=\"@totalproductxpo\" \/>\n<meta name=\"twitter:label1\" content=\"Est. reading time\" \/>\n\t<meta name=\"twitter:data1\" content=\"14 minutes\" \/>\n<script type=\"application\/ld+json\" class=\"yoast-schema-graph\">{\"@context\":\"https:\/\/schema.org\",\"@graph\":[{\"@type\":\"WebPage\",\"@id\":\"https:\/\/totalproductexpo.com\/de\/bildung\/\",\"url\":\"https:\/\/totalproductexpo.com\/de\/bildung\/\",\"name\":\"BILDUNG &#8211; TPE | Total Product Expo\",\"isPartOf\":{\"@id\":\"https:\/\/totalproductexpo.com\/de\/#website\"},\"datePublished\":\"2025-10-23T20:59:27+00:00\",\"dateModified\":\"2025-10-31T18:32:38+00:00\",\"breadcrumb\":{\"@id\":\"https:\/\/totalproductexpo.com\/de\/bildung\/#breadcrumb\"},\"inLanguage\":\"de-DE\",\"potentialAction\":[{\"@type\":\"ReadAction\",\"target\":[\"https:\/\/totalproductexpo.com\/de\/bildung\/\"]}]},{\"@type\":\"BreadcrumbList\",\"@id\":\"https:\/\/totalproductexpo.com\/de\/bildung\/#breadcrumb\",\"itemListElement\":[{\"@type\":\"ListItem\",\"position\":1,\"name\":\"Home\",\"item\":\"https:\/\/totalproductexpo.com\/de\/\"},{\"@type\":\"ListItem\",\"position\":2,\"name\":\"BILDUNG\"}]},{\"@type\":\"WebSite\",\"@id\":\"https:\/\/totalproductexpo.com\/de\/#website\",\"url\":\"https:\/\/totalproductexpo.com\/de\/\",\"name\":\"TPE | Total Product Expo\",\"description\":\"Tobacco \u2022 Vapor \u2022\u00a0Alternative B2B Trade Show\",\"publisher\":{\"@id\":\"https:\/\/totalproductexpo.com\/de\/#organization\"},\"alternateName\":\"Total Product Expo\",\"potentialAction\":[{\"@type\":\"SearchAction\",\"target\":{\"@type\":\"EntryPoint\",\"urlTemplate\":\"https:\/\/totalproductexpo.com\/de\/?s={search_term_string}\"},\"query-input\":{\"@type\":\"PropertyValueSpecification\",\"valueRequired\":true,\"valueName\":\"search_term_string\"}}],\"inLanguage\":\"de-DE\"},{\"@type\":\"Organization\",\"@id\":\"https:\/\/totalproductexpo.com\/de\/#organization\",\"name\":\"Total Product Events\",\"alternateName\":\"Total Product Expo\",\"url\":\"https:\/\/totalproductexpo.com\/de\/\",\"logo\":{\"@type\":\"ImageObject\",\"inLanguage\":\"de-DE\",\"@id\":\"https:\/\/totalproductexpo.com\/de\/#\/schema\/logo\/image\/\",\"url\":\"https:\/\/totalproductexpo.com\/wp-content\/uploads\/2024\/06\/TPExpo-TPEvents-Logo_696px-jpg.webp\",\"contentUrl\":\"https:\/\/totalproductexpo.com\/wp-content\/uploads\/2024\/06\/TPExpo-TPEvents-Logo_696px-jpg.webp\",\"width\":696,\"height\":696,\"caption\":\"Total Product Events\"},\"image\":{\"@id\":\"https:\/\/totalproductexpo.com\/de\/#\/schema\/logo\/image\/\"},\"sameAs\":[\"https:\/\/www.facebook.com\/totalproductexpo\/\",\"https:\/\/x.com\/totalproductxpo\",\"https:\/\/www.instagram.com\/totalproductexpo\/\",\"https:\/\/www.linkedin.com\/company\/totalproductexpo\",\"https:\/\/www.youtube.com\/channel\/UCeZ7S2zlSGbA9KzB3eVjWAw\"]}]}<\/script>\n<!-- \/ Yoast SEO plugin. -->","yoast_head_json":{"title":"BILDUNG &#8211; TPE | Total Product Expo","robots":{"index":"index","follow":"follow","max-snippet":"max-snippet:-1","max-image-preview":"max-image-preview:large","max-video-preview":"max-video-preview:-1"},"canonical":"https:\/\/totalproductexpo.com\/de\/bildung\/","og_locale":"de_DE","og_type":"article","og_title":"BILDUNG &#8211; TPE | Total Product Expo","og_url":"https:\/\/totalproductexpo.com\/de\/bildung\/","og_site_name":"TPE | Total Product Expo","article_publisher":"https:\/\/www.facebook.com\/totalproductexpo\/","article_modified_time":"2025-10-31T18:32:38+00:00","twitter_card":"summary_large_image","twitter_site":"@totalproductxpo","twitter_misc":{"Est. reading time":"14 minutes"},"schema":{"@context":"https:\/\/schema.org","@graph":[{"@type":"WebPage","@id":"https:\/\/totalproductexpo.com\/de\/bildung\/","url":"https:\/\/totalproductexpo.com\/de\/bildung\/","name":"BILDUNG &#8211; TPE | Total Product Expo","isPartOf":{"@id":"https:\/\/totalproductexpo.com\/de\/#website"},"datePublished":"2025-10-23T20:59:27+00:00","dateModified":"2025-10-31T18:32:38+00:00","breadcrumb":{"@id":"https:\/\/totalproductexpo.com\/de\/bildung\/#breadcrumb"},"inLanguage":"de-DE","potentialAction":[{"@type":"ReadAction","target":["https:\/\/totalproductexpo.com\/de\/bildung\/"]}]},{"@type":"BreadcrumbList","@id":"https:\/\/totalproductexpo.com\/de\/bildung\/#breadcrumb","itemListElement":[{"@type":"ListItem","position":1,"name":"Home","item":"https:\/\/totalproductexpo.com\/de\/"},{"@type":"ListItem","position":2,"name":"BILDUNG"}]},{"@type":"WebSite","@id":"https:\/\/totalproductexpo.com\/de\/#website","url":"https:\/\/totalproductexpo.com\/de\/","name":"TPE | Total Product Expo","description":"Tobacco \u2022 Vapor \u2022\u00a0Alternative B2B Trade Show","publisher":{"@id":"https:\/\/totalproductexpo.com\/de\/#organization"},"alternateName":"Total Product Expo","potentialAction":[{"@type":"SearchAction","target":{"@type":"EntryPoint","urlTemplate":"https:\/\/totalproductexpo.com\/de\/?s={search_term_string}"},"query-input":{"@type":"PropertyValueSpecification","valueRequired":true,"valueName":"search_term_string"}}],"inLanguage":"de-DE"},{"@type":"Organization","@id":"https:\/\/totalproductexpo.com\/de\/#organization","name":"Total Product Events","alternateName":"Total Product Expo","url":"https:\/\/totalproductexpo.com\/de\/","logo":{"@type":"ImageObject","inLanguage":"de-DE","@id":"https:\/\/totalproductexpo.com\/de\/#\/schema\/logo\/image\/","url":"https:\/\/totalproductexpo.com\/wp-content\/uploads\/2024\/06\/TPExpo-TPEvents-Logo_696px-jpg.webp","contentUrl":"https:\/\/totalproductexpo.com\/wp-content\/uploads\/2024\/06\/TPExpo-TPEvents-Logo_696px-jpg.webp","width":696,"height":696,"caption":"Total Product Events"},"image":{"@id":"https:\/\/totalproductexpo.com\/de\/#\/schema\/logo\/image\/"},"sameAs":["https:\/\/www.facebook.com\/totalproductexpo\/","https:\/\/x.com\/totalproductxpo","https:\/\/www.instagram.com\/totalproductexpo\/","https:\/\/www.linkedin.com\/company\/totalproductexpo","https:\/\/www.youtube.com\/channel\/UCeZ7S2zlSGbA9KzB3eVjWAw"]}]}},"_links":{"self":[{"href":"https:\/\/totalproductexpo.com\/de\/wp-json\/wp\/v2\/pages\/55567","targetHints":{"allow":["GET"]}}],"collection":[{"href":"https:\/\/totalproductexpo.com\/de\/wp-json\/wp\/v2\/pages"}],"about":[{"href":"https:\/\/totalproductexpo.com\/de\/wp-json\/wp\/v2\/types\/page"}],"author":[{"embeddable":true,"href":"https:\/\/totalproductexpo.com\/de\/wp-json\/wp\/v2\/users\/25"}],"replies":[{"embeddable":true,"href":"https:\/\/totalproductexpo.com\/de\/wp-json\/wp\/v2\/comments?post=55567"}],"version-history":[{"count":12,"href":"https:\/\/totalproductexpo.com\/de\/wp-json\/wp\/v2\/pages\/55567\/revisions"}],"predecessor-version":[{"id":55648,"href":"https:\/\/totalproductexpo.com\/de\/wp-json\/wp\/v2\/pages\/55567\/revisions\/55648"}],"wp:attachment":[{"href":"https:\/\/totalproductexpo.com\/de\/wp-json\/wp\/v2\/media?parent=55567"}],"curies":[{"name":"wp","href":"https:\/\/api.w.org\/{rel}","templated":true}]}}