{"id":55792,"date":"2025-01-07T11:44:02","date_gmt":"2025-01-07T19:44:02","guid":{"rendered":"https:\/\/totalproductexpo.com\/bedingungen-fuer-die-nutzung\/"},"modified":"2025-11-13T10:10:43","modified_gmt":"2025-11-13T18:10:43","slug":"bedingungen-fuer-die-nutzung","status":"publish","type":"page","link":"https:\/\/totalproductexpo.com\/de\/bedingungen-fuer-die-nutzung\/","title":{"rendered":"Bedingungen f\u00fcr die Nutzung"},"content":{"rendered":"<div class=\"fusion-fullwidth fullwidth-box fusion-builder-row-1 fusion-flex-container has-pattern-background has-mask-background nonhundred-percent-fullwidth non-hundred-percent-height-scrolling\" style=\"--awb-border-radius-top-left:0px;--awb-border-radius-top-right:0px;--awb-border-radius-bottom-right:0px;--awb-border-radius-bottom-left:0px;--awb-background-color:var(--awb-color8);--awb-flex-wrap:wrap;\" ><div class=\"fusion-builder-row fusion-row fusion-flex-align-items-flex-start fusion-flex-content-wrap\" style=\"max-width:1305.6px;margin-left: calc(-2% \/ 2 );margin-right: calc(-2% \/ 2 );\"><div class=\"fusion-layout-column fusion_builder_column fusion-builder-column-0 fusion_builder_column_1_1 1_1 fusion-flex-column\" style=\"--awb-bg-size:cover;--awb-width-large:100%;--awb-margin-top-large:0px;--awb-spacing-right-large:0.98%;--awb-margin-bottom-large:0px;--awb-spacing-left-large:0.98%;--awb-width-medium:100%;--awb-spacing-right-medium:0.98%;--awb-spacing-left-medium:0.98%;--awb-width-small:100%;--awb-spacing-right-small:0.98%;--awb-spacing-left-small:0.98%;\"><div class=\"fusion-column-wrapper fusion-flex-justify-content-flex-start fusion-content-layout-column\"><div class=\"fusion-text fusion-text-1\" style=\"--awb-text-color:var(--awb-color1);\"><p><strong>Total Product Expo<\/strong><\/p>\n<p>Vielen Dank f\u00fcr die Nutzung unserer Website, mobilen Anwendung, Produkte und Dienstleistungen (&#8220;Dienstleistungen&#8221;). Diese Bedingungen (&#8220;Bedingungen&#8221;) erkl\u00e4ren, wie Sie unsere Dienste nutzen k\u00f6nnen. Die Dienste werden von der Total Product Expo (TPE)\u2122 (&#8220;TPE&#8221;) mit Sitz in P.O. Box 58541, Raleigh, NC 27658, Vereinigte Staaten, angeboten.  <\/p>\n<p>Indem Sie auf unsere Dienste zugreifen und diese nutzen, erkl\u00e4ren Sie sich mit diesen Bedingungen einverstanden. Bitte lesen Sie sie sorgf\u00e4ltig. <\/p>\n<p>TPE bietet eine Vielzahl von Diensten an, so dass manchmal zus\u00e4tzliche Bedingungen oder Produktanforderungen gelten k\u00f6nnen. Zus\u00e4tzliche Bedingungen sind bei den jeweiligen Diensten verf\u00fcgbar und diese zus\u00e4tzlichen Bedingungen werden Teil Ihrer Vereinbarung mit uns, wenn Sie diese Dienste nutzen. <\/p>\n<p><strong>Zugang zu und Nutzung unserer Dienste<\/strong><\/p>\n<p><em>Sie d\u00fcrfen unsere Dienste nur f\u00fcr rechtm\u00e4\u00dfige Zwecke nutzen. Sie erkl\u00e4ren sich damit einverstanden, alle Richtlinien zu befolgen, die Ihnen bei der Nutzung der Dienste von TPE zur Verf\u00fcgung gestellt werden. Sie m\u00fcssen mindestens 21 Jahre alt sein, um unsere mobile Anwendung zu nutzen.  <\/em><\/p>\n<p>Sie d\u00fcrfen unsere Dienste nicht nutzen: (1) auf eine Art und Weise, die gegen geltende Gesetze oder Vorschriften verst\u00f6\u00dft; (2) auf eine Art und Weise, die ungesetzlich oder betr\u00fcgerisch ist oder einen ungesetzlichen oder betr\u00fcgerischen Zweck oder Effekt hat; (3) zu dem Zweck, einer Person in irgendeiner Weise zu schaden oder zu versuchen, ihr zu schaden; (4) Material zu senden, zu empfangen, hochzuladen, herunterzuladen, zu verwenden oder wiederzuverwenden, das nicht mit diesen Bedingungen oder den geltenden Bedingungen f\u00fcr die Dienste \u00fcbereinstimmt; (5) unaufgefordertes oder nicht genehmigtes Werbe- oder Verkaufsf\u00f6rderungsmaterial oder jede andere Form \u00e4hnlicher Aufforderungen (Spam) zu \u00fcbermitteln oder die \u00dcbermittlung zu veranlassen; (6) uns in irgendeiner Weise haftbar zu machen; (7) wissentlich Daten zu \u00fcbermitteln, Material zu senden oder hochzuladen, das Viren, Trojaner, W\u00fcrmer, Zeitbomben, Keystroke-Logger, Spyware, Adware oder andere sch\u00e4dliche Programme oder \u00e4hnlichen Computercode enth\u00e4lt, die dazu bestimmt sind, den Betrieb von Computersoftware oder -hardware zu beeintr\u00e4chtigen; (8) die Website oder die Dienstleistungen von TPE zu st\u00f6ren, zu besch\u00e4digen oder zu unterbrechen, einschlie\u00dflich jeglicher Ausr\u00fcstung, Software oder des Netzwerks; und (9) zu reproduzieren, zu manipulieren, zu f\u00e4lschen, sich auszugeben oder darzustellen, dass Sie Eigent\u00fcmer dieser Website oder der Dienstleistungen von TPE sind.<\/p>\n<p>Wir behalten uns das Recht vor, die Informationen zu \u00e4ndern oder die von uns angebotenen Dienste ohne Vorank\u00fcndigung zur\u00fcckzuziehen. Wir haften nicht, wenn unsere Dienste aus irgendeinem Grund zu irgendeinem Zeitpunkt und f\u00fcr irgendeinen Zeitraum nicht verf\u00fcgbar sind. Sie sind daf\u00fcr verantwortlich, alle notwendigen Vorkehrungen zu treffen, um Zugang zu unserer Website, unserer mobilen Anwendung und den damit verbundenen Diensten zu erhalten.  <\/p>\n<p>Unsere Dienste k\u00f6nnen einige Inhalte anzeigen, die nicht von TPE stammen, und k\u00f6nnen Links zu Websites oder Diensten Dritter enthalten, die nicht von TPE kontrolliert werden. Alle Inhalte, Links oder Dienste Dritter liegen in der alleinigen Verantwortung des Unternehmens, das sie zur Verf\u00fcgung stellt. TPE gibt keine Garantien oder Zusicherungen f\u00fcr das Material Dritter ab und \u00fcbernimmt keine Verantwortung f\u00fcr Verluste oder Sch\u00e4den, die durch die Nutzung von Inhalten, Links oder Diensten Dritter entstehen k\u00f6nnen. Wenn Sie sich dazu entschlie\u00dfen, auf Material Dritter zuzugreifen, tun Sie dies ausschlie\u00dflich auf eigenes Risiko. Obwohl wir Inhalte \u00fcberpr\u00fcfen und entfernen oder die Anzeige von Inhalten verweigern k\u00f6nnen, von denen wir annehmen, dass sie gegen unsere Richtlinien oder das Gesetz versto\u00dfen, k\u00f6nnen wir nicht best\u00e4tigen, dass alle Inhalte \u00fcberpr\u00fcft wurden.    <\/p>\n<p>Wenn Sie \u00fcber Ihr mobiles Ger\u00e4t auf unsere Dienste zugreifen, erkennen Sie an, dass Ihre Vereinbarung mit Ihrem Mobilfunkanbieter (&#8220;Mobilfunkanbieter&#8221;) gilt. Sie \u00fcbernehmen die Verantwortung f\u00fcr die Geb\u00fchren Ihres Mobilfunkanbieters f\u00fcr Datendienste, w\u00e4hrend Sie bestimmte Funktionen unserer Dienste nutzen, oder f\u00fcr alle Geb\u00fchren Dritter, die m\u00f6glicherweise anfallen. Wenn Sie nicht der Rechnungszahler f\u00fcr das Ger\u00e4t sind, mit dem Sie auf unsere Dienste zugreifen, wird davon ausgegangen, dass Sie die Erlaubnis des Rechnungszahlers zur Nutzung unserer Dienste erhalten haben.  <\/p>\n<p>Sie erkennen an, dass Sie bei der Nutzung von Diensten, die von Apple oder Google (oder anderen Drittanbietern) in Verbindung mit der Nutzung unserer Dienste bereitgestellt werden, den Gesch\u00e4ftsbedingungen und Datenschutzrichtlinien des jeweiligen Drittanbieters unterliegen und dass Sie sicherstellen sollten, dass Sie diese Bedingungen gelesen haben.<\/p>\n<p><strong>Beendigung oder Aussetzung von Dienstleistungen<\/strong><\/p>\n<p>TPE kann den Zugang zu unseren Diensten sofort und ohne Vorank\u00fcndigung oder Haftung aus irgendeinem Grund beenden oder aussetzen, wenn Sie diese Bedingungen oder mit den Diensten verbundene Bedingungen oder Richtlinien nicht einhalten. Gegebenenfalls k\u00f6nnen wir jeden Versto\u00df gegen diese Bedingungen den zust\u00e4ndigen Strafverfolgungsbeh\u00f6rden melden. <\/p>\n<p>Alle Bestimmungen der Bedingungen, die ihrer Natur nach die Beendigung \u00fcberdauern sollten, \u00fcberdauern die Beendigung, einschlie\u00dflich, aber nicht beschr\u00e4nkt auf Eigentumsbestimmungen, Gew\u00e4hrleistungsausschl\u00fcsse, Entsch\u00e4digungen und Haftungsbeschr\u00e4nkungen.<\/p>\n<p><strong>Konten und Passw\u00f6rter<\/strong><\/p>\n<p>Es kann vorkommen, dass wir von Ihnen ein Passwort und Registrierungsdaten verlangen, um auf unsere Dienste zuzugreifen. Wenn wir ein Passwort und Registrierungsdaten verlangen, m\u00fcssen die von Ihnen angegebenen Daten korrekt, aktuell und vollst\u00e4ndig sein. Sie sind daf\u00fcr verantwortlich, die Vertraulichkeit aller Passw\u00f6rter, die Sie f\u00fcr den Zugang zu den Diensten erhalten haben, zu wahren, und Sie tragen die volle Verantwortung f\u00fcr alle Aktivit\u00e4ten, die unter Ihrem Passwort bzw. Ihren Passw\u00f6rtern stattfinden. Sie verpflichten sich, uns unverz\u00fcglich \u00fcber jede unbefugte Nutzung Ihres Passworts\/Ihrer Passw\u00f6rter zu informieren. Wir behalten uns das Recht vor, keiner nat\u00fcrlichen oder juristischen Person ein Passwort zu erteilen.    <\/p>\n<p>Sie d\u00fcrfen niemals das Konto eines anderen Nutzers ohne dessen Erlaubnis verwenden. TPE haftet nicht f\u00fcr Verluste, die durch eine unbefugte Nutzung Ihres Kontos entstehen. <\/p>\n<p><strong>Datenschutz und Cookies<\/strong><\/p>\n<p>Die <a href=\"https:\/\/web.archive.org\/web\/20240619143902\/https:\/totalproductexpo.com\/privacy-policy\">Datenschutzrichtlinie<\/a> von TPE beschreibt, wie wir Ihre pers\u00f6nlichen Daten behandeln und Ihre Privatsph\u00e4re sch\u00fctzen, wenn Sie unsere Dienste nutzen. Die <g id=\"gid_1\">Cookie-Richtlinie <\/g>von TPE erkl\u00e4rt, wie TPE Cookies verwendet. Durch die Nutzung unserer Dienste erkl\u00e4ren Sie sich damit einverstanden, dass TPE diese Daten in \u00dcbereinstimmung mit unseren Datenschutz- und Cookie-Richtlinien verwenden kann.  <\/p>\n<p>In Verbindung mit Ihrer Nutzung der Dienste k\u00f6nnen wir Ihnen Transaktions- oder Marketingmitteilungen senden. Sie haben die M\u00f6glichkeit, diese Marketingmitteilungen abzulehnen. Weitere Informationen finden Sie in unserer <a href=\"https:\/\/web.archive.org\/web\/20240619143902\/https:\/totalproductexpo.com\/privacy-policy\">Datenschutzerkl\u00e4rung<\/a>. <\/p>\n<p><strong>Rechte an geistigem Eigentum &#8211; TPE-Eigentum<\/strong><\/p>\n<p>Alle Inhalte, Texte, Bilder, Daten, Informationen und andere Materialien, die auf unseren Diensten angezeigt werden, zur Verf\u00fcgung stehen oder vorhanden sind (&#8220;Inhalte&#8221;), einschlie\u00dflich aller Rechte an geistigem Eigentum an diesen Inhalten (einschlie\u00dflich, aber nicht beschr\u00e4nkt auf Marken und Urheberrechte) (im Folgenden &#8220;Rechte an geistigem Eigentum&#8221;), sind das Eigentum von TPE, seinen verbundenen Unternehmen, seinen Lizenzgebern oder den benannten Eigent\u00fcmern und sind durch die geltenden Gesetze zum Schutz geistigen Eigentums gesch\u00fctzt. Sie sollten davon ausgehen, dass alles, was Sie auf unseren Services sehen oder lesen, urheberrechtlich gesch\u00fctzt ist, sofern nicht anders angegeben, und nicht ohne unsere schriftliche Genehmigung verwendet werden darf, au\u00dfer wie in diesen Nutzungsbedingungen vorgesehen. <\/p>\n<p>Durch die Nutzung unserer Dienste erhalten Sie keine Eigentums- oder Rechtsanspr\u00fcche auf unser geistiges Eigentum oder auf Inhalte, auf die Sie zugreifen. Sie d\u00fcrfen Inhalte nicht verwenden, es sei denn, Sie haben eine Genehmigung eingeholt oder sind anderweitig gesetzlich dazu berechtigt. Entfernen, verdecken oder ver\u00e4ndern Sie keine rechtlichen Hinweise, die in oder zusammen mit unseren Diensten angezeigt werden.  <\/p>\n<p><strong>Rechte an geistigem Eigentum &#8211; Benutzerinhalte<\/strong><\/p>\n<p>Wir reagieren auf Hinweise auf angebliche Urheberrechtsverletzungen und k\u00fcndigen Konten von Wiederholungst\u00e4tern gem\u00e4\u00df dem Verfahren, das im U.S. Digital Millennium Copyright Act festgelegt ist. F\u00fcr Anfragen zum Urheberrecht gem\u00e4\u00df dem Digital Millennium Copyright Act wenden Sie sich bitte an den Copyright Agent von TPE unter: Attn: Copyright Agent, Legal Department, Total Product Expo, P.O. Box 58541, Raleigh NC 27658 oder info@tobaccoplusexpo.com. <\/p>\n<p><strong>Gew\u00e4hrleistungsausschl\u00fcsse<\/strong><\/p>\n<p>DIESE SERVICES, IHR INHALT UND IHRE LINKS WERDEN OHNE M\u00c4NGELGEW\u00c4HR ZUR VERF\u00dcGUNG GESTELLT UND DIE NUTZUNG ERFOLGT AUSSCHLIESSLICH AUF IHR EIGENES RISIKO, SOWEIT DIES GESETZLICH ZUL\u00c4SSIG IST. TPE LEHNT ALLE AUSDR\u00dcCKLICHEN ODER STILLSCHWEIGENDEN GARANTIEN JEGLICHER ART IN BEZUG AUF DIESE DIENSTE (EINSCHLIESSLICH IHRER INHALTE, HARDWARE, SOFTWARE UND LINKS) AB, EINSCHLIESSLICH JEGLICHER STILLSCHWEIGENDEN GARANTIEN HINSICHTLICH DER EIGNUNG F\u00dcR EINEN BESTIMMTEN ZWECK, DER MARKTG\u00c4NGIGKEIT, DES EIGENTUMS, DER NICHTVERLETZUNG VON RECHTEN, DER ERGEBNISSE, DER GENAUIGKEIT, DER VOLLST\u00c4NDIGKEIT, DER ZUG\u00c4NGLICHKEIT, DER KOMPATIBILIT\u00c4T, DER SICHERHEIT UND DER FREIHEIT VON COMPUTERVIREN. FALLS DAS ANWENDBARE RECHT DEN AUSSCHLUSS EINIGER ODER ALLER DER OBEN GENANNTEN STILLSCHWEIGENDEN GARANTIEN F\u00dcR SIE NICHT ZUL\u00c4SST, GELTEN DIE OBEN GENANNTEN AUSSCHL\u00dcSSE F\u00dcR SIE IM VOLLEN UMFANG, DEN DAS ANWENDBARE RECHT ZUL\u00c4SST.  <\/p>\n<p><strong>Haftungsbeschr\u00e4nkungen und Rechtsbehelfe<\/strong><\/p>\n<p>DIE GESAMTE HAFTUNG VON TPE UND IHR AUSSCHLIESSLICHER RECHTSBEHELF IN BEZUG AUF EINE STREITIGKEIT MIT TPE (EINSCHLIESSLICH UND OHNE EINSCHR\u00c4NKUNG IHRER NUTZUNG DER SERVICES) BESTEHT DARIN, DIE NUTZUNG DER SERVICES EINZUSTELLEN. TPE UND SEINE VERK\u00c4UFER HAFTEN NICHT F\u00dcR DIREKTE, INDIREKTE, BESONDERE, ZUF\u00c4LLIGE, FOLGE-, STRAF- ODER EXEMPLARISCHE SCH\u00c4DEN, DIE SICH AUS IHRER NUTZUNG DIESER DIENSTE ODER AUS ANDEREN ANSPR\u00dcCHEN ERGEBEN, DIE IN IRGENDEINER WEISE MIT IHRER NUTZUNG ODER REGISTRIERUNG BEI TPE ZUSAMMENH\u00c4NGEN. DIESE AUSSCHL\u00dcSSE SCHLIESSEN OHNE EINSCHR\u00c4NKUNG SCH\u00c4DEN F\u00dcR ENTGANGENE GESCH\u00c4FTE, ENTGANGENE GEWINNE, ENTGANGENE EINNAHMEN, VERLORENE DATEN, ENTGANGENEN FIRMENWERT, ARBEITSUNTERBRECHUNGEN, COMPUTERAUSF\u00c4LLE ODER -FEHLFUNKTIONEN ODER ANDERE KOMMERZIELLE SCH\u00c4DEN ODER VERLUSTE EIN, SELBST WENN TPE AUF DIE M\u00d6GLICHKEIT SOLCHER SCH\u00c4DEN HINGEWIESEN WURDE UND UNABH\u00c4NGIG VON DER RECHTLICHEN ODER GERECHTEN THEORIE, AUF DER DER ANSPRUCH BERUHT. IN STAATEN ODER GERICHTSBARKEITEN, DIE DEN AUSSCHLUSS ODER DIE BESCHR\u00c4NKUNG DER HAFTUNG F\u00dcR FOLGESCH\u00c4DEN ODER BEIL\u00c4UFIG ENTSTANDENE SCH\u00c4DEN NICHT ZULASSEN, IST DIE HAFTUNG VON TPE UND SEINEN VERK\u00c4UFERN DIE HAFTUNG VON TPE UND SEINEN VERK\u00c4UFERN IN SOLCHEN STAATEN ODER GERICHTSBARKEITEN IST AUF DAS GESETZLICH ZUL\u00c4SSIGE MASS BESCHR\u00c4NKT. TPE UNTERST\u00dcTZT, GEW\u00c4HRLEISTET ODER GARANTIERT KEINE PRODUKTE ODER DIENSTLEISTUNGEN, DIE \u00dcBER DIESE SERVICES ANGEBOTEN WERDEN, UND IST NICHT AN TRANSAKTIONEN ZWISCHEN IHNEN UND DRITTANBIETERN VON PRODUKTEN ODER DIENSTLEISTUNGEN BETEILIGT ODER IN IRGENDEINER WEISE DAF\u00dcR VERANTWORTLICH, DIESE ZU \u00dcBERWACHEN. SOLLTE EINE DER OBEN GENANNTEN BESTIMMUNGEN IN DIESEM ABSCHNITT IN EINER ANWENDBAREN GERICHTSBARKEIT NICHT DURCHSETZBAR SEIN, BESCHR\u00c4NKT SICH DIE MAXIMALE HAFTUNG VON TPE NACH EIGENEM ERMESSEN ENTWEDER AUF (1) DIE KORREKTUR ODER L\u00d6SCHUNG EINES FEHLERHAFTEN INHALTS ODER LINKS ODER (2) DIE R\u00dcCKERSTATTUNG DES BETRAGS, DEN SIE F\u00dcR DIE NUTZUNG DIESER SERVICES BEZAHLT HABEN.     <\/p>\n<p><strong>Entsch\u00e4digung<\/strong><\/p>\n<p>Sie erkl\u00e4ren sich damit einverstanden, TPE und seine verbundenen Unternehmen, leitenden Angestellten, Direktoren, Mitarbeiter, Agenten und Auftragnehmer zu verteidigen, zu entsch\u00e4digen und schadlos zu halten von jeglichen Forderungen, Anspr\u00fcchen, Prozessen, Klagen, Sch\u00e4den, Haftungen, Ausgaben oder Sch\u00e4den, einschlie\u00dflich Anwaltskosten, die aus der Nutzung der Dienste oder der Verletzung dieser Bedingungen, dem Online-Verhalten oder dem Umgang oder den Transaktionen mit anderen Personen, die aus der Nutzung der TPE Dienste resultieren, entstehen oder damit zusammenh\u00e4ngen.<\/p>\n<p><strong>Gesch\u00e4ftliche Nutzung unserer Dienste<\/strong><\/p>\n<p>Wenn Sie unsere Dienste im Namen eines Unternehmens nutzen, akzeptiert dieses Unternehmen diese Bedingungen. Es wird TPE und seine verbundenen Unternehmen, leitenden Angestellten, Direktoren, Mitarbeiter, Vertreter und Auftragnehmer von allen Forderungen, Anspr\u00fcchen, Klagen, Klagen, Sch\u00e4den, Verbindlichkeiten, Ausgaben oder Sch\u00e4den, die aus der Nutzung der Dienste oder der Verletzung dieser Bedingungen entstehen oder damit zusammenh\u00e4ngen, schadlos halten und entsch\u00e4digen, einschlie\u00dflich jeglicher Haftung oder Ausgaben, die aus Forderungen, Verlusten, Sch\u00e4den, Klagen, Urteilen, Prozesskosten und Anwaltsgeb\u00fchren entstehen. <\/p>\n<p><strong>\u00c4nderungen der Bedingungen oder Dienstleistungen<\/strong><\/p>\n<p>Wir k\u00f6nnen diese Bedingungen oder zus\u00e4tzliche Bedingungen, die f\u00fcr einen Dienst gelten, \u00e4ndern, um Gesetzes\u00e4nderungen oder \u00c4nderungen an unseren Diensten zu ber\u00fccksichtigen. Sie sollten sich die Bedingungen regelm\u00e4\u00dfig ansehen. Wir werden \u00c4nderungen an diesen Bedingungen auf dieser Seite bekannt geben. Wir werden Hinweise auf ge\u00e4nderte zus\u00e4tzliche Bedingungen in dem jeweiligen Service ver\u00f6ffentlichen. Die \u00c4nderungen gelten nicht r\u00fcckwirkend. Wenn Sie mit den ge\u00e4nderten Bedingungen f\u00fcr einen Service nicht einverstanden sind, sollten Sie diesen Service nicht mehr nutzen.     <\/p>\n<p>Wir k\u00f6nnen unsere Dienste regelm\u00e4\u00dfig aktualisieren und den Inhalt jederzeit \u00e4ndern. Falls erforderlich, k\u00f6nnen wir den Zugang zu unseren Diensten aussetzen oder sie auf unbestimmte Zeit schlie\u00dfen. Das Material in unseren Diensten kann jederzeit veraltet sein, und wir sind nicht verpflichtet, dieses Material zu aktualisieren.  <\/p>\n<p><strong>\u00dcber diese Begriffe<\/strong><\/p>\n<p>Sollte es einen Konflikt zwischen diesen Bedingungen und zus\u00e4tzlichen Bedingungen geben, gelten die zus\u00e4tzlichen Bedingungen f\u00fcr diesen Konflikt.<\/p>\n<p>Diese Bedingungen regeln die Beziehung zwischen TPE und Ihnen. Sie begr\u00fcnden keine Rechte von Drittbeg\u00fcnstigten. <\/p>\n<p>Wenn Sie sich nicht an diese Bedingungen halten und wir nicht sofort handeln, bedeutet dies nicht, dass wir auf unsere Rechte verzichten (z. B. in der Zukunft Ma\u00dfnahmen zu ergreifen).<\/p>\n<p>Sollte sich herausstellen, dass eine bestimmte Klausel nicht durchsetzbar ist, hat dies keine Auswirkungen auf andere Klauseln.<\/p>\n<p>Das Recht von North Carolina, USA, unter Ausschluss des Kollisionsrechts, regelt alle Angelegenheiten zwischen Ihnen und TPE in Bezug auf Ihre Nutzung unserer Dienste und gilt f\u00fcr alle Streitigkeiten, die sich aus diesen Bedingungen oder den Diensten ergeben oder damit in Zusammenhang stehen. Sie erkl\u00e4ren sich mit der ausschlie\u00dflichen Zust\u00e4ndigkeit f\u00fcr Rechtsstreitigkeiten in Wake County, North Carolina, USA, einverstanden. <\/p>\n<\/div><\/div><\/div><\/div><\/div>\n","protected":false},"excerpt":{"rendered":"","protected":false},"author":25,"featured_media":0,"parent":0,"menu_order":0,"comment_status":"closed","ping_status":"closed","template":"","meta":{"footnotes":""},"class_list":["post-55792","page","type-page","status-publish","hentry"],"yoast_head":"<!-- This site is optimized with the Yoast SEO plugin v26.1.1 - https:\/\/yoast.com\/wordpress\/plugins\/seo\/ -->\n<title>Bedingungen f\u00fcr die Nutzung &#8211; TPE | Total Product Expo<\/title>\n<meta name=\"robots\" content=\"index, follow, max-snippet:-1, max-image-preview:large, max-video-preview:-1\" \/>\n<link rel=\"canonical\" href=\"https:\/\/totalproductexpo.com\/de\/bedingungen-fuer-die-nutzung\/\" \/>\n<meta property=\"og:locale\" content=\"de_DE\" \/>\n<meta property=\"og:type\" content=\"article\" \/>\n<meta property=\"og:title\" content=\"Bedingungen f\u00fcr die Nutzung &#8211; TPE | Total Product Expo\" \/>\n<meta property=\"og:url\" content=\"https:\/\/totalproductexpo.com\/de\/bedingungen-fuer-die-nutzung\/\" \/>\n<meta property=\"og:site_name\" content=\"TPE | Total Product Expo\" \/>\n<meta property=\"article:publisher\" content=\"https:\/\/www.facebook.com\/totalproductexpo\/\" \/>\n<meta property=\"article:modified_time\" content=\"2025-11-13T18:10:43+00:00\" \/>\n<meta name=\"twitter:card\" content=\"summary_large_image\" \/>\n<meta name=\"twitter:site\" content=\"@totalproductxpo\" \/>\n<meta name=\"twitter:label1\" content=\"Est. reading time\" \/>\n\t<meta name=\"twitter:data1\" content=\"14 minutes\" \/>\n<script type=\"application\/ld+json\" class=\"yoast-schema-graph\">{\"@context\":\"https:\/\/schema.org\",\"@graph\":[{\"@type\":\"WebPage\",\"@id\":\"https:\/\/totalproductexpo.com\/de\/bedingungen-fuer-die-nutzung\/\",\"url\":\"https:\/\/totalproductexpo.com\/de\/bedingungen-fuer-die-nutzung\/\",\"name\":\"Bedingungen f\u00fcr die Nutzung &#8211; TPE | Total Product Expo\",\"isPartOf\":{\"@id\":\"https:\/\/totalproductexpo.com\/de\/#website\"},\"datePublished\":\"2025-01-07T19:44:02+00:00\",\"dateModified\":\"2025-11-13T18:10:43+00:00\",\"breadcrumb\":{\"@id\":\"https:\/\/totalproductexpo.com\/de\/bedingungen-fuer-die-nutzung\/#breadcrumb\"},\"inLanguage\":\"de-DE\",\"potentialAction\":[{\"@type\":\"ReadAction\",\"target\":[\"https:\/\/totalproductexpo.com\/de\/bedingungen-fuer-die-nutzung\/\"]}]},{\"@type\":\"BreadcrumbList\",\"@id\":\"https:\/\/totalproductexpo.com\/de\/bedingungen-fuer-die-nutzung\/#breadcrumb\",\"itemListElement\":[{\"@type\":\"ListItem\",\"position\":1,\"name\":\"Home\",\"item\":\"https:\/\/totalproductexpo.com\/de\/\"},{\"@type\":\"ListItem\",\"position\":2,\"name\":\"Bedingungen f\u00fcr die Nutzung\"}]},{\"@type\":\"WebSite\",\"@id\":\"https:\/\/totalproductexpo.com\/de\/#website\",\"url\":\"https:\/\/totalproductexpo.com\/de\/\",\"name\":\"TPE | Total Product Expo\",\"description\":\"Tobacco \u2022 Vapor \u2022\u00a0Alternative B2B Trade Show\",\"publisher\":{\"@id\":\"https:\/\/totalproductexpo.com\/de\/#organization\"},\"alternateName\":\"Total Product Expo\",\"potentialAction\":[{\"@type\":\"SearchAction\",\"target\":{\"@type\":\"EntryPoint\",\"urlTemplate\":\"https:\/\/totalproductexpo.com\/de\/?s={search_term_string}\"},\"query-input\":{\"@type\":\"PropertyValueSpecification\",\"valueRequired\":true,\"valueName\":\"search_term_string\"}}],\"inLanguage\":\"de-DE\"},{\"@type\":\"Organization\",\"@id\":\"https:\/\/totalproductexpo.com\/de\/#organization\",\"name\":\"Total Product Events\",\"alternateName\":\"Total Product Expo\",\"url\":\"https:\/\/totalproductexpo.com\/de\/\",\"logo\":{\"@type\":\"ImageObject\",\"inLanguage\":\"de-DE\",\"@id\":\"https:\/\/totalproductexpo.com\/de\/#\/schema\/logo\/image\/\",\"url\":\"https:\/\/totalproductexpo.com\/wp-content\/uploads\/2024\/06\/TPExpo-TPEvents-Logo_696px-jpg.webp\",\"contentUrl\":\"https:\/\/totalproductexpo.com\/wp-content\/uploads\/2024\/06\/TPExpo-TPEvents-Logo_696px-jpg.webp\",\"width\":696,\"height\":696,\"caption\":\"Total Product Events\"},\"image\":{\"@id\":\"https:\/\/totalproductexpo.com\/de\/#\/schema\/logo\/image\/\"},\"sameAs\":[\"https:\/\/www.facebook.com\/totalproductexpo\/\",\"https:\/\/x.com\/totalproductxpo\",\"https:\/\/www.instagram.com\/totalproductexpo\/\",\"https:\/\/www.linkedin.com\/company\/totalproductexpo\",\"https:\/\/www.youtube.com\/channel\/UCeZ7S2zlSGbA9KzB3eVjWAw\"]}]}<\/script>\n<!-- \/ Yoast SEO plugin. -->","yoast_head_json":{"title":"Bedingungen f\u00fcr die Nutzung &#8211; TPE | Total Product Expo","robots":{"index":"index","follow":"follow","max-snippet":"max-snippet:-1","max-image-preview":"max-image-preview:large","max-video-preview":"max-video-preview:-1"},"canonical":"https:\/\/totalproductexpo.com\/de\/bedingungen-fuer-die-nutzung\/","og_locale":"de_DE","og_type":"article","og_title":"Bedingungen f\u00fcr die Nutzung &#8211; TPE | Total Product Expo","og_url":"https:\/\/totalproductexpo.com\/de\/bedingungen-fuer-die-nutzung\/","og_site_name":"TPE | Total Product Expo","article_publisher":"https:\/\/www.facebook.com\/totalproductexpo\/","article_modified_time":"2025-11-13T18:10:43+00:00","twitter_card":"summary_large_image","twitter_site":"@totalproductxpo","twitter_misc":{"Est. reading time":"14 minutes"},"schema":{"@context":"https:\/\/schema.org","@graph":[{"@type":"WebPage","@id":"https:\/\/totalproductexpo.com\/de\/bedingungen-fuer-die-nutzung\/","url":"https:\/\/totalproductexpo.com\/de\/bedingungen-fuer-die-nutzung\/","name":"Bedingungen f\u00fcr die Nutzung &#8211; TPE | Total Product Expo","isPartOf":{"@id":"https:\/\/totalproductexpo.com\/de\/#website"},"datePublished":"2025-01-07T19:44:02+00:00","dateModified":"2025-11-13T18:10:43+00:00","breadcrumb":{"@id":"https:\/\/totalproductexpo.com\/de\/bedingungen-fuer-die-nutzung\/#breadcrumb"},"inLanguage":"de-DE","potentialAction":[{"@type":"ReadAction","target":["https:\/\/totalproductexpo.com\/de\/bedingungen-fuer-die-nutzung\/"]}]},{"@type":"BreadcrumbList","@id":"https:\/\/totalproductexpo.com\/de\/bedingungen-fuer-die-nutzung\/#breadcrumb","itemListElement":[{"@type":"ListItem","position":1,"name":"Home","item":"https:\/\/totalproductexpo.com\/de\/"},{"@type":"ListItem","position":2,"name":"Bedingungen f\u00fcr die Nutzung"}]},{"@type":"WebSite","@id":"https:\/\/totalproductexpo.com\/de\/#website","url":"https:\/\/totalproductexpo.com\/de\/","name":"TPE | Total Product Expo","description":"Tobacco \u2022 Vapor \u2022\u00a0Alternative B2B Trade Show","publisher":{"@id":"https:\/\/totalproductexpo.com\/de\/#organization"},"alternateName":"Total Product Expo","potentialAction":[{"@type":"SearchAction","target":{"@type":"EntryPoint","urlTemplate":"https:\/\/totalproductexpo.com\/de\/?s={search_term_string}"},"query-input":{"@type":"PropertyValueSpecification","valueRequired":true,"valueName":"search_term_string"}}],"inLanguage":"de-DE"},{"@type":"Organization","@id":"https:\/\/totalproductexpo.com\/de\/#organization","name":"Total Product Events","alternateName":"Total Product Expo","url":"https:\/\/totalproductexpo.com\/de\/","logo":{"@type":"ImageObject","inLanguage":"de-DE","@id":"https:\/\/totalproductexpo.com\/de\/#\/schema\/logo\/image\/","url":"https:\/\/totalproductexpo.com\/wp-content\/uploads\/2024\/06\/TPExpo-TPEvents-Logo_696px-jpg.webp","contentUrl":"https:\/\/totalproductexpo.com\/wp-content\/uploads\/2024\/06\/TPExpo-TPEvents-Logo_696px-jpg.webp","width":696,"height":696,"caption":"Total Product Events"},"image":{"@id":"https:\/\/totalproductexpo.com\/de\/#\/schema\/logo\/image\/"},"sameAs":["https:\/\/www.facebook.com\/totalproductexpo\/","https:\/\/x.com\/totalproductxpo","https:\/\/www.instagram.com\/totalproductexpo\/","https:\/\/www.linkedin.com\/company\/totalproductexpo","https:\/\/www.youtube.com\/channel\/UCeZ7S2zlSGbA9KzB3eVjWAw"]}]}},"_links":{"self":[{"href":"https:\/\/totalproductexpo.com\/de\/wp-json\/wp\/v2\/pages\/55792","targetHints":{"allow":["GET"]}}],"collection":[{"href":"https:\/\/totalproductexpo.com\/de\/wp-json\/wp\/v2\/pages"}],"about":[{"href":"https:\/\/totalproductexpo.com\/de\/wp-json\/wp\/v2\/types\/page"}],"author":[{"embeddable":true,"href":"https:\/\/totalproductexpo.com\/de\/wp-json\/wp\/v2\/users\/25"}],"replies":[{"embeddable":true,"href":"https:\/\/totalproductexpo.com\/de\/wp-json\/wp\/v2\/comments?post=55792"}],"version-history":[{"count":10,"href":"https:\/\/totalproductexpo.com\/de\/wp-json\/wp\/v2\/pages\/55792\/revisions"}],"predecessor-version":[{"id":55851,"href":"https:\/\/totalproductexpo.com\/de\/wp-json\/wp\/v2\/pages\/55792\/revisions\/55851"}],"wp:attachment":[{"href":"https:\/\/totalproductexpo.com\/de\/wp-json\/wp\/v2\/media?parent=55792"}],"curies":[{"name":"wp","href":"https:\/\/api.w.org\/{rel}","templated":true}]}}