{"id":55815,"date":"2025-01-07T11:46:41","date_gmt":"2025-01-07T19:46:41","guid":{"rendered":"https:\/\/totalproductexpo.com\/cookie-richtlinie\/"},"modified":"2025-11-13T10:10:43","modified_gmt":"2025-11-13T18:10:43","slug":"cookie-richtlinie","status":"publish","type":"page","link":"https:\/\/totalproductexpo.com\/de\/cookie-richtlinie\/","title":{"rendered":"Cookie-Richtlinie"},"content":{"rendered":"<div class=\"fusion-fullwidth fullwidth-box fusion-builder-row-1 fusion-flex-container has-pattern-background has-mask-background nonhundred-percent-fullwidth non-hundred-percent-height-scrolling\" style=\"--awb-border-radius-top-left:0px;--awb-border-radius-top-right:0px;--awb-border-radius-bottom-right:0px;--awb-border-radius-bottom-left:0px;--awb-background-color:var(--awb-color8);--awb-flex-wrap:wrap;\" ><div class=\"fusion-builder-row fusion-row fusion-flex-align-items-flex-start fusion-flex-content-wrap\" style=\"max-width:1305.6px;margin-left: calc(-2% \/ 2 );margin-right: calc(-2% \/ 2 );\"><div class=\"fusion-layout-column fusion_builder_column fusion-builder-column-0 fusion_builder_column_1_1 1_1 fusion-flex-column\" style=\"--awb-bg-size:cover;--awb-width-large:100%;--awb-margin-top-large:0px;--awb-spacing-right-large:0.98%;--awb-margin-bottom-large:0px;--awb-spacing-left-large:0.98%;--awb-width-medium:100%;--awb-spacing-right-medium:0.98%;--awb-spacing-left-medium:0.98%;--awb-width-small:100%;--awb-spacing-right-small:0.98%;--awb-spacing-left-small:0.98%;\"><div class=\"fusion-column-wrapper fusion-flex-justify-content-flex-start fusion-content-layout-column\"><div class=\"fusion-text fusion-text-1\" style=\"--awb-text-color:var(--awb-color1);\"><p><strong>Cookie-Richtlinie<\/strong><\/p>\n<p>Wir von der Total Product Expo (TPE<sup>)\u00ae<\/sup> m\u00f6chten sicherstellen, dass Ihr Besuch auf unserer Website reibungslos, zuverl\u00e4ssig und so n\u00fctzlich wie m\u00f6glich f\u00fcr Sie ist. Um uns dabei zu helfen, verwenden wir Cookies, Beacons und \u00e4hnliche Technologien (in dieser Richtlinie zusammen als &#8220;Cookies&#8221; bezeichnet). Wir informieren Sie \u00fcber die Verwendung von Cookies, wenn Sie unsere Website zum ersten Mal besuchen, und zwar durch einen Hinweisbanner am unteren Rand der Seite. Indem Sie die Seite weiter nutzen, stimmen Sie unserer Verwendung von Cookies zu.   <\/p>\n<p><strong>Was sind Cookies?<\/strong><\/p>\n<p>Cookies sind Dateien, die kleine Mengen an Informationen enthalten und auf das von Ihnen verwendete Ger\u00e4t heruntergeladen werden, wenn Sie eine Website besuchen. Die Cookies werden dann bei jedem weiteren Besuch an die urspr\u00fcngliche Website oder an eine andere Website, die das Cookie erkennt, zur\u00fcckgesendet. Cookies erf\u00fcllen viele verschiedene und n\u00fctzliche Aufgaben, wie z.B. die Speicherung Ihrer Pr\u00e4ferenzen und die allgemeine Verbesserung Ihrer Online-Erfahrung.  <\/p>\n<p><strong>Sitzungs- und dauerhafte Cookies<\/strong><\/p>\n<ul>\n<li>Session-Cookies bleiben nur f\u00fcr die Dauer Ihres Besuchs bestehen und werden gel\u00f6scht, wenn Sie Ihren Browser schlie\u00dfen. Sie erleichtern verschiedene Aufgaben, z. B. erm\u00f6glichen sie einer Website zu erkennen, dass ein Benutzer mit einem bestimmten Ger\u00e4t von Seite zu Seite navigiert, unterst\u00fctzen die Sicherheit der Website oder grundlegende Funktionen. <\/li>\n<li>Dauerhafte Cookies bleiben bestehen, nachdem Sie Ihren Browser geschlossen haben, und erm\u00f6glichen es einer Website, sich an Ihre Aktionen und Pr\u00e4ferenzen zu erinnern. Manchmal werden dauerhafte Cookies von Websites verwendet, um auf der Grundlage des Browserverlaufs des Ger\u00e4ts gezielte Werbung anzubieten. <\/li>\n<\/ul>\n<p><strong>Was, wenn ich keine Cookies akzeptieren m\u00f6chte?<\/strong><\/p>\n<p>Obwohl Sie, wie oben erw\u00e4hnt, unserer Verwendung von Cookies zustimmen m\u00fcssen, k\u00f6nnen Sie Ihren Browser so einstellen, dass Sie \u00fcber die Platzierung von Cookies informiert werden und Cookies nur im Einzelfall zulassen, Cookies f\u00fcr bestimmte Ereignisse ausschlie\u00dfen oder Cookies automatisch l\u00f6schen. Wenn Sie die Verwendung von Cookies deaktivieren oder einschr\u00e4nken, kann die Funktionalit\u00e4t unserer Website eingeschr\u00e4nkt sein. <\/p>\n<p><strong>Die von uns verwendeten Cookies fallen in diese vier Kategorien<\/strong><\/p>\n<p><strong><br \/>\nUnverzichtbare Cookies<\/strong> &#8211; Diese Cookies sind notwendig, damit Sie auf unsere Website zugreifen, sich auf ihr bewegen und alle Funktionen nutzen k\u00f6nnen. Ohne diese Cookies w\u00fcrde unsere Website nicht richtig funktionieren und Sie k\u00f6nnten bestimmte wichtige Funktionen nicht nutzen. Diese Cookies sammeln keine Informationen \u00fcber Sie zu Marketingzwecken.  <\/p>\n<p><strong>Performance-Cookies<\/strong> &#8211; Diese Cookies sammeln Informationen dar\u00fcber, wie Besucher eine Website nutzen, z. B. welche Seiten sie am h\u00e4ufigsten besuchen und ob sie Fehlermeldungen von Webseiten erhalten. Diese Cookies sammeln keine Informationen, die einen Besucher identifizieren, obwohl sie m\u00f6glicherweise die IP-Adresse des Ger\u00e4ts erfassen, das f\u00fcr den Zugriff auf die Website verwendet wird. Alle Informationen, die diese Cookies sammeln, sind anonym und werden nur verwendet, um die Funktionsweise einer Website zu verbessern, das Benutzererlebnis zu verbessern und unsere Werbung zu optimieren.  <\/p>\n<p><strong>Funktions-Cookies<\/strong> &#8211; Diese Cookies erm\u00f6glichen es der Website, sich an die von Ihnen getroffenen Entscheidungen zu erinnern, z. B. an Ihren Benutzernamen. Sie k\u00f6nnen auch verwendet werden, um von Ihnen angeforderte Dienste bereitzustellen, wie z.B. das Ansehen eines Videos. Die Informationen, die diese Cookies sammeln, sind anonymisiert (d.h. sie enthalten nicht Ihren Namen, Ihre Adresse usw.) und sie verfolgen Ihre Surfaktivit\u00e4ten auf anderen Websites nicht.  <\/p>\n<p><strong>Zielgerichtete Cookies<\/strong> &#8211; Diese Cookies sammeln verschiedene Informationen \u00fcber Ihre Surfgewohnheiten. Sie werden in der Regel von Werbenetzwerken gesetzt. Sie merken sich, dass Sie eine Website besucht haben, und diese Informationen werden an andere Organisationen wie Medienverlage weitergegeben. Diese Organisationen tun dies, um Ihnen gezielte Werbung zu liefern, die besser auf Sie und Ihre Interessen zugeschnitten ist.   <\/p>\n<p><strong>Cookies von Erstanbietern und Drittanbietern<\/strong><\/p>\n<p>Ob ein Cookie ein Erst- oder ein Drittanbieter-Cookie ist, h\u00e4ngt davon ab, von welcher Website das Cookie stammt. Erstanbieter-Cookies sind Cookies, die von oder im Namen der von Ihnen besuchten Website gesetzt werden. Alle anderen Cookies sind Drittanbieter-Cookies. Wir verwenden sowohl Erstanbieter- als auch Drittanbieter-Cookies, \u00fcber die Sie in der folgenden Liste mehr erfahren k\u00f6nnen.   <\/p>\n<p><strong>Auf unserer Website verwendete Cookies von Drittanbietern<\/strong><\/p>\n<p><em>Wenn Sie mehr \u00fcber diese Drittanbieter-Cookies erfahren m\u00f6chten, empfehlen wir Ihnen, deren Websites zu besuchen, um weitere Einzelheiten \u00fcber deren Richtlinien zu erfahren.<\/em><\/p>\n<p><strong>Cookie-Verwaltung<\/strong><\/p>\n<p>Besucher unserer Website werden \u00fcber eine Popup-Meldung \u00fcber die von uns verwendeten Cookies informiert und auf diese Seite verwiesen, wenn sie weitere Informationen w\u00fcnschen. Dieses Cookie von Cookie Script merkt sich, dass der Kunde das Cookie-Einverst\u00e4ndnis-Banner akzeptiert hat. Es wird im Browser des Benutzers gespeichert und bedeutet, dass Sie das Banner nicht mehr sehen. Diese Website verwendet auch Google Tag Manager, ein Tag-Management-System, das die Verwaltung und Aktualisierung aller anderen in dieser Richtlinie genannten Cookies\/Tags erm\u00f6glicht.   <\/p>\n<p><strong>E-Mail-Analytik<\/strong><\/p>\n<p>Zoho Campaigns Analytics und Zoho CRM Marketing Cloud k\u00f6nnen mit unseren Marketing-E-Mails verwendet werden, um den Erfolg (\u00d6ffnen von E-Mails, Klicks auf Links) dieser Nachrichten zu verfolgen. Pers\u00f6nliche Daten werden in Zoho CRM Marketing Cloud gespeichert, wenn unsere Kunden ein Formular f\u00fcr die Anmeldung zu Veranstaltungen, Kontakt-\/Anfrageformulare oder f\u00fcr das Abonnement unserer E-Mail-Nachrichten ausf\u00fcllen. Nicht-personenbezogene Daten wie IP-Adresse, Betriebssystem, Webbrowser und besuchte Seiten werden sowohl von Google Analytics als auch von Zoho CRM Marketing Cloud erfasst.  <\/p>\n<p><strong>Formular Sicherheit<\/strong><\/p>\n<p>Wir k\u00f6nnen Google reCAPTCHA (&#8220;reCAPTCHA&#8221;) auf unseren Websites verwenden. Der Zweck von reCAPTCHA besteht darin, zu \u00fcberpr\u00fcfen, ob die Daten auf unseren Websites (z.B. in einem Kontaktformular) von einer Person oder einem automatisierten Programm eingegeben wurden. Dies dient dazu, unsere Website vor betr\u00fcgerischem automatisiertem Aussp\u00e4hen und vor Spam zu sch\u00fctzen.  <\/p>\n<p><strong>Standort-Analytik<\/strong><\/p>\n<p>Unsere mobile Anwendung enth\u00e4lt Funktionen, die es unseren Teilnehmern erm\u00f6glichen, ihren Standort bei der Veranstaltung zu identifizieren. Die Nutzer der Anwendung haben die Wahl, die Anwendung anonym zu nutzen oder sich als identifizierter Nutzer anzumelden. In diesem Fall k\u00f6nnen die bei der Registrierung angegebenen pers\u00f6nlichen Daten verwendet werden. Nicht-personenbezogene Daten wie IP-Adresse, Ger\u00e4te-ID und Standort werden gesammelt.  <\/p>\n<p><strong>Umfrage-Analytik<\/strong><\/p>\n<p>Einige Kunden erhalten von uns m\u00f6glicherweise eine Umfrage, die Survey Monkey verwendet. Diese Umfragen werden per E-Mail an ausgew\u00e4hlte Kunden geschickt, die ein Formular f\u00fcr die Anmeldung zu Veranstaltungen ausf\u00fcllen oder eines unserer Produkte und Dienstleistungen nutzen. Ihre Umfrageantworten werden mit den pers\u00f6nlichen Daten abgeglichen, die Sie bei der Registrierung oder beim Kauf angegeben haben.  <\/p>\n<p><strong>Multimedia-Inhalt<\/strong><\/p>\n<p>Vimeo, SwapCard und YouTube werden f\u00fcr die Bereitstellung von Videoinhalten auf unserer Website verwendet. Diese Cookies messen die Bandbreite Ihrer Internetverbindung, um die Anzeige der Videos zu optimieren und um einzelne Benutzer zu identifizieren, damit sie Ihr Erlebnis auf der Grundlage Ihrer bisherigen Videonutzung personalisieren k\u00f6nnen. <\/p>\n<p><strong>Website-Analytik<\/strong><\/p>\n<p>Google Analytics sammelt Informationen dar\u00fcber, wie Besucher unsere Website nutzen. Wir verwenden diese Informationen, um Berichte zu erstellen und die Website zu verbessern. Die Cookies sammeln Informationen in anonymer Form, einschlie\u00dflich der Anzahl der Besucher der Website, von wo aus die Besucher auf die Website gekommen sind und welche Seiten sie besucht haben.  <\/p>\n<\/div><\/div><\/div><\/div><\/div>\n","protected":false},"excerpt":{"rendered":"","protected":false},"author":25,"featured_media":0,"parent":0,"menu_order":0,"comment_status":"closed","ping_status":"closed","template":"","meta":{"footnotes":""},"class_list":["post-55815","page","type-page","status-publish","hentry"],"yoast_head":"<!-- This site is optimized with the Yoast SEO plugin v26.1.1 - https:\/\/yoast.com\/wordpress\/plugins\/seo\/ -->\n<title>Cookie-Richtlinie &#8211; TPE | Total Product Expo<\/title>\n<meta name=\"robots\" content=\"index, follow, max-snippet:-1, max-image-preview:large, max-video-preview:-1\" \/>\n<link rel=\"canonical\" href=\"https:\/\/totalproductexpo.com\/de\/cookie-richtlinie\/\" \/>\n<meta property=\"og:locale\" content=\"de_DE\" \/>\n<meta property=\"og:type\" content=\"article\" \/>\n<meta property=\"og:title\" content=\"Cookie-Richtlinie &#8211; TPE | Total Product Expo\" \/>\n<meta property=\"og:url\" content=\"https:\/\/totalproductexpo.com\/de\/cookie-richtlinie\/\" \/>\n<meta property=\"og:site_name\" content=\"TPE | Total Product Expo\" \/>\n<meta property=\"article:publisher\" content=\"https:\/\/www.facebook.com\/totalproductexpo\/\" \/>\n<meta property=\"article:modified_time\" content=\"2025-11-13T18:10:43+00:00\" \/>\n<meta name=\"twitter:card\" content=\"summary_large_image\" \/>\n<meta name=\"twitter:site\" content=\"@totalproductxpo\" \/>\n<meta name=\"twitter:label1\" content=\"Est. reading time\" \/>\n\t<meta name=\"twitter:data1\" content=\"9 minutes\" \/>\n<script type=\"application\/ld+json\" class=\"yoast-schema-graph\">{\"@context\":\"https:\/\/schema.org\",\"@graph\":[{\"@type\":\"WebPage\",\"@id\":\"https:\/\/totalproductexpo.com\/de\/cookie-richtlinie\/\",\"url\":\"https:\/\/totalproductexpo.com\/de\/cookie-richtlinie\/\",\"name\":\"Cookie-Richtlinie &#8211; TPE | Total Product Expo\",\"isPartOf\":{\"@id\":\"https:\/\/totalproductexpo.com\/de\/#website\"},\"datePublished\":\"2025-01-07T19:46:41+00:00\",\"dateModified\":\"2025-11-13T18:10:43+00:00\",\"breadcrumb\":{\"@id\":\"https:\/\/totalproductexpo.com\/de\/cookie-richtlinie\/#breadcrumb\"},\"inLanguage\":\"de-DE\",\"potentialAction\":[{\"@type\":\"ReadAction\",\"target\":[\"https:\/\/totalproductexpo.com\/de\/cookie-richtlinie\/\"]}]},{\"@type\":\"BreadcrumbList\",\"@id\":\"https:\/\/totalproductexpo.com\/de\/cookie-richtlinie\/#breadcrumb\",\"itemListElement\":[{\"@type\":\"ListItem\",\"position\":1,\"name\":\"Home\",\"item\":\"https:\/\/totalproductexpo.com\/de\/\"},{\"@type\":\"ListItem\",\"position\":2,\"name\":\"Cookie-Richtlinie\"}]},{\"@type\":\"WebSite\",\"@id\":\"https:\/\/totalproductexpo.com\/de\/#website\",\"url\":\"https:\/\/totalproductexpo.com\/de\/\",\"name\":\"TPE | Total Product Expo\",\"description\":\"Tobacco \u2022 Vapor \u2022\u00a0Alternative B2B Trade Show\",\"publisher\":{\"@id\":\"https:\/\/totalproductexpo.com\/de\/#organization\"},\"alternateName\":\"Total Product Expo\",\"potentialAction\":[{\"@type\":\"SearchAction\",\"target\":{\"@type\":\"EntryPoint\",\"urlTemplate\":\"https:\/\/totalproductexpo.com\/de\/?s={search_term_string}\"},\"query-input\":{\"@type\":\"PropertyValueSpecification\",\"valueRequired\":true,\"valueName\":\"search_term_string\"}}],\"inLanguage\":\"de-DE\"},{\"@type\":\"Organization\",\"@id\":\"https:\/\/totalproductexpo.com\/de\/#organization\",\"name\":\"Total Product Events\",\"alternateName\":\"Total Product Expo\",\"url\":\"https:\/\/totalproductexpo.com\/de\/\",\"logo\":{\"@type\":\"ImageObject\",\"inLanguage\":\"de-DE\",\"@id\":\"https:\/\/totalproductexpo.com\/de\/#\/schema\/logo\/image\/\",\"url\":\"https:\/\/totalproductexpo.com\/wp-content\/uploads\/2024\/06\/TPExpo-TPEvents-Logo_696px-jpg.webp\",\"contentUrl\":\"https:\/\/totalproductexpo.com\/wp-content\/uploads\/2024\/06\/TPExpo-TPEvents-Logo_696px-jpg.webp\",\"width\":696,\"height\":696,\"caption\":\"Total Product Events\"},\"image\":{\"@id\":\"https:\/\/totalproductexpo.com\/de\/#\/schema\/logo\/image\/\"},\"sameAs\":[\"https:\/\/www.facebook.com\/totalproductexpo\/\",\"https:\/\/x.com\/totalproductxpo\",\"https:\/\/www.instagram.com\/totalproductexpo\/\",\"https:\/\/www.linkedin.com\/company\/totalproductexpo\",\"https:\/\/www.youtube.com\/channel\/UCeZ7S2zlSGbA9KzB3eVjWAw\"]}]}<\/script>\n<!-- \/ Yoast SEO plugin. -->","yoast_head_json":{"title":"Cookie-Richtlinie &#8211; TPE | Total Product Expo","robots":{"index":"index","follow":"follow","max-snippet":"max-snippet:-1","max-image-preview":"max-image-preview:large","max-video-preview":"max-video-preview:-1"},"canonical":"https:\/\/totalproductexpo.com\/de\/cookie-richtlinie\/","og_locale":"de_DE","og_type":"article","og_title":"Cookie-Richtlinie &#8211; TPE | Total Product Expo","og_url":"https:\/\/totalproductexpo.com\/de\/cookie-richtlinie\/","og_site_name":"TPE | Total Product Expo","article_publisher":"https:\/\/www.facebook.com\/totalproductexpo\/","article_modified_time":"2025-11-13T18:10:43+00:00","twitter_card":"summary_large_image","twitter_site":"@totalproductxpo","twitter_misc":{"Est. reading time":"9 minutes"},"schema":{"@context":"https:\/\/schema.org","@graph":[{"@type":"WebPage","@id":"https:\/\/totalproductexpo.com\/de\/cookie-richtlinie\/","url":"https:\/\/totalproductexpo.com\/de\/cookie-richtlinie\/","name":"Cookie-Richtlinie &#8211; TPE | Total Product Expo","isPartOf":{"@id":"https:\/\/totalproductexpo.com\/de\/#website"},"datePublished":"2025-01-07T19:46:41+00:00","dateModified":"2025-11-13T18:10:43+00:00","breadcrumb":{"@id":"https:\/\/totalproductexpo.com\/de\/cookie-richtlinie\/#breadcrumb"},"inLanguage":"de-DE","potentialAction":[{"@type":"ReadAction","target":["https:\/\/totalproductexpo.com\/de\/cookie-richtlinie\/"]}]},{"@type":"BreadcrumbList","@id":"https:\/\/totalproductexpo.com\/de\/cookie-richtlinie\/#breadcrumb","itemListElement":[{"@type":"ListItem","position":1,"name":"Home","item":"https:\/\/totalproductexpo.com\/de\/"},{"@type":"ListItem","position":2,"name":"Cookie-Richtlinie"}]},{"@type":"WebSite","@id":"https:\/\/totalproductexpo.com\/de\/#website","url":"https:\/\/totalproductexpo.com\/de\/","name":"TPE | Total Product Expo","description":"Tobacco \u2022 Vapor \u2022\u00a0Alternative B2B Trade Show","publisher":{"@id":"https:\/\/totalproductexpo.com\/de\/#organization"},"alternateName":"Total Product Expo","potentialAction":[{"@type":"SearchAction","target":{"@type":"EntryPoint","urlTemplate":"https:\/\/totalproductexpo.com\/de\/?s={search_term_string}"},"query-input":{"@type":"PropertyValueSpecification","valueRequired":true,"valueName":"search_term_string"}}],"inLanguage":"de-DE"},{"@type":"Organization","@id":"https:\/\/totalproductexpo.com\/de\/#organization","name":"Total Product Events","alternateName":"Total Product Expo","url":"https:\/\/totalproductexpo.com\/de\/","logo":{"@type":"ImageObject","inLanguage":"de-DE","@id":"https:\/\/totalproductexpo.com\/de\/#\/schema\/logo\/image\/","url":"https:\/\/totalproductexpo.com\/wp-content\/uploads\/2024\/06\/TPExpo-TPEvents-Logo_696px-jpg.webp","contentUrl":"https:\/\/totalproductexpo.com\/wp-content\/uploads\/2024\/06\/TPExpo-TPEvents-Logo_696px-jpg.webp","width":696,"height":696,"caption":"Total Product Events"},"image":{"@id":"https:\/\/totalproductexpo.com\/de\/#\/schema\/logo\/image\/"},"sameAs":["https:\/\/www.facebook.com\/totalproductexpo\/","https:\/\/x.com\/totalproductxpo","https:\/\/www.instagram.com\/totalproductexpo\/","https:\/\/www.linkedin.com\/company\/totalproductexpo","https:\/\/www.youtube.com\/channel\/UCeZ7S2zlSGbA9KzB3eVjWAw"]}]}},"_links":{"self":[{"href":"https:\/\/totalproductexpo.com\/de\/wp-json\/wp\/v2\/pages\/55815","targetHints":{"allow":["GET"]}}],"collection":[{"href":"https:\/\/totalproductexpo.com\/de\/wp-json\/wp\/v2\/pages"}],"about":[{"href":"https:\/\/totalproductexpo.com\/de\/wp-json\/wp\/v2\/types\/page"}],"author":[{"embeddable":true,"href":"https:\/\/totalproductexpo.com\/de\/wp-json\/wp\/v2\/users\/25"}],"replies":[{"embeddable":true,"href":"https:\/\/totalproductexpo.com\/de\/wp-json\/wp\/v2\/comments?post=55815"}],"version-history":[{"count":1,"href":"https:\/\/totalproductexpo.com\/de\/wp-json\/wp\/v2\/pages\/55815\/revisions"}],"predecessor-version":[{"id":55820,"href":"https:\/\/totalproductexpo.com\/de\/wp-json\/wp\/v2\/pages\/55815\/revisions\/55820"}],"wp:attachment":[{"href":"https:\/\/totalproductexpo.com\/de\/wp-json\/wp\/v2\/media?parent=55815"}],"curies":[{"name":"wp","href":"https:\/\/api.w.org\/{rel}","templated":true}]}}