{"id":54745,"date":"2025-08-19T20:10:57","date_gmt":"2025-08-20T03:10:57","guid":{"rendered":"https:\/\/totalproductexpo.com\/programas-exclusivos-alojados\/"},"modified":"2025-11-13T10:34:56","modified_gmt":"2025-11-13T18:34:56","slug":"programas-exclusivos-alojados","status":"publish","type":"page","link":"https:\/\/totalproductexpo.com\/es\/programas-exclusivos-alojados\/","title":{"rendered":"Programas exclusivos alojados"},"content":{"rendered":"<div class=\"fusion-fullwidth fullwidth-box fusion-builder-row-1 fusion-flex-container has-pattern-background has-mask-background hundred-percent-fullwidth non-hundred-percent-height-scrolling hero\" style=\"--awb-border-radius-top-left:0px;--awb-border-radius-top-right:0px;--awb-border-radius-bottom-right:0px;--awb-border-radius-bottom-left:0px;--awb-margin-bottom-small:-42%;--awb-background-color:#090b29;--awb-flex-wrap:wrap;\" ><div class=\"fusion-builder-row fusion-row fusion-flex-align-items-flex-start fusion-flex-content-wrap\" style=\"width:102% !important;max-width:102% !important;margin-left: calc(-2% \/ 2 );margin-right: calc(-2% \/ 2 );\"><div class=\"fusion-layout-column fusion_builder_column fusion-builder-column-0 fusion_builder_column_1_1 1_1 fusion-flex-column\" style=\"--awb-bg-size:cover;--awb-width-large:100%;--awb-spacing-right-large:0.98%;--awb-margin-bottom-large:0px;--awb-spacing-left-large:0.98%;--awb-width-medium:100%;--awb-order-medium:0;--awb-spacing-right-medium:0.98%;--awb-spacing-left-medium:0.98%;--awb-width-small:100%;--awb-order-small:0;--awb-spacing-right-small:0.98%;--awb-spacing-left-small:0.98%;\" data-scroll-devices=\"small-visibility,medium-visibility,large-visibility\"><div class=\"fusion-column-wrapper fusion-column-has-shadow fusion-flex-justify-content-flex-start fusion-content-layout-column\"><div>\n\n\n  <meta charset=\"UTF-8\">\n  <meta name=\"viewport\" content=\"width=anchura-dispositivo, initial-scale=1.0\">\n  <title>Programas de acogida TPE<\/title>\n  <link rel=\"stylesheet\" href=\"estilos.css\">\n\n\n  <main class=\"main-content\">\n    <!-- Hero Section -->\n    <section class=\"hero-section\">\n      <div class=\"hero-background\"><\/div>\n      <div class=\"hero-image-desktop\"><\/div>\n      \n      <div class=\"hero-content\">\n        <h1 class=\"hero-title\">\n  PROGRAMAS EXCLUSIVOS ALOJADOS EN<br><br> \n        <\/h1>\n      <\/div>\n      \n      <!-- Hero Banner -->\n      <div class=\"hero-banner\">\n        <img decoding=\"async\" src=\"data:image\/gif;base64,R0lGODlhAQABAAAAACH5BAEKAAEALAAAAAABAAEAAAICTAEAOw==\" data-orig-src=\"https:\/\/c.animaapp.com\/memdjnztYkPUbi\/assets\/sec-2-background.png\" alt=\"\" class=\"lazyload hero-banner-bg\">\n        \n        <!-- Chrome Assets -->\n        <img decoding=\"async\" src=\"data:image\/gif;base64,R0lGODlhAQABAAAAACH5BAEKAAEALAAAAAABAAEAAAICTAEAOw==\" data-orig-src=\"https:\/\/c.animaapp.com\/memdjnztYkPUbi\/assets\/chrome-asset-2@2x.png\" alt=\"\" class=\"lazyload chrome-asset-right\">\n        <img decoding=\"async\" src=\"data:image\/gif;base64,R0lGODlhAQABAAAAACH5BAEKAAEALAAAAAABAAEAAAICTAEAOw==\" data-orig-src=\"https:\/\/c.animaapp.com\/memdjnztYkPUbi\/assets\/chrome-asset-1@2x.png\" alt=\"\" class=\"lazyload chrome-asset-left\">\n        \n        <div class=\"hero-banner-content\">\n          <h2 class=\"hero-subtitle\">TPE INVIERTE EN TI<\/h2>\n          <p class=\"hero-description\">\n            <strong>Volver al TPE cada a\u00f1o conlleva serias ventajas. Acceso gratuito al espect\u00e1culo. Estancias gratuitas en hoteles. Y mucho m\u00e1s.<\/strong>\n S\u00f3lo en 2025 hemos invertido m\u00e1s de 150.000 $ en programas de fidelizaci\u00f3n y alojamiento. Elige tu sector y descubre la experiencia de acogida de la que podr\u00edas formar parte en la TPE. \n          <\/p>\n        <\/div>\n      <\/div>\n    <\/section>\n\n    <!-- Category Buttons -->\n    <section class=\"category-section\">\n      <div class=\"category-buttons\">\n        <a href=\"#hosted-buyer-program\" class=\"category-button active\">COMPRADOR<\/a>\n        <a href=\"#hosted-distributor-program\" class=\"category-button\">DISTRIBUIDOR<\/a>\n        <a href=\"#hosted-international-distributor-program\" class=\"category-button\">INTERNACIONAL<\/a>\n        <a href=\"#hosted-media-program\" class=\"category-button\">MEDIOS DE COMUNICACI\u00d3N<\/a>\n      <\/div>\n    <\/section>\n\n    <!-- Loyalty Program Section -->\n    <section class=\"program-section\">\n      <div class=\"program-container\">\n        <div class=\"program-content\">\n          <div class=\"program-text\">\n            <h2 class=\"program-title\">PROGRAMA DE FIDELIDAD<\/h2>\n            <div class=\"program-image mobile-image\">\n              <img class=\"lazyload\" decoding=\"async\" src=\"data:image\/gif;base64,R0lGODlhAQABAAAAACH5BAEKAAEALAAAAAABAAEAAAICTAEAOw==\" data-orig-src=\"https:\/\/c.animaapp.com\/memdjnztYkPUbi\/assets\/image-1.png\" alt=\"Foto de grupo de los miembros del programa de fidelizaci\u00f3n TPE\">\n            <\/div>\n            <div class=\"program-description\">\n              <p>Para compradores que hayan asistido m\u00e1s de 3 a\u00f1os consecutivos a la TPE... \u00a1\u00danete a los m\u00e1s de 500 miembros fieles de la TPE 2025 en la feria de este a\u00f1o y disfruta de lujosas ventajas, como una habitaci\u00f3n de hotel de alta gama por nuestra cuenta! Si tienes tres o m\u00e1s a\u00f1os de asistencia repetida como comprador cualificado, podr\u00edas optar al estatus VIP. <\/p>\n              <p class=\"program-note\">La inscripci\u00f3n en el programa se abre TEMPRANO, el 23 de septiembre.<\/p>\n              <p class=\"benefits-title\">Los beneficios incluyen:<\/p>\n              <ul class=\"benefits-list\">\n                <li>Dos noches de hotel gratis <strong>en<\/strong> Resort World<\/li>\n                <li>Inscripci\u00f3n gratuita al espect\u00e1culo<\/li>\n                <li>Regalo de agradecimiento (un alijo privado de merchandising TPE y productos de expositor)<\/li>\n                <li>Recogida prioritaria de insignias<\/li>\n              <\/ul>\n            <\/div>\n            <a href=\"https:\/\/totalproductexpo.com\/contact\/\" class=\"contact-button\">\n              <span>CONT\u00c1CTANOS<\/span>\n            <\/a>\n          <\/div>\n          <div class=\"program-image desktop-image\">\n            <img class=\"lazyload\" decoding=\"async\" src=\"data:image\/gif;base64,R0lGODlhAQABAAAAACH5BAEKAAEALAAAAAABAAEAAAICTAEAOw==\" data-orig-src=\"https:\/\/c.animaapp.com\/memdjnztYkPUbi\/assets\/image-1.png\" alt=\"Foto de grupo de los miembros del programa de fidelizaci\u00f3n TPE\">\n          <\/div>\n        <\/div>\n      <\/div>\n    <\/section>\n\n    <!-- Hosted Buyer Program Section -->\n    <section class=\"program-section\" id=\"hosted-buyer-program\">\n      <div class=\"program-container\">\n        <div class=\"program-content\">\n          <div class=\"program-text\">\n            <h2 class=\"program-title\">PROGRAMA DE COMPRADORES ALOJADOS<\/h2>\n            <div class=\"program-image mobile-image\">\n              <img class=\"lazyload\" decoding=\"async\" src=\"data:image\/gif;base64,R0lGODlhAQABAAAAACH5BAEKAAEALAAAAAABAAEAAAICTAEAOw==\" data-orig-src=\"https:\/\/c.animaapp.com\/eBvhT3Gm\/img\/image-2.png\" alt=\"Asistentes a una feria en un stand\">\n            <\/div>\n            <div class=\"program-description\">\n              <p>Para compradores cualificados seleccionados por TPE...<\/p>\n              <p>Los minoristas seleccionados que pueden optar al estatus premier suelen estar a un a\u00f1o de obtener el estatus de fidelidad. Ponte en contacto con el equipo del programa para obtener m\u00e1s informaci\u00f3n. <\/p>\n              <p class=\"benefits-title\">Los beneficios incluyen:<\/p>\n              <ul class=\"benefits-list\">\n                <li>Dos noches gratis en el Hotel Sahara<\/li>\n                <li>Inscripci\u00f3n gratuita al espect\u00e1culo<\/li>\n              <\/ul>\n            <\/div>\n          <\/div>\n          <div class=\"program-image desktop-image\">\n            <img class=\"lazyload\" decoding=\"async\" src=\"data:image\/gif;base64,R0lGODlhAQABAAAAACH5BAEKAAEALAAAAAABAAEAAAICTAEAOw==\" data-orig-src=\"https:\/\/c.animaapp.com\/eBvhT3Gm\/img\/image-2.png\" alt=\"Asistentes a una feria en un stand\">\n          <\/div>\n        <\/div>\n      <\/div>\n    <\/section>\n\n    <!-- Hosted Distributor Program Section -->\n    <section class=\"program-section\" id=\"hosted-distributor-program\">\n      <div class=\"program-container\">\n        <div class=\"program-content\">\n          <div class=\"program-text\">\n            <h2 class=\"program-title\">PROGRAMA DE DISTRIBUIDORES ALOJADOS<\/h2>\n            <div class=\"program-image mobile-image\">\n              <img class=\"lazyload\" decoding=\"async\" src=\"data:image\/gif;base64,R0lGODlhAQABAAAAACH5BAEKAAEALAAAAAABAAEAAAICTAEAOw==\" data-orig-src=\"https:\/\/c.animaapp.com\/iZRz1WGl\/img\/image-3.png\" alt=\"Programa de distribuidores\">\n            <\/div>\n            <div class=\"program-description\">\n              <p>Para distribuidores cualificados seleccionados a mano por TPE...<\/p>\n              <p>Haz negocios en la sala de exposiciones y \u00a1g\u00e1stanos tu habitaci\u00f3n de hotel de lujo! Adelante, date un capricho. Este trato especial es un placer para nosotros.  <\/p>\n              <p class=\"benefits-title\">Los beneficios incluyen:<\/p>\n              <p>- Dos noches de hotel gratis <strong>en<\/strong> Resort World<br> - Inscripci\u00f3n gratuita al espect\u00e1culo<\/p>\n            <\/div>\n          <\/div>\n          <div class=\"program-image desktop-image\">\n            <img class=\"lazyload\" decoding=\"async\" src=\"data:image\/gif;base64,R0lGODlhAQABAAAAACH5BAEKAAEALAAAAAABAAEAAAICTAEAOw==\" data-orig-src=\"https:\/\/c.animaapp.com\/iZRz1WGl\/img\/image-3.png\" alt=\"Programa de distribuidores\">\n          <\/div>\n        <\/div>\n      <\/div>\n    <\/section>\n\n    <!-- Hosted International Distributor Program Section -->\n    <section class=\"program-section\" id=\"hosted-international-distributor-program\">\n      <div class=\"program-container\">\n        <div class=\"program-content\">\n          <div class=\"program-text\">\n            <h2 class=\"program-title\">PROGRAMA DE DISTRIBUIDORES INTERNACIONALES ALOJADOS<\/h2>\n            <div class=\"program-image mobile-image\">\n              <img class=\"lazyload\" decoding=\"async\" src=\"data:image\/gif;base64,R0lGODlhAQABAAAAACH5BAEKAAEALAAAAAABAAEAAAICTAEAOw==\" data-orig-src=\"https:\/\/c.animaapp.com\/DaL925hq\/img\/image-4.png\" alt=\"Programa de distribuidores internacionales\">\n            <\/div>\n            <div class=\"program-description\">\n              <p>Para los distribuidores internacionales cualificados que vengan a TPE...<\/p>\n              <p>Apreciamos a los distribuidores que viajan a trav\u00e9s de los continentes para hacer negocios, y queremos que tu viaje sea lo m\u00e1s fluido posible. Disfruta de una noche de estancia adicional y de una tarjeta regalo para ayudarte con los gastos de viaje. <\/p>\n              <p class=\"benefits-title\">Los beneficios incluyen:<\/p>\n              <ul class=\"benefits-list\">\n                <li>Tres noches gratis en el Hotel Sahara<\/li>\n                <li>Tarjeta regalo de 100<\/li>\n                <li>Inscripci\u00f3n gratuita al espect\u00e1culo<\/li>\n              <\/ul>\n            <\/div>\n          <\/div>\n          <div class=\"program-image desktop-image\">\n            <img class=\"lazyload\" decoding=\"async\" src=\"data:image\/gif;base64,R0lGODlhAQABAAAAACH5BAEKAAEALAAAAAABAAEAAAICTAEAOw==\" data-orig-src=\"https:\/\/c.animaapp.com\/DaL925hq\/img\/image-4.png\" alt=\"Programa de distribuidores internacionales\">\n          <\/div>\n        <\/div>\n      <\/div>\n    <\/section>\n\n    <!-- Hosted Media Program Section -->\n    <section class=\"program-section\" id=\"hosted-media-program\">\n      <div class=\"program-container\">\n        <div class=\"program-content\">\n          <div class=\"program-text\">\n            <h2 class=\"program-title\">PROGRAMA DE MEDIOS ALOJADOS<\/h2>\n            <div class=\"program-image mobile-image\">\n              <img class=\"lazyload\" decoding=\"async\" src=\"data:image\/gif;base64,R0lGODlhAQABAAAAACH5BAEKAAEALAAAAAABAAEAAAICTAEAOw==\" data-orig-src=\"https:\/\/c.animaapp.com\/Kirwws0e\/img\/image-5.png\" alt=\"Programa de medios de comunicaci\u00f3n\">\n            <\/div>\n            <div class=\"program-description\">\n              <p>Acceso exclusivo a la planta para los que cubren TPE...<\/p>\n              <p>Los medios de comunicaci\u00f3n seleccionados a dedo tienen un primer vistazo y una entrada f\u00e1cil para hacer lo suyo. Y por poner a TPE en el punto de mira, nos gustar\u00eda devolverte el favor con algunas ventajas especiales. <\/p>\n              <p class=\"benefits-title\">Los beneficios incluyen para determinados medios de comunicaci\u00f3n:<\/p>\n              <ul class=\"benefits-list\">\n                <li>Dos noches gratis en el Hotel Sahara<\/li>\n                <li>Inscripci\u00f3n gratuita al espect\u00e1culo<\/li>\n                <li>Acceso a la sala de exposiciones una hora antes<\/li>\n              <\/ul>\n            <\/div>\n          <\/div>\n          <div class=\"program-image desktop-image\">\n            <img class=\"lazyload\" decoding=\"async\" src=\"data:image\/gif;base64,R0lGODlhAQABAAAAACH5BAEKAAEALAAAAAABAAEAAAICTAEAOw==\" data-orig-src=\"https:\/\/c.animaapp.com\/Kirwws0e\/img\/image-5.png\" alt=\"Programa de medios de comunicaci\u00f3n\">\n          <\/div>\n        <\/div>\n      <\/div>\n    <\/section>\n\n    <!-- CTA Section -->\n    <section class=\"cta-section\">\n      <div class=\"cta-background\">\n        <video class=\"cta-video\" autoplay=\"\" muted=\"\" loop=\"\" playsinline=\"\">\n          <source src=\"https:\/\/totalproductexpo.com\/wp-content\/uploads\/2025\/08\/HB-Video-Background.mp4\" type=\"video\/mp4\">\n          <div class=\"video-fallback\"><\/div>\n        <\/source><\/video>\n        <div class=\"cta-overlay\"><\/div>\n      <\/div>\n      \n      <img decoding=\"async\" src=\"data:image\/gif;base64,R0lGODlhAQABAAAAACH5BAEKAAEALAAAAAABAAEAAAICTAEAOw==\" data-orig-src=\"https:\/\/c.animaapp.com\/memdjnztYkPUbi\/assets\/chrome-asset-1@2x.png\" alt=\"\" class=\"lazyload cta-chrome-left\">\n      <img decoding=\"async\" src=\"data:image\/gif;base64,R0lGODlhAQABAAAAACH5BAEKAAEALAAAAAABAAEAAAICTAEAOw==\" data-orig-src=\"https:\/\/c.animaapp.com\/memdjnztYkPUbi\/assets\/chrome-asset-2@2x.png\" alt=\"\" class=\"lazyload cta-chrome-right\">\n      \n      <div class=\"cta-content\">\n        <h2 class=\"cta-title\">SABER M\u00c1S<\/h2>\n        <p class=\"cta-description\">Si tienes preguntas sobre uno o varios de estos programas, estamos aqu\u00ed para ayudarte.<\/p>\n        <a href=\"https:\/\/totalproductexpo.com\/contact\/\" class=\"contact-button\">\n          <span>CONT\u00c1CTANOS<\/span>\n        <\/a>\n      <\/div>\n    <\/section>\n\n    <!-- Mobile Spacer Section (matches footer background) -->\n    <section class=\"mobile-spacer\"><\/section>\n  <\/main>\n\n\n<\/div><\/div><\/div><\/div><\/div>\n","protected":false},"excerpt":{"rendered":"","protected":false},"author":25,"featured_media":0,"parent":0,"menu_order":0,"comment_status":"closed","ping_status":"closed","template":"100-width.php","meta":{"footnotes":""},"class_list":["post-54745","page","type-page","status-publish","hentry"],"yoast_head":"<!-- This site is optimized with the Yoast SEO plugin v26.1.1 - https:\/\/yoast.com\/wordpress\/plugins\/seo\/ -->\n<title>Programas exclusivos alojados &#8211; TPE | Total Product Expo<\/title>\n<meta name=\"robots\" content=\"index, follow, max-snippet:-1, max-image-preview:large, max-video-preview:-1\" \/>\n<link rel=\"canonical\" href=\"https:\/\/totalproductexpo.com\/es\/programas-exclusivos-alojados\/\" \/>\n<meta property=\"og:locale\" content=\"es_ES\" \/>\n<meta property=\"og:type\" content=\"article\" \/>\n<meta property=\"og:title\" content=\"Programas exclusivos alojados &#8211; TPE | Total Product Expo\" \/>\n<meta property=\"og:url\" content=\"https:\/\/totalproductexpo.com\/es\/programas-exclusivos-alojados\/\" \/>\n<meta property=\"og:site_name\" content=\"TPE | Total Product Expo\" \/>\n<meta property=\"article:publisher\" content=\"https:\/\/www.facebook.com\/totalproductexpo\/\" \/>\n<meta property=\"article:modified_time\" content=\"2025-11-13T18:34:56+00:00\" \/>\n<meta name=\"twitter:card\" content=\"summary_large_image\" \/>\n<meta name=\"twitter:site\" content=\"@totalproductxpo\" \/>\n<meta name=\"twitter:label1\" content=\"Est. reading time\" \/>\n\t<meta name=\"twitter:data1\" content=\"13 minutes\" \/>\n<script type=\"application\/ld+json\" class=\"yoast-schema-graph\">{\"@context\":\"https:\/\/schema.org\",\"@graph\":[{\"@type\":\"WebPage\",\"@id\":\"https:\/\/totalproductexpo.com\/es\/programas-exclusivos-alojados\/\",\"url\":\"https:\/\/totalproductexpo.com\/es\/programas-exclusivos-alojados\/\",\"name\":\"Programas exclusivos alojados &#8211; TPE | Total Product Expo\",\"isPartOf\":{\"@id\":\"https:\/\/totalproductexpo.com\/es\/#website\"},\"datePublished\":\"2025-08-20T03:10:57+00:00\",\"dateModified\":\"2025-11-13T18:34:56+00:00\",\"breadcrumb\":{\"@id\":\"https:\/\/totalproductexpo.com\/es\/programas-exclusivos-alojados\/#breadcrumb\"},\"inLanguage\":\"es-ES\",\"potentialAction\":[{\"@type\":\"ReadAction\",\"target\":[\"https:\/\/totalproductexpo.com\/es\/programas-exclusivos-alojados\/\"]}]},{\"@type\":\"BreadcrumbList\",\"@id\":\"https:\/\/totalproductexpo.com\/es\/programas-exclusivos-alojados\/#breadcrumb\",\"itemListElement\":[{\"@type\":\"ListItem\",\"position\":1,\"name\":\"Home\",\"item\":\"https:\/\/totalproductexpo.com\/es\/\"},{\"@type\":\"ListItem\",\"position\":2,\"name\":\"Programas exclusivos alojados\"}]},{\"@type\":\"WebSite\",\"@id\":\"https:\/\/totalproductexpo.com\/es\/#website\",\"url\":\"https:\/\/totalproductexpo.com\/es\/\",\"name\":\"TPE | Total Product Expo\",\"description\":\"Tobacco \u2022 Vapor \u2022\u00a0Alternative B2B Trade Show\",\"publisher\":{\"@id\":\"https:\/\/totalproductexpo.com\/es\/#organization\"},\"alternateName\":\"Total Product Expo\",\"potentialAction\":[{\"@type\":\"SearchAction\",\"target\":{\"@type\":\"EntryPoint\",\"urlTemplate\":\"https:\/\/totalproductexpo.com\/es\/?s={search_term_string}\"},\"query-input\":{\"@type\":\"PropertyValueSpecification\",\"valueRequired\":true,\"valueName\":\"search_term_string\"}}],\"inLanguage\":\"es-ES\"},{\"@type\":\"Organization\",\"@id\":\"https:\/\/totalproductexpo.com\/es\/#organization\",\"name\":\"Total Product Events\",\"alternateName\":\"Total Product Expo\",\"url\":\"https:\/\/totalproductexpo.com\/es\/\",\"logo\":{\"@type\":\"ImageObject\",\"inLanguage\":\"es-ES\",\"@id\":\"https:\/\/totalproductexpo.com\/es\/#\/schema\/logo\/image\/\",\"url\":\"https:\/\/totalproductexpo.com\/wp-content\/uploads\/2024\/06\/TPExpo-TPEvents-Logo_696px-jpg.webp\",\"contentUrl\":\"https:\/\/totalproductexpo.com\/wp-content\/uploads\/2024\/06\/TPExpo-TPEvents-Logo_696px-jpg.webp\",\"width\":696,\"height\":696,\"caption\":\"Total Product Events\"},\"image\":{\"@id\":\"https:\/\/totalproductexpo.com\/es\/#\/schema\/logo\/image\/\"},\"sameAs\":[\"https:\/\/www.facebook.com\/totalproductexpo\/\",\"https:\/\/x.com\/totalproductxpo\",\"https:\/\/www.instagram.com\/totalproductexpo\/\",\"https:\/\/www.linkedin.com\/company\/totalproductexpo\",\"https:\/\/www.youtube.com\/channel\/UCeZ7S2zlSGbA9KzB3eVjWAw\"]}]}<\/script>\n<!-- \/ Yoast SEO plugin. -->","yoast_head_json":{"title":"Programas exclusivos alojados &#8211; TPE | Total Product Expo","robots":{"index":"index","follow":"follow","max-snippet":"max-snippet:-1","max-image-preview":"max-image-preview:large","max-video-preview":"max-video-preview:-1"},"canonical":"https:\/\/totalproductexpo.com\/es\/programas-exclusivos-alojados\/","og_locale":"es_ES","og_type":"article","og_title":"Programas exclusivos alojados &#8211; TPE | Total Product Expo","og_url":"https:\/\/totalproductexpo.com\/es\/programas-exclusivos-alojados\/","og_site_name":"TPE | Total Product Expo","article_publisher":"https:\/\/www.facebook.com\/totalproductexpo\/","article_modified_time":"2025-11-13T18:34:56+00:00","twitter_card":"summary_large_image","twitter_site":"@totalproductxpo","twitter_misc":{"Est. reading time":"13 minutes"},"schema":{"@context":"https:\/\/schema.org","@graph":[{"@type":"WebPage","@id":"https:\/\/totalproductexpo.com\/es\/programas-exclusivos-alojados\/","url":"https:\/\/totalproductexpo.com\/es\/programas-exclusivos-alojados\/","name":"Programas exclusivos alojados &#8211; TPE | Total Product Expo","isPartOf":{"@id":"https:\/\/totalproductexpo.com\/es\/#website"},"datePublished":"2025-08-20T03:10:57+00:00","dateModified":"2025-11-13T18:34:56+00:00","breadcrumb":{"@id":"https:\/\/totalproductexpo.com\/es\/programas-exclusivos-alojados\/#breadcrumb"},"inLanguage":"es-ES","potentialAction":[{"@type":"ReadAction","target":["https:\/\/totalproductexpo.com\/es\/programas-exclusivos-alojados\/"]}]},{"@type":"BreadcrumbList","@id":"https:\/\/totalproductexpo.com\/es\/programas-exclusivos-alojados\/#breadcrumb","itemListElement":[{"@type":"ListItem","position":1,"name":"Home","item":"https:\/\/totalproductexpo.com\/es\/"},{"@type":"ListItem","position":2,"name":"Programas exclusivos alojados"}]},{"@type":"WebSite","@id":"https:\/\/totalproductexpo.com\/es\/#website","url":"https:\/\/totalproductexpo.com\/es\/","name":"TPE | Total Product Expo","description":"Tobacco \u2022 Vapor \u2022\u00a0Alternative B2B Trade Show","publisher":{"@id":"https:\/\/totalproductexpo.com\/es\/#organization"},"alternateName":"Total Product Expo","potentialAction":[{"@type":"SearchAction","target":{"@type":"EntryPoint","urlTemplate":"https:\/\/totalproductexpo.com\/es\/?s={search_term_string}"},"query-input":{"@type":"PropertyValueSpecification","valueRequired":true,"valueName":"search_term_string"}}],"inLanguage":"es-ES"},{"@type":"Organization","@id":"https:\/\/totalproductexpo.com\/es\/#organization","name":"Total Product Events","alternateName":"Total Product Expo","url":"https:\/\/totalproductexpo.com\/es\/","logo":{"@type":"ImageObject","inLanguage":"es-ES","@id":"https:\/\/totalproductexpo.com\/es\/#\/schema\/logo\/image\/","url":"https:\/\/totalproductexpo.com\/wp-content\/uploads\/2024\/06\/TPExpo-TPEvents-Logo_696px-jpg.webp","contentUrl":"https:\/\/totalproductexpo.com\/wp-content\/uploads\/2024\/06\/TPExpo-TPEvents-Logo_696px-jpg.webp","width":696,"height":696,"caption":"Total Product Events"},"image":{"@id":"https:\/\/totalproductexpo.com\/es\/#\/schema\/logo\/image\/"},"sameAs":["https:\/\/www.facebook.com\/totalproductexpo\/","https:\/\/x.com\/totalproductxpo","https:\/\/www.instagram.com\/totalproductexpo\/","https:\/\/www.linkedin.com\/company\/totalproductexpo","https:\/\/www.youtube.com\/channel\/UCeZ7S2zlSGbA9KzB3eVjWAw"]}]}},"_links":{"self":[{"href":"https:\/\/totalproductexpo.com\/es\/wp-json\/wp\/v2\/pages\/54745","targetHints":{"allow":["GET"]}}],"collection":[{"href":"https:\/\/totalproductexpo.com\/es\/wp-json\/wp\/v2\/pages"}],"about":[{"href":"https:\/\/totalproductexpo.com\/es\/wp-json\/wp\/v2\/types\/page"}],"author":[{"embeddable":true,"href":"https:\/\/totalproductexpo.com\/es\/wp-json\/wp\/v2\/users\/25"}],"replies":[{"embeddable":true,"href":"https:\/\/totalproductexpo.com\/es\/wp-json\/wp\/v2\/comments?post=54745"}],"version-history":[{"count":24,"href":"https:\/\/totalproductexpo.com\/es\/wp-json\/wp\/v2\/pages\/54745\/revisions"}],"predecessor-version":[{"id":55705,"href":"https:\/\/totalproductexpo.com\/es\/wp-json\/wp\/v2\/pages\/54745\/revisions\/55705"}],"wp:attachment":[{"href":"https:\/\/totalproductexpo.com\/es\/wp-json\/wp\/v2\/media?parent=54745"}],"curies":[{"name":"wp","href":"https:\/\/api.w.org\/{rel}","templated":true}]}}