{"id":55768,"date":"2025-01-07T11:44:02","date_gmt":"2025-01-07T19:44:02","guid":{"rendered":"https:\/\/totalproductexpo.com\/condiciones-de-uso\/"},"modified":"2025-11-13T10:10:39","modified_gmt":"2025-11-13T18:10:39","slug":"condiciones-de-uso","status":"publish","type":"page","link":"https:\/\/totalproductexpo.com\/es\/condiciones-de-uso\/","title":{"rendered":"Condiciones de uso"},"content":{"rendered":"<div class=\"fusion-fullwidth fullwidth-box fusion-builder-row-1 fusion-flex-container has-pattern-background has-mask-background nonhundred-percent-fullwidth non-hundred-percent-height-scrolling\" style=\"--awb-border-radius-top-left:0px;--awb-border-radius-top-right:0px;--awb-border-radius-bottom-right:0px;--awb-border-radius-bottom-left:0px;--awb-background-color:var(--awb-color8);--awb-flex-wrap:wrap;\" ><div class=\"fusion-builder-row fusion-row fusion-flex-align-items-flex-start fusion-flex-content-wrap\" style=\"max-width:1305.6px;margin-left: calc(-2% \/ 2 );margin-right: calc(-2% \/ 2 );\"><div class=\"fusion-layout-column fusion_builder_column fusion-builder-column-0 fusion_builder_column_1_1 1_1 fusion-flex-column\" style=\"--awb-bg-size:cover;--awb-width-large:100%;--awb-margin-top-large:0px;--awb-spacing-right-large:0.98%;--awb-margin-bottom-large:0px;--awb-spacing-left-large:0.98%;--awb-width-medium:100%;--awb-spacing-right-medium:0.98%;--awb-spacing-left-medium:0.98%;--awb-width-small:100%;--awb-spacing-right-small:0.98%;--awb-spacing-left-small:0.98%;\"><div class=\"fusion-column-wrapper fusion-flex-justify-content-flex-start fusion-content-layout-column\"><div class=\"fusion-text fusion-text-1\" style=\"--awb-text-color:var(--awb-color1);\"><p><strong>Expo Producto Total<\/strong><\/p>\n<p>Gracias por utilizar nuestro sitio web, aplicaci\u00f3n m\u00f3vil, productos y servicios (&#8220;Servicios&#8221;). Estas condiciones (&#8220;Condiciones&#8221;) explican c\u00f3mo puedes utilizar nuestros Servicios. Los Servicios son prestados por Total Product Expo (TPE)\u2122 (&#8220;TPE&#8221;), con domicilio en P.O. Box 58541, Raleigh, NC 27658, Estados Unidos.  <\/p>\n<p>Al acceder y utilizar nuestros Servicios, aceptas estas Condiciones. Por favor, l\u00e9elas atentamente. <\/p>\n<p>TPE ofrece una variedad de Servicios, por lo que a veces pueden aplicarse condiciones adicionales o requisitos del producto. Las condiciones adicionales estar\u00e1n disponibles con los Servicios correspondientes, y dichas condiciones adicionales pasar\u00e1n a formar parte de tu acuerdo con nosotros si utilizas dichos Servicios. <\/p>\n<p><strong>Acceder y utilizar nuestros servicios<\/strong><\/p>\n<p><em>S\u00f3lo puedes utilizar nuestros Servicios con fines l\u00edcitos. Aceptas seguir cualquier pol\u00edtica que se ponga a tu disposici\u00f3n mientras utilizas cualquiera de los Servicios de TPE. Debes tener al menos 21 a\u00f1os para utilizar nuestra aplicaci\u00f3n m\u00f3vil.  <\/em><\/p>\n<p>No puedes utilizar nuestros Servicios (1) de ninguna forma que infrinja cualquier ley o normativa aplicable; (2) de ninguna forma que sea ilegal o fraudulenta, o que tenga un prop\u00f3sito o efecto ilegal o fraudulento; (3) con el prop\u00f3sito de da\u00f1ar o intentar da\u00f1ar a cualquier individuo de cualquier forma; (4) para enviar, recibir, cargar, descargar, utilizar o reutilizar cualquier material que no cumpla con estas Condiciones o con cualquiera de las condiciones aplicables a los Servicios; (5) para transmitir, o procurar el env\u00edo de, cualquier material publicitario o promocional no solicitado o no autorizado o cualquier otra forma de solicitud similar (spam); (6) para crear responsabilidad para nosotros de cualquier manera; (7) transmitir a sabiendas cualquier dato, enviar o cargar cualquier material que contenga virus, troyanos, gusanos, bombas de relojer\u00eda, registradores de pulsaciones de teclas, spyware, adware o cualquier otro programa da\u00f1ino o c\u00f3digo inform\u00e1tico similar dise\u00f1ado para afectar negativamente al funcionamiento de cualquier software o hardware inform\u00e1tico; (8) interferir, da\u00f1ar o interrumpir cualquier parte del sitio web o de los Servicios de TPE, incluyendo cualquier equipo, software o red; y (9) reproducir, manipular, falsificar, suplantar o representar que eres el propietario o que est\u00e1s afiliado a este sitio web o a los Servicios de TPE.<\/p>\n<p>Nos reservamos el derecho a modificar la informaci\u00f3n o retirar los Servicios que proporcionamos sin previo aviso. No seremos responsables si, por cualquier motivo, nuestros Servicios no est\u00e1n disponibles en cualquier momento durante cualquier periodo. Eres responsable de hacer todos los arreglos necesarios para tener acceso a nuestro sitio web, aplicaci\u00f3n m\u00f3vil y Servicios asociados.  <\/p>\n<p>Nuestros Servicios pueden mostrar alg\u00fan contenido que no sea de TPE y pueden contener enlaces a sitios web o servicios de terceros que no est\u00e9n controlados por TPE. Cualquier contenido, enlace o servicio de terceros es responsabilidad exclusiva de la entidad que lo pone a disposici\u00f3n. TPE no ofrece ninguna garant\u00eda ni representaci\u00f3n por el material de terceros y no acepta ninguna responsabilidad por cualquier p\u00e9rdida o da\u00f1o que pueda derivarse del uso de contenidos, enlaces o servicios de terceros. Si decides acceder a cualquier material de terceros, lo haces bajo tu propia responsabilidad. Aunque revisemos el contenido y eliminemos o nos neguemos a mostrar el contenido que consideremos razonablemente que infringe nuestras pol\u00edticas o la ley, no certificamos que se haya revisado todo el contenido.    <\/p>\n<p>Cuando accedes a nuestros Servicios a trav\u00e9s de tu dispositivo m\u00f3vil, reconoces que se aplicar\u00e1 tu acuerdo con tu proveedor de red m\u00f3vil (&#8220;Proveedor m\u00f3vil&#8221;). Aceptas la responsabilidad de los cargos de tu Proveedor de telefon\u00eda m\u00f3vil por los servicios de datos mientras utilizas determinadas funciones de nuestros Servicios o cualquier cargo de terceros que pueda surgir. Si no eres el pagador de la factura del dispositivo que se utiliza para acceder a nuestros Servicios, se asumir\u00e1 que has recibido permiso del pagador de la factura para utilizar nuestros Servicios.  <\/p>\n<p>Reconoces que cuando utilices servicios proporcionados por Apple o Google (o cualquier otro tercero) en relaci\u00f3n con el uso de nuestros Servicios, estar\u00e1s sujeto a los t\u00e9rminos y condiciones y a la pol\u00edtica de privacidad de dicho tercero, y debes asegurarte de haber le\u00eddo dichos t\u00e9rminos.<\/p>\n<p><strong>Terminaci\u00f3n o suspensi\u00f3n de los servicios<\/strong><\/p>\n<p>TPE puede terminar o suspender el acceso a nuestros Servicios inmediatamente, sin previo aviso ni responsabilidad, por cualquier motivo, si no cumples estos T\u00e9rminos o cualquier t\u00e9rmino o pol\u00edtica relacionados con los Servicios. Si procede, podemos informar de cualquier incumplimiento de estos T\u00e9rminos a las autoridades policiales pertinentes. <\/p>\n<p>Todas las disposiciones de las Condiciones que, por su naturaleza, deban sobrevivir a la rescisi\u00f3n, sobrevivir\u00e1n a la rescisi\u00f3n, incluyendo, sin limitaci\u00f3n, las disposiciones de propiedad, las renuncias de garant\u00eda, la indemnizaci\u00f3n y las limitaciones de responsabilidad.<\/p>\n<p><strong>Cuentas y contrase\u00f1as<\/strong><\/p>\n<p>En ocasiones, podemos solicitarte una contrase\u00f1a y datos de registro para acceder a nuestros Servicios. Si te pedimos una contrase\u00f1a y datos de registro, los datos que proporciones deben ser correctos, actuales y completos. Eres responsable de mantener la confidencialidad de cualquier contrase\u00f1a(s) que se te proporcione para acceder a los Servicios, y eres totalmente responsable de todas las actividades que ocurran bajo tu(s) contrase\u00f1a(s). Te comprometes a notificarnos inmediatamente cualquier uso no autorizado de tu(s) contrase\u00f1a(s). Nos reservamos el derecho a no facilitar una contrase\u00f1a a cualquier persona o entidad.    <\/p>\n<p>Nunca debes utilizar la cuenta de otro usuario sin permiso. TPE no ser\u00e1 responsable de ninguna p\u00e9rdida causada por el uso no autorizado de tu cuenta. <\/p>\n<p><strong>Privacidad y cookies<\/strong><\/p>\n<p>La <a href=\"https:\/\/web.archive.org\/web\/20240619143902\/https:\/totalproductexpo.com\/privacy-policy\">Pol\u00edtica de Privacidad<\/a> de TPE describe c\u00f3mo tratamos tus datos personales y protegemos tu privacidad cuando utilizas nuestros Servicios. La <g id=\"gid_1\">Pol\u00edtica de Cookies <\/g>de TPE explica c\u00f3mo TPE utiliza las cookies. Al utilizar nuestros Servicios, aceptas que TPE utilice dichos datos de conformidad con nuestras Pol\u00edticas de Privacidad y de Cookies.  <\/p>\n<p>En relaci\u00f3n con tu uso de los Servicios, podemos enviarte comunicaciones transaccionales o de marketing. Puedes optar por excluirte de las comunicaciones de marketing; consulta nuestra <a href=\"https:\/\/web.archive.org\/web\/20240619143902\/https:\/totalproductexpo.com\/privacy-policy\">Pol\u00edtica de privacidad<\/a> para obtener m\u00e1s informaci\u00f3n. <\/p>\n<p><strong>Derechos de propiedad intelectual &#8211; Titularidad de TPE<\/strong><\/p>\n<p>Todo el contenido, texto, im\u00e1genes, datos, informaci\u00f3n y dem\u00e1s material mostrado, disponible o presente en nuestros Servicios (&#8220;Contenido&#8221;), incluyendo cualquier derecho de propiedad intelectual sobre dicho Contenido (incluyendo, sin limitaci\u00f3n, marcas registradas y derechos de autor) (en adelante, &#8220;Derechos de Propiedad Intelectual&#8221;), son propiedad de TPE, sus afiliados, sus licenciantes o los propietarios designados, y est\u00e1n protegidos por las leyes de propiedad intelectual aplicables. Debes asumir que todo lo que veas o leas en nuestros Servicios est\u00e1 protegido por derechos de autor, a menos que se indique lo contrario, y no puede ser utilizado sin nuestro permiso por escrito, salvo lo dispuesto en estas Condiciones de Uso. <\/p>\n<p>El uso de nuestros Servicios no te otorga ninguna propiedad ni derecho legal sobre ninguna de nuestras propiedades intelectuales o Contenidos a los que accedas. No puedes utilizar el Contenido a menos que obtengas permiso o te lo permita la ley. No elimines, ocultes ni alteres ning\u00fan aviso legal que aparezca en nuestros Servicios o junto a ellos.  <\/p>\n<p><strong>Derechos de propiedad intelectual &#8211; Contenido del usuario<\/strong><\/p>\n<p>Respondemos a los avisos de presuntas infracciones de derechos de autor y cancelamos las cuentas de infractores reincidentes seg\u00fan el proceso establecido en la Ley de Derechos de Autor del Milenio Digital de EE.UU. (Digital Millennium Copyright Act). Para consultas sobre derechos de autor seg\u00fan la Ley de Derechos de Autor del Milenio Digital, ponte en contacto con el Agente de Derechos de Autor de TPE en: Attn: Copyright Agent, Legal Department, Total Product Expo, P.O. Box 58541, Raleigh NC 27658 o info@tobaccoplusexpo.com. <\/p>\n<p><strong>Renuncias de garant\u00eda<\/strong><\/p>\n<p>ESTOS SERVICIOS, SU CONTENIDO Y SUS ENLACES SE PROPORCIONAN &#8220;TAL CUAL&#8221; Y SE UTILIZAN BAJO TU PROPIA RESPONSABILIDAD, EN LA M\u00c1XIMA MEDIDA PERMITIDA POR LA LEY. TPE RENUNCIA A TODAS LAS GARANT\u00cdAS, EXPRESAS O IMPL\u00cdCITAS, DE CUALQUIER TIPO, RELATIVAS A ESTOS SERVICIOS (INCLUIDO SU CONTENIDO, HARDWARE, SOFTWARE Y ENLACES), INCLUIDA CUALQUIER GARANT\u00cdA IMPL\u00cdCITA DE ADECUACI\u00d3N A UN FIN DETERMINADO, COMERCIABILIDAD, TITULARIDAD, NO INFRACCI\u00d3N, RESULTADOS, EXACTITUD, INTEGRIDAD, ACCESIBILIDAD, COMPATIBILIDAD, SEGURIDAD Y AUSENCIA DE VIRUS INFORM\u00c1TICOS. SI LA LEY APLICABLE NO PERMITE QUE SE TE APLIQUE LA EXCLUSI\u00d3N DE ALGUNAS O TODAS LAS GARANT\u00cdAS IMPL\u00cdCITAS ANTERIORES, LAS EXCLUSIONES ANTERIORES SE TE APLICAR\u00c1N EN LA M\u00c1XIMA MEDIDA PERMITIDA POR LA LEY APLICABLE.  <\/p>\n<p><strong>Limitaciones de responsabilidad y recursos<\/strong><\/p>\n<p>TODA LA RESPONSABILIDAD DE TPE Y TU RECURSO EXCLUSIVO CON RESPECTO A CUALQUIER LITIGIO CON TPE (INCLUIDO, SIN LIMITACI\u00d3N, TU USO DE LOS SERVICIOS) CONSISTE EN DEJAR DE UTILIZAR LOS SERVICIOS. TPE Y SUS VENDEDORES NO SER\u00c1N RESPONSABLES DE NING\u00daN DA\u00d1O DIRECTO, INDIRECTO, ESPECIAL, INCIDENTAL, CONSECUENTE, PUNITIVO O EJEMPLAR DERIVADO DE TU USO DE ESTOS SERVICIOS O DE CUALQUIER OTRA RECLAMACI\u00d3N RELACIONADA DE ALG\u00daN MODO CON TU USO O REGISTRO EN TPE. ESTAS EXCLUSIONES INCLUYEN, SIN LIMITACI\u00d3N, DA\u00d1OS POR P\u00c9RDIDA DE NEGOCIO, P\u00c9RDIDA DE BENEFICIOS, P\u00c9RDIDA DE INGRESOS, P\u00c9RDIDA DE DATOS, P\u00c9RDIDA DE FONDO DE COMERCIO, PARALIZACI\u00d3N DEL TRABAJO, FALLO O MAL FUNCIONAMIENTO DEL ORDENADOR, O CUALQUIER OTRO DA\u00d1O O P\u00c9RDIDA COMERCIAL, INCLUSO SI TPE HUBIERA SIDO ADVERTIDO DE LA POSIBILIDAD DE LOS MISMOS E INDEPENDIENTEMENTE DE LA TEOR\u00cdA LEGAL O DE EQUIDAD EN LA QUE SE BASE LA RECLAMACI\u00d3N. EN ESTADOS O JURISDICCIONES QUE NO PERMITAN LA EXCLUSI\u00d3N O LA LIMITACI\u00d3N DE RESPONSABILIDAD POR DA\u00d1OS CONSECUENCIALES O INCIDENTALES, LA RESPONSABILIDAD DE TPE Y SUS VENDEDORES RESPONSABILIDAD DE TPE Y SUS VENDEDORES EN DICHOS ESTADOS O JURISDICCIONES SE LIMITAR\u00c1 EN LA MEDIDA PERMITIDA POR LA LEY. TPE NO AVALA, GARANTIZA NI AVALA NING\u00daN PRODUCTO O SERVICIO OFRECIDO A TRAV\u00c9S DE ESTOS SERVICIOS Y NO SER\u00c1 PARTE NI RESPONSABLE EN MODO ALGUNO DE SUPERVISAR NINGUNA TRANSACCI\u00d3N ENTRE T\u00da Y TERCEROS PROVEEDORES DE PRODUCTOS O SERVICIOS. EN CUALQUIER CASO, SI ALGUNA DE LAS DISPOSICIONES ANTERIORES DE ESTA SECCI\u00d3N NO ES EXIGIBLE EN UNA JURISDICCI\u00d3N APLICABLE, LA RESPONSABILIDAD M\u00c1XIMA DE TPE SE LIMITAR\u00c1, A LA ENTERA DISCRECI\u00d3N DE TPE, A (1) LA CORRECCI\u00d3N O ELIMINACI\u00d3N DE CUALQUIER CONTENIDO O ENLACE INEXACTO; O (2) EL REEMBOLSO DE LA CANTIDAD QUE NOS PAGASTE POR UTILIZAR ESTOS SERVICIOS.     <\/p>\n<p><strong>Indemnizaci\u00f3n<\/strong><\/p>\n<p>Aceptas defender, indemnizar y mantener indemne a TPE y a sus afiliados, directivos, directores, empleados, agentes y contratistas de cualquier demanda, reclamaci\u00f3n, pleito, acci\u00f3n, da\u00f1o, responsabilidad, gasto o perjuicio, incluidos los honorarios de abogados, que surjan o est\u00e9n relacionados con el uso de los Servicios o la violaci\u00f3n de estas Condiciones, la conducta en l\u00ednea o los tratos o transacciones con otras personas que resulten del uso de los Servicios de TPE.<\/p>\n<p><strong>Usos empresariales de nuestros servicios<\/strong><\/p>\n<p>Si utilizas nuestros Servicios en nombre de una empresa, dicha empresa acepta estas condiciones. Mantendr\u00e1 indemne e indemnizar\u00e1 a TPE y a sus afiliados, directivos, directores, empleados, agentes y contratistas por cualquier demanda, reclamaci\u00f3n, pleito, acci\u00f3n, da\u00f1o, responsabilidad, gasto o perjuicio derivado o relacionado con el uso de los Servicios o la violaci\u00f3n de estas condiciones, incluida cualquier responsabilidad o gasto derivado de reclamaciones, p\u00e9rdidas, da\u00f1os, pleitos, sentencias, costes de litigios y honorarios de abogados. <\/p>\n<p><strong>Modificaciones de las Condiciones o Servicios<\/strong><\/p>\n<p>Podemos modificar estas Condiciones o cualquier condici\u00f3n adicional que se aplique a un Servicio para reflejar cambios en la legislaci\u00f3n o cambios en nuestros Servicios. Debes consultar las Condiciones con regularidad. Publicaremos un aviso de las modificaciones de estas Condiciones en esta p\u00e1gina. Publicaremos el aviso de las condiciones adicionales modificadas en el Servicio aplicable. Los cambios no se aplicar\u00e1n con car\u00e1cter retroactivo. Si no est\u00e1s de acuerdo con las condiciones modificadas de un Servicio, debes dejar de utilizar dicho Servicio.     <\/p>\n<p>Podemos actualizar nuestros Servicios con regularidad y modificar su contenido en cualquier momento. Si surge la necesidad, podemos suspender el acceso a nuestros Servicios, o cerrarlos indefinidamente. Cualquiera de los materiales de nuestros Servicios puede no estar actualizado en un momento dado, y no tenemos ninguna obligaci\u00f3n de actualizar dicho material.  <\/p>\n<p><strong>Acerca de estos t\u00e9rminos<\/strong><\/p>\n<p>Si existe un conflicto entre estas Condiciones y cualquier otra condici\u00f3n adicional, las condiciones adicionales prevalecer\u00e1n sobre dicho conflicto.<\/p>\n<p>Estos T\u00e9rminos controlan la relaci\u00f3n entre TPE y t\u00fa. No crean derechos de terceros beneficiarios. <\/p>\n<p>Si no cumples estas Condiciones y no actuamos de inmediato, esto no significa que renunciemos a los derechos que podamos tener (como emprender acciones en el futuro).<\/p>\n<p>Si resulta que una cl\u00e1usula concreta no es ejecutable, esto no afectar\u00e1 a ninguna otra cl\u00e1usula.<\/p>\n<p>La ley de Carolina del Norte, EE.UU., sin tener en cuenta su conflicto de principios legales, regir\u00e1 todos los asuntos entre t\u00fa y TPE con respecto a tu uso de nuestros Servicios y se aplicar\u00e1 a cualquier disputa que surja de o est\u00e9 relacionada con estas Condiciones o los Servicios. Aceptas litigar exclusivamente en el Condado de Wake, Carolina del Norte, EE.UU. <\/p>\n<\/div><\/div><\/div><\/div><\/div>\n","protected":false},"excerpt":{"rendered":"","protected":false},"author":25,"featured_media":0,"parent":0,"menu_order":0,"comment_status":"closed","ping_status":"closed","template":"","meta":{"footnotes":""},"class_list":["post-55768","page","type-page","status-publish","hentry"],"yoast_head":"<!-- This site is optimized with the Yoast SEO plugin v26.1.1 - https:\/\/yoast.com\/wordpress\/plugins\/seo\/ -->\n<title>Condiciones de uso &#8211; TPE | Total Product Expo<\/title>\n<meta name=\"robots\" content=\"index, follow, max-snippet:-1, max-image-preview:large, max-video-preview:-1\" \/>\n<link rel=\"canonical\" href=\"https:\/\/totalproductexpo.com\/es\/condiciones-de-uso\/\" \/>\n<meta property=\"og:locale\" content=\"es_ES\" \/>\n<meta property=\"og:type\" content=\"article\" \/>\n<meta property=\"og:title\" content=\"Condiciones de uso &#8211; TPE | Total Product Expo\" \/>\n<meta property=\"og:url\" content=\"https:\/\/totalproductexpo.com\/es\/condiciones-de-uso\/\" \/>\n<meta property=\"og:site_name\" content=\"TPE | Total Product Expo\" \/>\n<meta property=\"article:publisher\" content=\"https:\/\/www.facebook.com\/totalproductexpo\/\" \/>\n<meta property=\"article:modified_time\" content=\"2025-11-13T18:10:39+00:00\" \/>\n<meta name=\"twitter:card\" content=\"summary_large_image\" \/>\n<meta name=\"twitter:site\" content=\"@totalproductxpo\" \/>\n<meta name=\"twitter:label1\" content=\"Est. reading time\" \/>\n\t<meta name=\"twitter:data1\" content=\"14 minutes\" \/>\n<script type=\"application\/ld+json\" class=\"yoast-schema-graph\">{\"@context\":\"https:\/\/schema.org\",\"@graph\":[{\"@type\":\"WebPage\",\"@id\":\"https:\/\/totalproductexpo.com\/es\/condiciones-de-uso\/\",\"url\":\"https:\/\/totalproductexpo.com\/es\/condiciones-de-uso\/\",\"name\":\"Condiciones de uso &#8211; TPE | Total Product Expo\",\"isPartOf\":{\"@id\":\"https:\/\/totalproductexpo.com\/es\/#website\"},\"datePublished\":\"2025-01-07T19:44:02+00:00\",\"dateModified\":\"2025-11-13T18:10:39+00:00\",\"breadcrumb\":{\"@id\":\"https:\/\/totalproductexpo.com\/es\/condiciones-de-uso\/#breadcrumb\"},\"inLanguage\":\"es-ES\",\"potentialAction\":[{\"@type\":\"ReadAction\",\"target\":[\"https:\/\/totalproductexpo.com\/es\/condiciones-de-uso\/\"]}]},{\"@type\":\"BreadcrumbList\",\"@id\":\"https:\/\/totalproductexpo.com\/es\/condiciones-de-uso\/#breadcrumb\",\"itemListElement\":[{\"@type\":\"ListItem\",\"position\":1,\"name\":\"Home\",\"item\":\"https:\/\/totalproductexpo.com\/es\/\"},{\"@type\":\"ListItem\",\"position\":2,\"name\":\"Condiciones de uso\"}]},{\"@type\":\"WebSite\",\"@id\":\"https:\/\/totalproductexpo.com\/es\/#website\",\"url\":\"https:\/\/totalproductexpo.com\/es\/\",\"name\":\"TPE | Total Product Expo\",\"description\":\"Tobacco \u2022 Vapor \u2022\u00a0Alternative B2B Trade Show\",\"publisher\":{\"@id\":\"https:\/\/totalproductexpo.com\/es\/#organization\"},\"alternateName\":\"Total Product Expo\",\"potentialAction\":[{\"@type\":\"SearchAction\",\"target\":{\"@type\":\"EntryPoint\",\"urlTemplate\":\"https:\/\/totalproductexpo.com\/es\/?s={search_term_string}\"},\"query-input\":{\"@type\":\"PropertyValueSpecification\",\"valueRequired\":true,\"valueName\":\"search_term_string\"}}],\"inLanguage\":\"es-ES\"},{\"@type\":\"Organization\",\"@id\":\"https:\/\/totalproductexpo.com\/es\/#organization\",\"name\":\"Total Product Events\",\"alternateName\":\"Total Product Expo\",\"url\":\"https:\/\/totalproductexpo.com\/es\/\",\"logo\":{\"@type\":\"ImageObject\",\"inLanguage\":\"es-ES\",\"@id\":\"https:\/\/totalproductexpo.com\/es\/#\/schema\/logo\/image\/\",\"url\":\"https:\/\/totalproductexpo.com\/wp-content\/uploads\/2024\/06\/TPExpo-TPEvents-Logo_696px-jpg.webp\",\"contentUrl\":\"https:\/\/totalproductexpo.com\/wp-content\/uploads\/2024\/06\/TPExpo-TPEvents-Logo_696px-jpg.webp\",\"width\":696,\"height\":696,\"caption\":\"Total Product Events\"},\"image\":{\"@id\":\"https:\/\/totalproductexpo.com\/es\/#\/schema\/logo\/image\/\"},\"sameAs\":[\"https:\/\/www.facebook.com\/totalproductexpo\/\",\"https:\/\/x.com\/totalproductxpo\",\"https:\/\/www.instagram.com\/totalproductexpo\/\",\"https:\/\/www.linkedin.com\/company\/totalproductexpo\",\"https:\/\/www.youtube.com\/channel\/UCeZ7S2zlSGbA9KzB3eVjWAw\"]}]}<\/script>\n<!-- \/ Yoast SEO plugin. -->","yoast_head_json":{"title":"Condiciones de uso &#8211; TPE | Total Product Expo","robots":{"index":"index","follow":"follow","max-snippet":"max-snippet:-1","max-image-preview":"max-image-preview:large","max-video-preview":"max-video-preview:-1"},"canonical":"https:\/\/totalproductexpo.com\/es\/condiciones-de-uso\/","og_locale":"es_ES","og_type":"article","og_title":"Condiciones de uso &#8211; TPE | Total Product Expo","og_url":"https:\/\/totalproductexpo.com\/es\/condiciones-de-uso\/","og_site_name":"TPE | Total Product Expo","article_publisher":"https:\/\/www.facebook.com\/totalproductexpo\/","article_modified_time":"2025-11-13T18:10:39+00:00","twitter_card":"summary_large_image","twitter_site":"@totalproductxpo","twitter_misc":{"Est. reading time":"14 minutes"},"schema":{"@context":"https:\/\/schema.org","@graph":[{"@type":"WebPage","@id":"https:\/\/totalproductexpo.com\/es\/condiciones-de-uso\/","url":"https:\/\/totalproductexpo.com\/es\/condiciones-de-uso\/","name":"Condiciones de uso &#8211; TPE | Total Product Expo","isPartOf":{"@id":"https:\/\/totalproductexpo.com\/es\/#website"},"datePublished":"2025-01-07T19:44:02+00:00","dateModified":"2025-11-13T18:10:39+00:00","breadcrumb":{"@id":"https:\/\/totalproductexpo.com\/es\/condiciones-de-uso\/#breadcrumb"},"inLanguage":"es-ES","potentialAction":[{"@type":"ReadAction","target":["https:\/\/totalproductexpo.com\/es\/condiciones-de-uso\/"]}]},{"@type":"BreadcrumbList","@id":"https:\/\/totalproductexpo.com\/es\/condiciones-de-uso\/#breadcrumb","itemListElement":[{"@type":"ListItem","position":1,"name":"Home","item":"https:\/\/totalproductexpo.com\/es\/"},{"@type":"ListItem","position":2,"name":"Condiciones de uso"}]},{"@type":"WebSite","@id":"https:\/\/totalproductexpo.com\/es\/#website","url":"https:\/\/totalproductexpo.com\/es\/","name":"TPE | Total Product Expo","description":"Tobacco \u2022 Vapor \u2022\u00a0Alternative B2B Trade Show","publisher":{"@id":"https:\/\/totalproductexpo.com\/es\/#organization"},"alternateName":"Total Product Expo","potentialAction":[{"@type":"SearchAction","target":{"@type":"EntryPoint","urlTemplate":"https:\/\/totalproductexpo.com\/es\/?s={search_term_string}"},"query-input":{"@type":"PropertyValueSpecification","valueRequired":true,"valueName":"search_term_string"}}],"inLanguage":"es-ES"},{"@type":"Organization","@id":"https:\/\/totalproductexpo.com\/es\/#organization","name":"Total Product Events","alternateName":"Total Product Expo","url":"https:\/\/totalproductexpo.com\/es\/","logo":{"@type":"ImageObject","inLanguage":"es-ES","@id":"https:\/\/totalproductexpo.com\/es\/#\/schema\/logo\/image\/","url":"https:\/\/totalproductexpo.com\/wp-content\/uploads\/2024\/06\/TPExpo-TPEvents-Logo_696px-jpg.webp","contentUrl":"https:\/\/totalproductexpo.com\/wp-content\/uploads\/2024\/06\/TPExpo-TPEvents-Logo_696px-jpg.webp","width":696,"height":696,"caption":"Total Product Events"},"image":{"@id":"https:\/\/totalproductexpo.com\/es\/#\/schema\/logo\/image\/"},"sameAs":["https:\/\/www.facebook.com\/totalproductexpo\/","https:\/\/x.com\/totalproductxpo","https:\/\/www.instagram.com\/totalproductexpo\/","https:\/\/www.linkedin.com\/company\/totalproductexpo","https:\/\/www.youtube.com\/channel\/UCeZ7S2zlSGbA9KzB3eVjWAw"]}]}},"_links":{"self":[{"href":"https:\/\/totalproductexpo.com\/es\/wp-json\/wp\/v2\/pages\/55768","targetHints":{"allow":["GET"]}}],"collection":[{"href":"https:\/\/totalproductexpo.com\/es\/wp-json\/wp\/v2\/pages"}],"about":[{"href":"https:\/\/totalproductexpo.com\/es\/wp-json\/wp\/v2\/types\/page"}],"author":[{"embeddable":true,"href":"https:\/\/totalproductexpo.com\/es\/wp-json\/wp\/v2\/users\/25"}],"replies":[{"embeddable":true,"href":"https:\/\/totalproductexpo.com\/es\/wp-json\/wp\/v2\/comments?post=55768"}],"version-history":[{"count":1,"href":"https:\/\/totalproductexpo.com\/es\/wp-json\/wp\/v2\/pages\/55768\/revisions"}],"predecessor-version":[{"id":55777,"href":"https:\/\/totalproductexpo.com\/es\/wp-json\/wp\/v2\/pages\/55768\/revisions\/55777"}],"wp:attachment":[{"href":"https:\/\/totalproductexpo.com\/es\/wp-json\/wp\/v2\/media?parent=55768"}],"curies":[{"name":"wp","href":"https:\/\/api.w.org\/{rel}","templated":true}]}}