{"id":55802,"date":"2025-01-07T11:46:41","date_gmt":"2025-01-07T19:46:41","guid":{"rendered":"https:\/\/totalproductexpo.com\/politica-de-cookies\/"},"modified":"2025-11-13T10:10:43","modified_gmt":"2025-11-13T18:10:43","slug":"politica-de-cookies","status":"publish","type":"page","link":"https:\/\/totalproductexpo.com\/es\/politica-de-cookies\/","title":{"rendered":"Pol\u00edtica de cookies"},"content":{"rendered":"<div class=\"fusion-fullwidth fullwidth-box fusion-builder-row-1 fusion-flex-container has-pattern-background has-mask-background nonhundred-percent-fullwidth non-hundred-percent-height-scrolling\" style=\"--awb-border-radius-top-left:0px;--awb-border-radius-top-right:0px;--awb-border-radius-bottom-right:0px;--awb-border-radius-bottom-left:0px;--awb-background-color:var(--awb-color8);--awb-flex-wrap:wrap;\" ><div class=\"fusion-builder-row fusion-row fusion-flex-align-items-flex-start fusion-flex-content-wrap\" style=\"max-width:1305.6px;margin-left: calc(-2% \/ 2 );margin-right: calc(-2% \/ 2 );\"><div class=\"fusion-layout-column fusion_builder_column fusion-builder-column-0 fusion_builder_column_1_1 1_1 fusion-flex-column\" style=\"--awb-bg-size:cover;--awb-width-large:100%;--awb-margin-top-large:0px;--awb-spacing-right-large:0.98%;--awb-margin-bottom-large:0px;--awb-spacing-left-large:0.98%;--awb-width-medium:100%;--awb-spacing-right-medium:0.98%;--awb-spacing-left-medium:0.98%;--awb-width-small:100%;--awb-spacing-right-small:0.98%;--awb-spacing-left-small:0.98%;\"><div class=\"fusion-column-wrapper fusion-flex-justify-content-flex-start fusion-content-layout-column\"><div class=\"fusion-text fusion-text-1\" style=\"--awb-text-color:var(--awb-color1);\"><p><strong>Pol\u00edtica de cookies<\/strong><\/p>\n<p>En Total Product Expo (TPE<sup>)\u00ae<\/sup> queremos asegurarnos de que tu visita a nuestro sitio web sea fluida, fiable y lo m\u00e1s \u00fatil posible para ti. Para ayudarnos a conseguirlo, utilizamos cookies, balizas y tecnolog\u00edas similares (denominadas conjuntamente &#8220;cookies&#8221; en esta pol\u00edtica). Te informamos sobre nuestro uso de cookies cuando visitas nuestro sitio web por primera vez, mediante un banner de notificaci\u00f3n en la parte inferior de la p\u00e1gina. Al continuar utilizando el sitio, aceptas nuestro uso de cookies.   <\/p>\n<p><strong>\u00bfQu\u00e9 son las cookies?<\/strong><\/p>\n<p>Las cookies son archivos que contienen peque\u00f1as cantidades de informaci\u00f3n que se descargan en el dispositivo que utilizas cuando visitas un sitio web. Las cookies se env\u00edan de vuelta al sitio web de origen en cada visita posterior, o a otro sitio web que reconozca esa cookie. Las cookies realizan muchas tareas diferentes y \u00fatiles, como recordar tus preferencias y, en general, mejorar tu experiencia en l\u00ednea.  <\/p>\n<p><strong>Cookies de sesi\u00f3n y persistentes<\/strong><\/p>\n<ul>\n<li>Las cookies de sesi\u00f3n s\u00f3lo duran lo que dura tu visita y se borran cuando cierras el navegador. Facilitan diversas tareas, como permitir que un sitio web identifique que un usuario de un dispositivo concreto est\u00e1 navegando de una p\u00e1gina a otra, apoyar la seguridad del sitio web o la funcionalidad b\u00e1sica. <\/li>\n<li>Las cookies persistentes duran despu\u00e9s de que hayas cerrado el navegador y permiten que un sitio web recuerde tus acciones y preferencias. A veces, los sitios web utilizan cookies persistentes para ofrecer publicidad personalizada basada en el historial de navegaci\u00f3n del dispositivo. <\/li>\n<\/ul>\n<p><strong>\u00bfQu\u00e9 pasa si no quiero aceptar cookies?<\/strong><\/p>\n<p>Aunque tienes que dar tu consentimiento para que utilicemos cookies, como se ha indicado anteriormente, puedes configurar tu navegador de forma que se te informe sobre la colocaci\u00f3n de cookies y s\u00f3lo permitir cookies en casos individuales, excluir cookies para eventos espec\u00edficos o eliminar cookies autom\u00e1ticamente. Si desactivas o limitas el uso de cookies, la funcionalidad de nuestro sitio web puede verse limitada. <\/p>\n<p><strong>Las cookies que utilizamos pertenecen a estas cuatro categor\u00edas<\/strong><\/p>\n<p><strong><br \/>\nCookies esenciales<\/strong> &#8211; Estas cookies son necesarias para ayudarte a acceder y moverte por nuestro sitio y utilizar todas sus funciones. Sin estas cookies, nuestro Sitio Web no funcionar\u00eda correctamente y no podr\u00edas utilizar determinadas funciones importantes. Estas cookies no recopilan informaci\u00f3n sobre ti con fines de marketing.  <\/p>\n<p><strong>Cookies de rendimiento<\/strong> &#8211; Estas cookies recogen informaci\u00f3n sobre c\u00f3mo utilizan los visitantes un sitio web, por ejemplo, a qu\u00e9 p\u00e1ginas van m\u00e1s a menudo y si reciben mensajes de error de las p\u00e1ginas web. Estas cookies no recogen informaci\u00f3n que identifique a un visitante, aunque pueden recoger la direcci\u00f3n IP del dispositivo utilizado para acceder al sitio. Toda la informaci\u00f3n que recogen estas cookies es an\u00f3nima y s\u00f3lo se utiliza para mejorar el funcionamiento del sitio web, mejorar la experiencia del usuario y optimizar nuestra publicidad.  <\/p>\n<p><strong>Cookies de funcionalidad<\/strong> &#8211; Estas cookies permiten al sitio web recordar las elecciones que haces, como tu nombre de usuario. Tambi\u00e9n pueden utilizarse para prestar servicios que hayas solicitado, como ver un v\u00eddeo. La informaci\u00f3n que recopilan estas cookies es an\u00f3nima (es decir, no contiene tu nombre, direcci\u00f3n, etc.) y no rastrean tu actividad de navegaci\u00f3n en otros sitios web.  <\/p>\n<p><strong>Cookies de orientaci\u00f3n<\/strong> &#8211; Estas cookies recopilan varios datos sobre tus h\u00e1bitos de navegaci\u00f3n. Suelen colocarlas las redes publicitarias. Recuerdan que has visitado un sitio web y esta informaci\u00f3n se comparte con otras organizaciones, como editores de medios de comunicaci\u00f3n. Estas organizaciones hacen esto con el fin de ofrecerte anuncios espec\u00edficos m\u00e1s relevantes para ti y tus intereses.   <\/p>\n<p><strong>Cookies propias y de terceros<\/strong><\/p>\n<p>Que una cookie sea de origen o de terceros depende del sitio web del que proceda. Las cookies de origen son aquellas establecidas por o en nombre del sitio web que has visitado. Todas las dem\u00e1s cookies son cookies de terceros. Nosotros utilizamos tanto cookies de origen como de terceros, sobre las que puedes obtener m\u00e1s informaci\u00f3n en la siguiente lista.   <\/p>\n<p><strong>Cookies de terceros utilizadas en nuestro sitio web<\/strong><\/p>\n<p><em>Si deseas obtener m\u00e1s informaci\u00f3n sobre cualquiera de estas cookies de terceros, te animamos a que visites sus sitios web para conocer m\u00e1s detalles sobre sus pol\u00edticas.<\/em><\/p>\n<p><strong>Gesti\u00f3n de Cookies<\/strong><\/p>\n<p>A los visitantes de nuestro sitio web se les informa mediante un mensaje emergente sobre las cookies que utilizamos y se les dirige a esta p\u00e1gina si desean m\u00e1s detalles. Esta cookie de Cookie Script recuerda que el cliente ha aceptado el banner de consentimiento de cookies. Se almacena en el navegador del usuario y significa que no vuelve a ver el banner. Este sitio tambi\u00e9n utiliza Google Tag Manager, que es un sistema de gesti\u00f3n de etiquetas que permite la gesti\u00f3n y actualizaci\u00f3n de todas las dem\u00e1s cookies\/etiquetas se\u00f1aladas en esta pol\u00edtica.   <\/p>\n<p><strong>An\u00e1lisis del correo electr\u00f3nico<\/strong><\/p>\n<p>Zoho Campaigns Analytics y Zoho CRM Marketing Cloud pueden utilizarse con nuestros mensajes de correo electr\u00f3nico de marketing para realizar un seguimiento del \u00e9xito (aperturas de correo electr\u00f3nico, clics en enlaces) de estos mensajes. La informaci\u00f3n personal se almacena en Zoho CRM Marketing Cloud si nuestros clientes rellenan un formulario de inscripci\u00f3n a eventos, formularios de contacto\/solicitud o para suscribirse a nuestras comunicaciones por correo electr\u00f3nico. Tanto Google Analytics como Zoho CRM Marketing Cloud recopilan informaci\u00f3n no personal, como la direcci\u00f3n IP, el sistema operativo, el navegador web y las p\u00e1ginas visitadas.  <\/p>\n<p><strong>Formulario Seguridad<\/strong><\/p>\n<p>Podemos utilizar Google reCAPTCHA (&#8220;reCAPTCHA&#8221;) en nuestros sitios web. El prop\u00f3sito de reCAPTCHA es comprobar si los datos han sido introducidos en nuestros sitios web (por ejemplo, en un formulario de contacto) por una persona o por un programa automatizado. Se trata de proteger nuestro sitio web del espionaje automatizado fraudulento y del spam.  <\/p>\n<p><strong>An\u00e1lisis de la ubicaci\u00f3n<\/strong><\/p>\n<p>Nuestra aplicaci\u00f3n m\u00f3vil incluye una funcionalidad que permite a nuestros asistentes identificar su ubicaci\u00f3n en el evento. Los usuarios de la aplicaci\u00f3n eligen utilizarla de forma an\u00f3nima o iniciar sesi\u00f3n como usuario identificado, en cuyo caso pueden utilizarse los datos personales facilitados al registrarse. Se recopila informaci\u00f3n no personal, como la direcci\u00f3n IP, el identificador del dispositivo y la ubicaci\u00f3n.  <\/p>\n<p><strong>An\u00e1lisis de encuestas<\/strong><\/p>\n<p>Algunos clientes pueden recibir una encuesta nuestra que utiliza Survey Monkey. Estas encuestas se env\u00edan por correo electr\u00f3nico a clientes seleccionados que rellenan un formulario de inscripci\u00f3n a eventos o utilizan alguno de nuestros productos y servicios. Tus respuestas a la encuesta se cotejar\u00e1n con la informaci\u00f3n personal que proporcionaste al registrarte o comprar.  <\/p>\n<p><strong>Contenido multimedia<\/strong><\/p>\n<p>Vimeo, SwapCard y YouTube se utilizan para ofrecer contenido de v\u00eddeo en nuestro sitio web. Sus cookies miden el ancho de banda de tu conexi\u00f3n a Internet para poder optimizar la visualizaci\u00f3n del v\u00eddeo y tambi\u00e9n identifican a usuarios \u00fanicos para poder personalizar tu experiencia bas\u00e1ndose en el uso previo del v\u00eddeo. <\/p>\n<p><strong>Anal\u00edtica web<\/strong><\/p>\n<p>Google Analytics recopila informaci\u00f3n sobre c\u00f3mo los visitantes utilizan nuestro sitio. Utilizamos la informaci\u00f3n para elaborar informes y para ayudarnos a mejorar el sitio. Las cookies recopilan informaci\u00f3n de forma an\u00f3nima, incluido el n\u00famero de visitantes del sitio, desde d\u00f3nde han llegado al sitio y las p\u00e1ginas que han visitado.  <\/p>\n<\/div><\/div><\/div><\/div><\/div>\n","protected":false},"excerpt":{"rendered":"","protected":false},"author":25,"featured_media":0,"parent":0,"menu_order":0,"comment_status":"closed","ping_status":"closed","template":"","meta":{"footnotes":""},"class_list":["post-55802","page","type-page","status-publish","hentry"],"yoast_head":"<!-- This site is optimized with the Yoast SEO plugin v26.1.1 - https:\/\/yoast.com\/wordpress\/plugins\/seo\/ -->\n<title>Pol\u00edtica de cookies &#8211; TPE | Total Product Expo<\/title>\n<meta name=\"robots\" content=\"index, follow, max-snippet:-1, max-image-preview:large, max-video-preview:-1\" \/>\n<link rel=\"canonical\" href=\"https:\/\/totalproductexpo.com\/es\/politica-de-cookies\/\" \/>\n<meta property=\"og:locale\" content=\"es_ES\" \/>\n<meta property=\"og:type\" content=\"article\" \/>\n<meta property=\"og:title\" content=\"Pol\u00edtica de cookies &#8211; TPE | Total Product Expo\" \/>\n<meta property=\"og:url\" content=\"https:\/\/totalproductexpo.com\/es\/politica-de-cookies\/\" \/>\n<meta property=\"og:site_name\" content=\"TPE | Total Product Expo\" \/>\n<meta property=\"article:publisher\" content=\"https:\/\/www.facebook.com\/totalproductexpo\/\" \/>\n<meta property=\"article:modified_time\" content=\"2025-11-13T18:10:43+00:00\" \/>\n<meta name=\"twitter:card\" content=\"summary_large_image\" \/>\n<meta name=\"twitter:site\" content=\"@totalproductxpo\" \/>\n<meta name=\"twitter:label1\" content=\"Est. reading time\" \/>\n\t<meta name=\"twitter:data1\" content=\"10 minutes\" \/>\n<script type=\"application\/ld+json\" class=\"yoast-schema-graph\">{\"@context\":\"https:\/\/schema.org\",\"@graph\":[{\"@type\":\"WebPage\",\"@id\":\"https:\/\/totalproductexpo.com\/es\/politica-de-cookies\/\",\"url\":\"https:\/\/totalproductexpo.com\/es\/politica-de-cookies\/\",\"name\":\"Pol\u00edtica de cookies &#8211; TPE | Total Product Expo\",\"isPartOf\":{\"@id\":\"https:\/\/totalproductexpo.com\/es\/#website\"},\"datePublished\":\"2025-01-07T19:46:41+00:00\",\"dateModified\":\"2025-11-13T18:10:43+00:00\",\"breadcrumb\":{\"@id\":\"https:\/\/totalproductexpo.com\/es\/politica-de-cookies\/#breadcrumb\"},\"inLanguage\":\"es-ES\",\"potentialAction\":[{\"@type\":\"ReadAction\",\"target\":[\"https:\/\/totalproductexpo.com\/es\/politica-de-cookies\/\"]}]},{\"@type\":\"BreadcrumbList\",\"@id\":\"https:\/\/totalproductexpo.com\/es\/politica-de-cookies\/#breadcrumb\",\"itemListElement\":[{\"@type\":\"ListItem\",\"position\":1,\"name\":\"Home\",\"item\":\"https:\/\/totalproductexpo.com\/es\/\"},{\"@type\":\"ListItem\",\"position\":2,\"name\":\"Pol\u00edtica de cookies\"}]},{\"@type\":\"WebSite\",\"@id\":\"https:\/\/totalproductexpo.com\/es\/#website\",\"url\":\"https:\/\/totalproductexpo.com\/es\/\",\"name\":\"TPE | Total Product Expo\",\"description\":\"Tobacco \u2022 Vapor \u2022\u00a0Alternative B2B Trade Show\",\"publisher\":{\"@id\":\"https:\/\/totalproductexpo.com\/es\/#organization\"},\"alternateName\":\"Total Product Expo\",\"potentialAction\":[{\"@type\":\"SearchAction\",\"target\":{\"@type\":\"EntryPoint\",\"urlTemplate\":\"https:\/\/totalproductexpo.com\/es\/?s={search_term_string}\"},\"query-input\":{\"@type\":\"PropertyValueSpecification\",\"valueRequired\":true,\"valueName\":\"search_term_string\"}}],\"inLanguage\":\"es-ES\"},{\"@type\":\"Organization\",\"@id\":\"https:\/\/totalproductexpo.com\/es\/#organization\",\"name\":\"Total Product Events\",\"alternateName\":\"Total Product Expo\",\"url\":\"https:\/\/totalproductexpo.com\/es\/\",\"logo\":{\"@type\":\"ImageObject\",\"inLanguage\":\"es-ES\",\"@id\":\"https:\/\/totalproductexpo.com\/es\/#\/schema\/logo\/image\/\",\"url\":\"https:\/\/totalproductexpo.com\/wp-content\/uploads\/2024\/06\/TPExpo-TPEvents-Logo_696px-jpg.webp\",\"contentUrl\":\"https:\/\/totalproductexpo.com\/wp-content\/uploads\/2024\/06\/TPExpo-TPEvents-Logo_696px-jpg.webp\",\"width\":696,\"height\":696,\"caption\":\"Total Product Events\"},\"image\":{\"@id\":\"https:\/\/totalproductexpo.com\/es\/#\/schema\/logo\/image\/\"},\"sameAs\":[\"https:\/\/www.facebook.com\/totalproductexpo\/\",\"https:\/\/x.com\/totalproductxpo\",\"https:\/\/www.instagram.com\/totalproductexpo\/\",\"https:\/\/www.linkedin.com\/company\/totalproductexpo\",\"https:\/\/www.youtube.com\/channel\/UCeZ7S2zlSGbA9KzB3eVjWAw\"]}]}<\/script>\n<!-- \/ Yoast SEO plugin. -->","yoast_head_json":{"title":"Pol\u00edtica de cookies &#8211; TPE | Total Product Expo","robots":{"index":"index","follow":"follow","max-snippet":"max-snippet:-1","max-image-preview":"max-image-preview:large","max-video-preview":"max-video-preview:-1"},"canonical":"https:\/\/totalproductexpo.com\/es\/politica-de-cookies\/","og_locale":"es_ES","og_type":"article","og_title":"Pol\u00edtica de cookies &#8211; TPE | Total Product Expo","og_url":"https:\/\/totalproductexpo.com\/es\/politica-de-cookies\/","og_site_name":"TPE | Total Product Expo","article_publisher":"https:\/\/www.facebook.com\/totalproductexpo\/","article_modified_time":"2025-11-13T18:10:43+00:00","twitter_card":"summary_large_image","twitter_site":"@totalproductxpo","twitter_misc":{"Est. reading time":"10 minutes"},"schema":{"@context":"https:\/\/schema.org","@graph":[{"@type":"WebPage","@id":"https:\/\/totalproductexpo.com\/es\/politica-de-cookies\/","url":"https:\/\/totalproductexpo.com\/es\/politica-de-cookies\/","name":"Pol\u00edtica de cookies &#8211; TPE | Total Product Expo","isPartOf":{"@id":"https:\/\/totalproductexpo.com\/es\/#website"},"datePublished":"2025-01-07T19:46:41+00:00","dateModified":"2025-11-13T18:10:43+00:00","breadcrumb":{"@id":"https:\/\/totalproductexpo.com\/es\/politica-de-cookies\/#breadcrumb"},"inLanguage":"es-ES","potentialAction":[{"@type":"ReadAction","target":["https:\/\/totalproductexpo.com\/es\/politica-de-cookies\/"]}]},{"@type":"BreadcrumbList","@id":"https:\/\/totalproductexpo.com\/es\/politica-de-cookies\/#breadcrumb","itemListElement":[{"@type":"ListItem","position":1,"name":"Home","item":"https:\/\/totalproductexpo.com\/es\/"},{"@type":"ListItem","position":2,"name":"Pol\u00edtica de cookies"}]},{"@type":"WebSite","@id":"https:\/\/totalproductexpo.com\/es\/#website","url":"https:\/\/totalproductexpo.com\/es\/","name":"TPE | Total Product Expo","description":"Tobacco \u2022 Vapor \u2022\u00a0Alternative B2B Trade Show","publisher":{"@id":"https:\/\/totalproductexpo.com\/es\/#organization"},"alternateName":"Total Product Expo","potentialAction":[{"@type":"SearchAction","target":{"@type":"EntryPoint","urlTemplate":"https:\/\/totalproductexpo.com\/es\/?s={search_term_string}"},"query-input":{"@type":"PropertyValueSpecification","valueRequired":true,"valueName":"search_term_string"}}],"inLanguage":"es-ES"},{"@type":"Organization","@id":"https:\/\/totalproductexpo.com\/es\/#organization","name":"Total Product Events","alternateName":"Total Product Expo","url":"https:\/\/totalproductexpo.com\/es\/","logo":{"@type":"ImageObject","inLanguage":"es-ES","@id":"https:\/\/totalproductexpo.com\/es\/#\/schema\/logo\/image\/","url":"https:\/\/totalproductexpo.com\/wp-content\/uploads\/2024\/06\/TPExpo-TPEvents-Logo_696px-jpg.webp","contentUrl":"https:\/\/totalproductexpo.com\/wp-content\/uploads\/2024\/06\/TPExpo-TPEvents-Logo_696px-jpg.webp","width":696,"height":696,"caption":"Total Product Events"},"image":{"@id":"https:\/\/totalproductexpo.com\/es\/#\/schema\/logo\/image\/"},"sameAs":["https:\/\/www.facebook.com\/totalproductexpo\/","https:\/\/x.com\/totalproductxpo","https:\/\/www.instagram.com\/totalproductexpo\/","https:\/\/www.linkedin.com\/company\/totalproductexpo","https:\/\/www.youtube.com\/channel\/UCeZ7S2zlSGbA9KzB3eVjWAw"]}]}},"_links":{"self":[{"href":"https:\/\/totalproductexpo.com\/es\/wp-json\/wp\/v2\/pages\/55802","targetHints":{"allow":["GET"]}}],"collection":[{"href":"https:\/\/totalproductexpo.com\/es\/wp-json\/wp\/v2\/pages"}],"about":[{"href":"https:\/\/totalproductexpo.com\/es\/wp-json\/wp\/v2\/types\/page"}],"author":[{"embeddable":true,"href":"https:\/\/totalproductexpo.com\/es\/wp-json\/wp\/v2\/users\/25"}],"replies":[{"embeddable":true,"href":"https:\/\/totalproductexpo.com\/es\/wp-json\/wp\/v2\/comments?post=55802"}],"version-history":[{"count":1,"href":"https:\/\/totalproductexpo.com\/es\/wp-json\/wp\/v2\/pages\/55802\/revisions"}],"predecessor-version":[{"id":55809,"href":"https:\/\/totalproductexpo.com\/es\/wp-json\/wp\/v2\/pages\/55802\/revisions\/55809"}],"wp:attachment":[{"href":"https:\/\/totalproductexpo.com\/es\/wp-json\/wp\/v2\/media?parent=55802"}],"curies":[{"name":"wp","href":"https:\/\/api.w.org\/{rel}","templated":true}]}}