{"id":55821,"date":"2025-01-07T11:45:52","date_gmt":"2025-01-07T19:45:52","guid":{"rendered":"https:\/\/totalproductexpo.com\/politica-de-privacidad\/"},"modified":"2025-11-13T10:10:43","modified_gmt":"2025-11-13T18:10:43","slug":"politica-de-privacidad","status":"publish","type":"page","link":"https:\/\/totalproductexpo.com\/es\/politica-de-privacidad\/","title":{"rendered":"Pol\u00edtica de privacidad"},"content":{"rendered":"<div class=\"fusion-fullwidth fullwidth-box fusion-builder-row-1 fusion-flex-container has-pattern-background has-mask-background nonhundred-percent-fullwidth non-hundred-percent-height-scrolling\" style=\"--awb-border-radius-top-left:0px;--awb-border-radius-top-right:0px;--awb-border-radius-bottom-right:0px;--awb-border-radius-bottom-left:0px;--awb-background-color:var(--awb-color8);--awb-flex-wrap:wrap;\" ><div class=\"fusion-builder-row fusion-row fusion-flex-align-items-flex-start fusion-flex-content-wrap\" style=\"max-width:1305.6px;margin-left: calc(-2% \/ 2 );margin-right: calc(-2% \/ 2 );\"><div class=\"fusion-layout-column fusion_builder_column fusion-builder-column-0 fusion_builder_column_1_1 1_1 fusion-flex-column\" style=\"--awb-bg-size:cover;--awb-width-large:100%;--awb-margin-top-large:0px;--awb-spacing-right-large:0.98%;--awb-margin-bottom-large:0px;--awb-spacing-left-large:0.98%;--awb-width-medium:100%;--awb-spacing-right-medium:0.98%;--awb-spacing-left-medium:0.98%;--awb-width-small:100%;--awb-spacing-right-small:0.98%;--awb-spacing-left-small:0.98%;\"><div class=\"fusion-column-wrapper fusion-flex-justify-content-flex-start fusion-content-layout-column\"><div class=\"fusion-text fusion-text-1\" style=\"--awb-text-color:var(--awb-color1);\"><p><strong>Pol\u00edtica de privacidad<\/strong><\/p>\n<p>Esta Pol\u00edtica de Privacidad describe c\u00f3mo TPE recoge y utiliza tus datos personales, y establece tus derechos de privacidad.<\/p>\n<p><strong>Cu\u00e1ndo se aplica esta Pol\u00edtica de Privacidad<\/strong><\/p>\n<p>Esta Pol\u00edtica de Privacidad se aplica a los sitios web y aplicaciones (&#8220;Servicios&#8221;) ofrecidos por TPE, incluyendo TPE, aplicaciones con la marca TPE, eventos TPE, y excluye los servicios que tienen pol\u00edticas de privacidad independientes que no incorporan esta Pol\u00edtica de Privacidad o a la informaci\u00f3n que recopilamos por otros medios (incluyendo fuera de l\u00ednea) o de otras fuentes.<\/p>\n<p>Nuestros Servicios pueden contener funciones o enlaces a sitios web y servicios proporcionados por terceros. Nuestra Pol\u00edtica de Privacidad no se aplica a los servicios y productos ofrecidos por otras empresas y particulares. Cualquier informaci\u00f3n que proporciones a trav\u00e9s de sitios o servicios de terceros se proporciona directamente a los operadores de dichos servicios y est\u00e1 sujeta a las pol\u00edticas de dichos operadores, si las hubiera, que rigen la privacidad y la seguridad, incluso si se accede a ella a trav\u00e9s de nuestros Servicios. No somos responsables de las pol\u00edticas y pr\u00e1cticas de privacidad de otros sitios web, aunque accedas a esos enlaces desde un Servicio de TPE. Te animamos a que te informes sobre las pol\u00edticas de privacidad y seguridad de terceros antes de proporcionarles informaci\u00f3n.    <\/p>\n<p><strong>Actualizaciones de esta Pol\u00edtica de Privacidad<\/strong><\/p>\n<p>Podemos actualizar esta Pol\u00edtica de Privacidad cuando sea necesario para reflejar cambios en nuestros Servicios, para implementar cambios requeridos por la legislaci\u00f3n aplicable, o cuando lo consideremos necesario o apropiado. Si contin\u00faas utilizando nuestros Servicios despu\u00e9s de que dichos cambios entren en vigor, aceptas la pol\u00edtica revisada. Si los cambios son significativos, te lo notificaremos publicando en un lugar destacado un aviso de dichos cambios antes de que entren en vigor. Te animamos a que revises peri\u00f3dicamente la Pol\u00edtica de Privacidad para saber c\u00f3mo protege TPE tu informaci\u00f3n. Tambi\u00e9n conservaremos versiones anteriores de esta Pol\u00edtica de Privacidad en un archivo para que puedas consultarlas.    <\/p>\n<p><strong>Recogida y uso de la informaci\u00f3n<\/strong><\/p>\n<p>Puedes acceder y utilizar muchos de nuestros Servicios sin decirnos qui\u00e9n eres ni revelar ninguna informaci\u00f3n personal sobre ti. Sin embargo, algunos Servicios pueden requerir que nos proporciones informaci\u00f3n personal (denominadas por comodidad &#8220;P\u00e1ginas de Env\u00edo&#8221;). <\/p>\n<p>Estas P\u00e1ginas de Sumisi\u00f3n recogen informaci\u00f3n que nos proporcionas, por ejemplo, cuando creas una cuenta con nosotros; te registras en uno de nuestros eventos, como CES o Innovate Celebrate (y cada uno de estos eventos tendr\u00e1 t\u00e9rminos y condiciones espec\u00edficos y adicionales que cada asistente deber\u00e1 aceptar como parte del proceso de registro); descargas una de nuestras publicaciones; compras un producto; rellenas un formulario en el sitio web; o te suscribes a nuestras publicaciones y boletines como <em>i3<\/em> o Tech5. La informaci\u00f3n recopilada incluye (pero no se limita a) tu nombre, cargo, nombre de la empresa, direcci\u00f3n, direcci\u00f3n de correo electr\u00f3nico, n\u00famero de tel\u00e9fono, datos de la tarjeta de cr\u00e9dito o de la cuenta, fotos e informaci\u00f3n sobre tus intereses y el uso de diversos productos. En estas situaciones, si decides retener cualquier dato personal que te solicitemos, es posible que no puedas acceder a determinados Servicios y que no podamos responderte.  <\/p>\n<p>Tambi\u00e9n recopilamos informaci\u00f3n sobre ti cuando utilizas nuestro Servicio, por ejemplo, cuando visitas nuestros sitios web, o ves e interact\u00faas con nuestros anuncios y contenidos. Esta informaci\u00f3n puede incluir direcciones de protocolo de Internet (IP), la regi\u00f3n o ubicaci\u00f3n general desde la que tu ordenador o dispositivo accede a Internet, el tipo de navegador, el sistema operativo, otra informaci\u00f3n proporcionada por el dispositivo del usuario final e informaci\u00f3n sobre el uso de los servicios de la TPE, incluido un historial de las p\u00e1ginas que ves. Tambi\u00e9n utilizamos cookies y tecnolog\u00edas similares, y puedes consultar nuestra <a href=\"https:\/\/web.archive.org\/web\/20240423100140\/https:\/totalproductexpo.com\/cookie-policy\/\">Pol\u00edtica de Cookies<\/a>.  <\/p>\n<p>Adem\u00e1s, podemos utilizar proveedores de servicios externos para incluir funciones y widgets de redes sociales, herramientas anal\u00edticas o publicidad dirigida en nuestros Servicios. Estos proveedores de servicios operan de forma independiente y pueden recopilar tu direcci\u00f3n IP y utilizar cookies. Las interacciones con estas funciones se rigen por las propias pol\u00edticas de privacidad de los proveedores de servicios. Encontrar\u00e1s m\u00e1s informaci\u00f3n al respecto en nuestra <a href=\"https:\/\/web.archive.org\/web\/20240423100140\/https:\/totalproductexpo.com\/cookie-policy\/\">Pol\u00edtica de Cookies<\/a>.   <\/p>\n<p>De vez en cuando, TPE recibe informaci\u00f3n personal sobre individuos de terceros autorizados y de fuentes distintas de un Servicio TPE, como nuestros socios. Esto puede ocurrir, por ejemplo, si <\/p>\n<ul>\n<li>Tu empresa es miembro de TPE y te inscribe en un acto.<\/li>\n<li>Tu empresa es expositora en un acto de TPE y te inscribe en el acto.<\/li>\n<li>Eliges participar en una Delegaci\u00f3n CES y das autorizaci\u00f3n a tu coordinador de delegados para que te inscriba en el evento.<\/li>\n<li>Participas en un acto copatrocinado o coorganizado por TPE.<\/li>\n<li>En lugar de registrarte directamente en nuestro sitio web, eliges registrarte en LinkedIn, lo que autoriza a LinkedIn a compartir informaci\u00f3n que incluye (pero no se limita a) tu nombre, tu foto de perfil, el nombre de tu empresa, tu direcci\u00f3n de correo electr\u00f3nico y tu n\u00famero de identificaci\u00f3n de LinkedIn. Si nos proporcionas informaci\u00f3n sobre otra persona, confirmas que la otra persona te ha designado para actuar en su nombre y ha aceptado que consientas el tratamiento de sus datos personales. <\/li>\n<\/ul>\n<p>Utilizamos la informaci\u00f3n que recopilamos de diversas formas para prestar los Servicios y gestionar nuestro negocio. Procesamos tu informaci\u00f3n personal para la administraci\u00f3n de la cuenta, para suministrarte los productos y servicios que necesitas, y para informarte de eventos, reuniones, contenidos, iniciativas y otras ventajas u oportunidades relacionadas con TPE y el sector. Tambi\u00e9n podemos utilizar esta informaci\u00f3n para comprender mejor tus necesidades e intereses y adaptar mejor nuestros productos y servicios a tus necesidades. Utilizaremos tu informaci\u00f3n para responder a tus preguntas. Si obtenemos informaci\u00f3n personal de una fuente ajena a TPE Services, trataremos la informaci\u00f3n personal de acuerdo con esta Pol\u00edtica.    <\/p>\n<p><strong>\u00bfCu\u00e1ndo revelamos tus datos a terceros?<\/strong><\/p>\n<p>No compartimos tus datos personales con terceros excepto en los casos indicados en esta Pol\u00edtica o cuando te informamos. No vendemos informaci\u00f3n personal a nadie y s\u00f3lo compartimos tus datos personales con terceros para su uso en instancias autorizadas y necesarias:<br \/>\nAutorizas que se compartan tus datos al inscribirte en un evento o conferencia en los que compartamos datos con copatrocinadores del evento. En estos casos, se te pedir\u00e1 que revises los t\u00e9rminos y condiciones espec\u00edficos y adicionales como parte del proceso de inscripci\u00f3n.  <\/p>\n<ul>\n<li>Autorizas el intercambio de datos al permitir que los expositores escaneen tu credencial de asistente en los eventos. De nuevo, en estos casos, los t\u00e9rminos y condiciones del evento lo describir\u00e1n como parte del proceso de inscripci\u00f3n. <\/li>\n<li>Nos solicitas un servicio especial. Normalmente se trata de asistentes a conferencias que solicitan servicios adicionales, como servicios de accesibilidad o transporte. <\/li>\n<li>Eres la persona de contacto de tu empresa que se inscribe en un evento. Compartiremos tus datos con terceros proveedores de servicios, agentes o contratistas para que presten servicios en nuestro nombre o nos ayuden a prestarte servicios. Esto se refiere a los coordinadores de exposiciones cuya informaci\u00f3n de contacto se comparte con empresas que prestan servicios de exposiciones para servicios como montaje de stands, transporte, electricidad y servicios de exposiciones similares.  <\/li>\n<li>La informaci\u00f3n se facilita a terceros proveedores de servicios y procesadores de datos que realizan funciones en nuestro nombre para procesar tus datos para alguno de los servicios mencionados. Estos terceros pueden tener acceso a tus datos personales o procesarlos como parte de la prestaci\u00f3n de esos servicios para nosotros. Algunos ejemplos son las empresas que prestan servicios de inscripci\u00f3n para nuestros eventos y las empresas que ayudan a enviar nuestros mensajes de correo electr\u00f3nico de marketing.  <\/li>\n<li>Cualquier informaci\u00f3n personal identificable que decidas hacer p\u00fablica a trav\u00e9s de nuestros Servicios, estar\u00e1 disponible para otros.<\/li>\n<li>Si consientes que TPE comparta tu informaci\u00f3n personal.<\/li>\n<li>La informaci\u00f3n se facilita de buena fe para: cumplir la ley y las peticiones razonables de las fuerzas del orden o de los organismos gubernamentales; para hacer cumplir nuestras Condiciones del servicio o un acuerdo que tengamos contigo; para tomar precauciones contra la responsabilidad; y\/o para proteger nuestros derechos, propiedad o seguridad, o los derechos, propiedad o seguridad de nuestros empleados o de otras personas.<\/li>\n<\/ul>\n<p>Cuando compartimos informaci\u00f3n con terceros, limitamos la informaci\u00f3n proporcionada a lo que es razonablemente necesario para que realicen sus funciones, y nuestros contratos les obligan a mantener la confidencialidad de dicha informaci\u00f3n.<\/p>\n<p><strong>Fundamento jur\u00eddico<\/strong><\/p>\n<p>Como se ha indicado anteriormente, recopilamos diferentes tipos de informaci\u00f3n de o a trav\u00e9s de nuestros Servicios. Las bases jur\u00eddicas para el tratamiento de los datos personales son principalmente permitirnos prestarte nuestros servicios. <\/p>\n<p><em>Intereses comerciales leg\u00edtimos<\/em>: Proporcionarte informaci\u00f3n relacionada con nuestros Servicios. Para notificarte cualquier cambio en nuestro sitio web, como mejoras o cambios en el servicio, que puedan afectar a nuestros Servicios. Si ya eres miembro o cliente, podemos ponernos en contacto contigo para informarte sobre servicios similares a los que te hemos prestado en el pasado.  <\/p>\n<p><em>Cumplimiento del contrato<\/em>: Para cumplir nuestros compromisos contractuales contigo y en cumplimiento de las obligaciones contractuales contra\u00eddas contigo.<\/p>\n<p><em>Consentimiento del usuario<\/em>: Podemos utilizar tus datos para proporcionarte informaci\u00f3n sobre servicios que puedan ser de tu inter\u00e9s. Seguiremos las leyes y normativas aplicables en relaci\u00f3n con el consentimiento para recibir esta informaci\u00f3n. <\/p>\n<p><strong>Tus opciones y tu control<\/strong><\/p>\n<p>En virtud de la legislaci\u00f3n sobre privacidad, los titulares de los datos tienen determinados derechos. Esta Pol\u00edtica de Privacidad pretende ofrecer transparencia sobre qu\u00e9 datos personales recopila TPE y c\u00f3mo se utilizan, permiti\u00e9ndote tomar decisiones significativas.<br \/>\nPonte en contacto con nosotros utilizando los datos que figuran en la secci\u00f3n &#8220;Ponte en contacto con nosotros&#8221; si deseas realizar alguna de las siguientes acciones: <\/p>\n<ul>\n<li>Confirmar que TPE est\u00e1 tratando tus datos personales, o tener acceso a los datos personales que TPE pueda tener sobre ti. Si lo solicitas, se te proporcionar\u00e1 un acceso razonable a tus datos personales sin coste alguno. <\/li>\n<li>Rectificar cualquier dato personal que TPE tenga y que sea inexacto.<\/li>\n<li>Solicitar que TPE borre tus datos personales o deje de tratarlos. Ten en cuenta que, en algunos casos, es posible que no podamos eliminar tus datos personales, en cuyo caso te informaremos si no podemos hacerlo y por qu\u00e9. <\/li>\n<li>Haz valer una queja.<\/li>\n<\/ul>\n<p>Te ofrecemos muchas opciones en relaci\u00f3n con nuestras comunicaciones de marketing mediante una opci\u00f3n para darte de baja en cada correo electr\u00f3nico de marketing, pero tambi\u00e9n puedes solicitar que TPE deje de utilizar tus datos con fines de marketing directo enviando un correo electr\u00f3nico a <a href=\"https:\/\/web.archive.org\/web\/20240423100140\/mailto:info@totalproductexpo.com\">info@totalproductexpo.com.<\/a> Si te das de baja de los correos electr\u00f3nicos de marketing, podemos seguir envi\u00e1ndote correos electr\u00f3nicos transaccionales y administrativos sobre los Servicios que utilizas.<br \/>\nTPE conserva los datos personales mientras dure la relaci\u00f3n comercial del cliente o miembro con TPE y hasta cinco a\u00f1os despu\u00e9s de que finalice la relaci\u00f3n. Posteriormente, los datos se almacenan \u00fanicamente para usos de archivo.  <\/p>\n<p>La sede de TPE, los servidores, este sitio web y la mayor\u00eda de los Servicios de TPE est\u00e1n ubicados y son operados en Estados Unidos. Si utilizas los Servicios desde fuera de EE.UU., ten en cuenta que tu informaci\u00f3n ser\u00e1 transferida, almacenada y procesada en EE.UU. a menos que se indique lo contrario. Al utilizar nuestros Servicios y proporcionarnos informaci\u00f3n, das tu consentimiento a esta transferencia, procesamiento y almacenamiento de tu informaci\u00f3n en Estados Unidos. Es importante tener en cuenta que las leyes de privacidad de datos var\u00edan en todo el mundo y algunas pueden no ser tan exhaustivas como otras. Cuando se transfieran datos personales a EE.UU., los protegeremos adecuadamente tal y como se describe en esta Pol\u00edtica de Privacidad.    <\/p>\n<p><strong>Seguridad<\/strong><\/p>\n<p>Nos comprometemos a proteger la seguridad de tu informaci\u00f3n personal. Hemos implantado las salvaguardias f\u00edsicas, t\u00e9cnicas y administrativas adecuadas. Formamos a nuestros empleados sobre la importancia de la confidencialidad y el mantenimiento de la privacidad y seguridad de tu informaci\u00f3n. Seguimos las normas industriales generalmente aceptadas para proteger la informaci\u00f3n que se nos env\u00eda, tanto durante la transmisi\u00f3n como una vez que la recibimos. Sin embargo, ning\u00fan m\u00e9todo de transmisi\u00f3n por Internet, ni ning\u00fan m\u00e9todo de almacenamiento electr\u00f3nico, es seguro al 100%. No podemos asegurar ni garantizar la seguridad de ninguna informaci\u00f3n que nos transmitas, y lo haces por tu cuenta y riesgo. Si crees que tus Datos Personales se han visto comprometidos, ponte en contacto con nosotros. En caso de que la informaci\u00f3n personal se vea comprometida, lo notificaremos r\u00e1pidamente a nuestros clientes en cumplimiento de la legislaci\u00f3n aplicable.       <\/p>\n<p><strong>Datos sensibles<\/strong><\/p>\n<p>Te pedimos que no nos env\u00edes datos sensibles como n\u00fameros de la seguridad social o de identificaci\u00f3n nacional, informaci\u00f3n relacionada con el origen racial o \u00e9tnico, opiniones pol\u00edticas, creencias religiosas, datos sanitarios, biom\u00e9tricos o gen\u00e9ticos, antecedentes penales o informaci\u00f3n sobre afiliaci\u00f3n sindical. Si nos env\u00edas esta informaci\u00f3n, est\u00e1s consintiendo su tratamiento de acuerdo con esta Pol\u00edtica de Privacidad. Para evitar el tratamiento de datos sensibles, no los env\u00edes.  <\/p>\n<p><strong>Privacidad infantil<\/strong><\/p>\n<p>Proteger la privacidad de los menores es especialmente importante. Nuestro sitio no est\u00e1 dirigido a menores y TPE no recopila ni solicita conscientemente informaci\u00f3n personal de menores. Si crees que podemos tener informaci\u00f3n de o sobre un menor, ponte en contacto con nosotros y borraremos esa informaci\u00f3n.  <\/p>\n<p><strong>Contacta con nosotros<\/strong><\/p>\n<p>Si en alg\u00fan momento deseas ponerte en contacto con nosotros para darnos tu opini\u00f3n sobre nuestras pr\u00e1cticas de privacidad, o para cualquier consulta relacionada con tu informaci\u00f3n personal, env\u00eda un correo electr\u00f3nico a <a href=\"https:\/\/web.archive.org\/web\/20240423100140\/mailto:info@totalproductexpo.com\">info@totalproductexpo.com<\/a> o escribe a Data Privacy &#8211; Legal, TPE, P.O. Box 58541, Raleigh, NC 27658, Estados Unidos.<\/p>\n<\/div><\/div><\/div><\/div><\/div>\n","protected":false},"excerpt":{"rendered":"","protected":false},"author":25,"featured_media":0,"parent":0,"menu_order":0,"comment_status":"closed","ping_status":"closed","template":"","meta":{"footnotes":""},"class_list":["post-55821","page","type-page","status-publish","hentry"],"yoast_head":"<!-- This site is optimized with the Yoast SEO plugin v26.1.1 - https:\/\/yoast.com\/wordpress\/plugins\/seo\/ -->\n<title>Pol\u00edtica de privacidad &#8211; TPE | Total Product Expo<\/title>\n<meta name=\"robots\" content=\"index, follow, max-snippet:-1, max-image-preview:large, max-video-preview:-1\" \/>\n<link rel=\"canonical\" href=\"https:\/\/totalproductexpo.com\/es\/politica-de-privacidad\/\" \/>\n<meta property=\"og:locale\" content=\"es_ES\" \/>\n<meta property=\"og:type\" content=\"article\" \/>\n<meta property=\"og:title\" content=\"Pol\u00edtica de privacidad &#8211; TPE | Total Product Expo\" \/>\n<meta property=\"og:url\" content=\"https:\/\/totalproductexpo.com\/es\/politica-de-privacidad\/\" \/>\n<meta property=\"og:site_name\" content=\"TPE | Total Product Expo\" \/>\n<meta property=\"article:publisher\" content=\"https:\/\/www.facebook.com\/totalproductexpo\/\" \/>\n<meta property=\"article:modified_time\" content=\"2025-11-13T18:10:43+00:00\" \/>\n<meta name=\"twitter:card\" content=\"summary_large_image\" \/>\n<meta name=\"twitter:site\" content=\"@totalproductxpo\" \/>\n<meta name=\"twitter:label1\" content=\"Est. reading time\" \/>\n\t<meta name=\"twitter:data1\" content=\"15 minutes\" \/>\n<script type=\"application\/ld+json\" class=\"yoast-schema-graph\">{\"@context\":\"https:\/\/schema.org\",\"@graph\":[{\"@type\":\"WebPage\",\"@id\":\"https:\/\/totalproductexpo.com\/es\/politica-de-privacidad\/\",\"url\":\"https:\/\/totalproductexpo.com\/es\/politica-de-privacidad\/\",\"name\":\"Pol\u00edtica de privacidad &#8211; TPE | Total Product Expo\",\"isPartOf\":{\"@id\":\"https:\/\/totalproductexpo.com\/es\/#website\"},\"datePublished\":\"2025-01-07T19:45:52+00:00\",\"dateModified\":\"2025-11-13T18:10:43+00:00\",\"breadcrumb\":{\"@id\":\"https:\/\/totalproductexpo.com\/es\/politica-de-privacidad\/#breadcrumb\"},\"inLanguage\":\"es-ES\",\"potentialAction\":[{\"@type\":\"ReadAction\",\"target\":[\"https:\/\/totalproductexpo.com\/es\/politica-de-privacidad\/\"]}]},{\"@type\":\"BreadcrumbList\",\"@id\":\"https:\/\/totalproductexpo.com\/es\/politica-de-privacidad\/#breadcrumb\",\"itemListElement\":[{\"@type\":\"ListItem\",\"position\":1,\"name\":\"Home\",\"item\":\"https:\/\/totalproductexpo.com\/es\/\"},{\"@type\":\"ListItem\",\"position\":2,\"name\":\"Pol\u00edtica de privacidad\"}]},{\"@type\":\"WebSite\",\"@id\":\"https:\/\/totalproductexpo.com\/es\/#website\",\"url\":\"https:\/\/totalproductexpo.com\/es\/\",\"name\":\"TPE | Total Product Expo\",\"description\":\"Tobacco \u2022 Vapor \u2022\u00a0Alternative B2B Trade Show\",\"publisher\":{\"@id\":\"https:\/\/totalproductexpo.com\/es\/#organization\"},\"alternateName\":\"Total Product Expo\",\"potentialAction\":[{\"@type\":\"SearchAction\",\"target\":{\"@type\":\"EntryPoint\",\"urlTemplate\":\"https:\/\/totalproductexpo.com\/es\/?s={search_term_string}\"},\"query-input\":{\"@type\":\"PropertyValueSpecification\",\"valueRequired\":true,\"valueName\":\"search_term_string\"}}],\"inLanguage\":\"es-ES\"},{\"@type\":\"Organization\",\"@id\":\"https:\/\/totalproductexpo.com\/es\/#organization\",\"name\":\"Total Product Events\",\"alternateName\":\"Total Product Expo\",\"url\":\"https:\/\/totalproductexpo.com\/es\/\",\"logo\":{\"@type\":\"ImageObject\",\"inLanguage\":\"es-ES\",\"@id\":\"https:\/\/totalproductexpo.com\/es\/#\/schema\/logo\/image\/\",\"url\":\"https:\/\/totalproductexpo.com\/wp-content\/uploads\/2024\/06\/TPExpo-TPEvents-Logo_696px-jpg.webp\",\"contentUrl\":\"https:\/\/totalproductexpo.com\/wp-content\/uploads\/2024\/06\/TPExpo-TPEvents-Logo_696px-jpg.webp\",\"width\":696,\"height\":696,\"caption\":\"Total Product Events\"},\"image\":{\"@id\":\"https:\/\/totalproductexpo.com\/es\/#\/schema\/logo\/image\/\"},\"sameAs\":[\"https:\/\/www.facebook.com\/totalproductexpo\/\",\"https:\/\/x.com\/totalproductxpo\",\"https:\/\/www.instagram.com\/totalproductexpo\/\",\"https:\/\/www.linkedin.com\/company\/totalproductexpo\",\"https:\/\/www.youtube.com\/channel\/UCeZ7S2zlSGbA9KzB3eVjWAw\"]}]}<\/script>\n<!-- \/ Yoast SEO plugin. -->","yoast_head_json":{"title":"Pol\u00edtica de privacidad &#8211; TPE | Total Product Expo","robots":{"index":"index","follow":"follow","max-snippet":"max-snippet:-1","max-image-preview":"max-image-preview:large","max-video-preview":"max-video-preview:-1"},"canonical":"https:\/\/totalproductexpo.com\/es\/politica-de-privacidad\/","og_locale":"es_ES","og_type":"article","og_title":"Pol\u00edtica de privacidad &#8211; TPE | Total Product Expo","og_url":"https:\/\/totalproductexpo.com\/es\/politica-de-privacidad\/","og_site_name":"TPE | Total Product Expo","article_publisher":"https:\/\/www.facebook.com\/totalproductexpo\/","article_modified_time":"2025-11-13T18:10:43+00:00","twitter_card":"summary_large_image","twitter_site":"@totalproductxpo","twitter_misc":{"Est. reading time":"15 minutes"},"schema":{"@context":"https:\/\/schema.org","@graph":[{"@type":"WebPage","@id":"https:\/\/totalproductexpo.com\/es\/politica-de-privacidad\/","url":"https:\/\/totalproductexpo.com\/es\/politica-de-privacidad\/","name":"Pol\u00edtica de privacidad &#8211; TPE | Total Product Expo","isPartOf":{"@id":"https:\/\/totalproductexpo.com\/es\/#website"},"datePublished":"2025-01-07T19:45:52+00:00","dateModified":"2025-11-13T18:10:43+00:00","breadcrumb":{"@id":"https:\/\/totalproductexpo.com\/es\/politica-de-privacidad\/#breadcrumb"},"inLanguage":"es-ES","potentialAction":[{"@type":"ReadAction","target":["https:\/\/totalproductexpo.com\/es\/politica-de-privacidad\/"]}]},{"@type":"BreadcrumbList","@id":"https:\/\/totalproductexpo.com\/es\/politica-de-privacidad\/#breadcrumb","itemListElement":[{"@type":"ListItem","position":1,"name":"Home","item":"https:\/\/totalproductexpo.com\/es\/"},{"@type":"ListItem","position":2,"name":"Pol\u00edtica de privacidad"}]},{"@type":"WebSite","@id":"https:\/\/totalproductexpo.com\/es\/#website","url":"https:\/\/totalproductexpo.com\/es\/","name":"TPE | Total Product Expo","description":"Tobacco \u2022 Vapor \u2022\u00a0Alternative B2B Trade Show","publisher":{"@id":"https:\/\/totalproductexpo.com\/es\/#organization"},"alternateName":"Total Product Expo","potentialAction":[{"@type":"SearchAction","target":{"@type":"EntryPoint","urlTemplate":"https:\/\/totalproductexpo.com\/es\/?s={search_term_string}"},"query-input":{"@type":"PropertyValueSpecification","valueRequired":true,"valueName":"search_term_string"}}],"inLanguage":"es-ES"},{"@type":"Organization","@id":"https:\/\/totalproductexpo.com\/es\/#organization","name":"Total Product Events","alternateName":"Total Product Expo","url":"https:\/\/totalproductexpo.com\/es\/","logo":{"@type":"ImageObject","inLanguage":"es-ES","@id":"https:\/\/totalproductexpo.com\/es\/#\/schema\/logo\/image\/","url":"https:\/\/totalproductexpo.com\/wp-content\/uploads\/2024\/06\/TPExpo-TPEvents-Logo_696px-jpg.webp","contentUrl":"https:\/\/totalproductexpo.com\/wp-content\/uploads\/2024\/06\/TPExpo-TPEvents-Logo_696px-jpg.webp","width":696,"height":696,"caption":"Total Product Events"},"image":{"@id":"https:\/\/totalproductexpo.com\/es\/#\/schema\/logo\/image\/"},"sameAs":["https:\/\/www.facebook.com\/totalproductexpo\/","https:\/\/x.com\/totalproductxpo","https:\/\/www.instagram.com\/totalproductexpo\/","https:\/\/www.linkedin.com\/company\/totalproductexpo","https:\/\/www.youtube.com\/channel\/UCeZ7S2zlSGbA9KzB3eVjWAw"]}]}},"_links":{"self":[{"href":"https:\/\/totalproductexpo.com\/es\/wp-json\/wp\/v2\/pages\/55821","targetHints":{"allow":["GET"]}}],"collection":[{"href":"https:\/\/totalproductexpo.com\/es\/wp-json\/wp\/v2\/pages"}],"about":[{"href":"https:\/\/totalproductexpo.com\/es\/wp-json\/wp\/v2\/types\/page"}],"author":[{"embeddable":true,"href":"https:\/\/totalproductexpo.com\/es\/wp-json\/wp\/v2\/users\/25"}],"replies":[{"embeddable":true,"href":"https:\/\/totalproductexpo.com\/es\/wp-json\/wp\/v2\/comments?post=55821"}],"version-history":[{"count":1,"href":"https:\/\/totalproductexpo.com\/es\/wp-json\/wp\/v2\/pages\/55821\/revisions"}],"predecessor-version":[{"id":55833,"href":"https:\/\/totalproductexpo.com\/es\/wp-json\/wp\/v2\/pages\/55821\/revisions\/55833"}],"wp:attachment":[{"href":"https:\/\/totalproductexpo.com\/es\/wp-json\/wp\/v2\/media?parent=55821"}],"curies":[{"name":"wp","href":"https:\/\/api.w.org\/{rel}","templated":true}]}}