{"id":47381,"date":"2024-08-14T16:01:47","date_gmt":"2024-08-14T23:01:47","guid":{"rendered":"https:\/\/282b68644b.nxcli.io\/programacao-da-exposicao-do-expositor\/"},"modified":"2025-10-31T10:00:24","modified_gmt":"2025-10-31T17:00:24","slug":"programacao-da-exposicao-do-expositor","status":"publish","type":"page","link":"https:\/\/totalproductexpo.com\/pt-br\/programacao-da-exposicao-do-expositor\/","title":{"rendered":"PROGRAMA\u00c7\u00c3O DA EXPOSI\u00c7\u00c3O DO EXPOSITOR"},"content":{"rendered":"<p><div class=\"fusion-fullwidth fullwidth-box fusion-builder-row-1 fusion-flex-container has-pattern-background has-mask-background nonhundred-percent-fullwidth non-hundred-percent-height-scrolling show-schedule\" style=\"--awb-border-radius-top-left:0px;--awb-border-radius-top-right:0px;--awb-border-radius-bottom-right:0px;--awb-border-radius-bottom-left:0px;--awb-margin-top:40px;--awb-margin-top-small:20px;--awb-flex-wrap:wrap;\" ><div class=\"fusion-builder-row fusion-row fusion-flex-align-items-stretch fusion-flex-content-wrap\" style=\"max-width:calc( 1280px + 20px );margin-left: calc(-20px \/ 2 );margin-right: calc(-20px \/ 2 );\"><div class=\"fusion-layout-column fusion_builder_column fusion-builder-column-0 fusion_builder_column_1_1 1_1 fusion-flex-column fusion-flex-align-self-flex-start\" style=\"--awb-padding-top:20px;--awb-padding-top-medium:0px;--awb-padding-left-medium:0px;--awb-padding-top-small:0px;--awb-padding-left-small:0px;--awb-bg-size:cover;--awb-width-large:100%;--awb-spacing-right-large:10px;--awb-spacing-left-large:10px;--awb-width-medium:100%;--awb-order-medium:0;--awb-spacing-right-medium:10px;--awb-spacing-left-medium:10px;--awb-width-small:100%;--awb-order-small:0;--awb-spacing-right-small:10px;--awb-spacing-left-small:10px;\"><div class=\"fusion-column-wrapper fusion-column-has-shadow fusion-flex-justify-content-flex-start fusion-content-layout-column\"><div class=\"fusion-text fusion-text-1\"><h1 class=\"fusion-responsive-typography-calculated\" style=\"margin-top: 0px; margin-bottom: 0px; --fontsize: 40; line-height: 1;\" data-fontsize=\"40\" data-lineheight=\"40px\">MONTAGEM DO ESTANDE DO EXPOSITOR<\/h1>\n<\/div><div class=\"fusion-separator fusion-full-width-sep\" style=\"align-self: center;margin-left: auto;margin-right: auto;margin-top:10px;width:100%;\"><\/div><\/div><\/div><div class=\"fusion-layout-column fusion_builder_column fusion-builder-column-1 fusion_builder_column_4_5 4_5 fusion-flex-column\" style=\"--awb-bg-color:#f8f8f8;--awb-bg-color-hover:#f8f8f8;--awb-bg-size:cover;--awb-border-color:#dddddd;--awb-border-top:1px;--awb-border-right:1px;--awb-border-bottom:1px;--awb-border-left:1px;--awb-border-style:solid;--awb-width-large:80%;--awb-spacing-right-large:8px;--awb-spacing-left-large:10px;--awb-width-medium:100%;--awb-order-medium:0;--awb-spacing-right-medium:10px;--awb-spacing-left-medium:10px;--awb-width-small:100%;--awb-order-small:0;--awb-spacing-right-small:10px;--awb-spacing-left-small:10px;\"><div class=\"fusion-column-wrapper fusion-column-has-shadow fusion-flex-justify-content-flex-start fusion-content-layout-column\"><div class=\"fusion-text fusion-text-2\" style=\"--awb-text-transform:none;\"><h3 class=\"fusion-responsive-typography-calculated\" style=\"margin-top: 0px; margin-bottom: 0px; background-color: #d14aa4; padding-top: 6px; padding-bottom: 6px; padding-left: 20px; text-align: left; --fontsize: 24; line-height: 1.3;\" data-fontsize=\"24\" data-lineheight=\"31.2px\"><span style=\"color: #ffffff;\">MOVE-IN DO ALVO<\/span><\/h3>\n<\/div><div class=\"fusion-separator fusion-full-width-sep\" style=\"align-self: center;margin-left: auto;margin-right: auto;margin-top:5px;margin-bottom:5px;width:100%;\"><\/div>\n<div class=\"table-1\">\n<table width=\"100%\">\n<tbody>\n<tr>\n<td align=\"left\" width=\"200\">S\u00e1bado, 28 de mar\u00e7o de 2026<\/td>\n<td align=\"left\">10:00AM-2:00PM<\/td>\n<td align=\"left\">1.000 p\u00e9s quadrados ou mais, aprovado pelo TPE<\/td>\n<\/tr>\n<tr>\n<td align=\"left\">S\u00e1bado, 28 de mar\u00e7o de 2026<\/td>\n<td align=\"left\">2:00 PM &#8211; 6:00 PM<\/td>\n<td align=\"left\">Segundo grupo &#8211; 600sf e maiores<\/td>\n<\/tr>\n<tr>\n<td align=\"left\">Domingo, 29 de mar\u00e7o de 2026<\/td>\n<td align=\"left\">DAS 8:00 \u00c0S 13:00 HORAS<\/td>\n<td align=\"left\">Terceiro grupo &#8211; Todos os expositores<\/td>\n<\/tr>\n<\/tbody>\n<\/table>\n<\/div>\n<\/div><\/div><div class=\"fusion-layout-column fusion_builder_column fusion-builder-column-2 fusion_builder_column_4_5 4_5 fusion-flex-column\" style=\"--awb-bg-color:#f8f8f8;--awb-bg-color-hover:#f8f8f8;--awb-bg-size:cover;--awb-border-color:#dddddd;--awb-border-top:1px;--awb-border-right:1px;--awb-border-bottom:1px;--awb-border-left:1px;--awb-border-style:solid;--awb-width-large:80%;--awb-spacing-right-large:8px;--awb-spacing-left-large:10px;--awb-width-medium:100%;--awb-order-medium:0;--awb-spacing-right-medium:10px;--awb-spacing-left-medium:10px;--awb-width-small:100%;--awb-order-small:0;--awb-spacing-right-small:10px;--awb-spacing-left-small:10px;\"><div class=\"fusion-column-wrapper fusion-column-has-shadow fusion-flex-justify-content-flex-start fusion-content-layout-column\"><div class=\"fusion-text fusion-text-3\" style=\"--awb-text-transform:none;\"><h3 class=\"fusion-responsive-typography-calculated\" style=\"margin-top: 0px; margin-bottom: 0px; background-color: #d14aa4; padding-top: 6px; padding-bottom: 6px; padding-left: 20px; text-align: left; --fontsize: 24; line-height: 1.3;\" data-fontsize=\"24\" data-lineheight=\"31.2px\"><span style=\"color: #ffffff;\">MUDAN\u00c7A DO EXPOSITOR*<\/span><\/h3>\n<\/div><div class=\"fusion-separator fusion-full-width-sep\" style=\"align-self: center;margin-left: auto;margin-right: auto;margin-top:5px;margin-bottom:5px;width:100%;\"><\/div>\n<div class=\"table-1\">\n<table style=\"height: 30px;\" width=\"1148\">\n<tbody>\n<tr>\n<td align=\"left\" width=\"200\">Domingo, 29 de mar\u00e7o de 2026<\/td>\n<td align=\"left\">DAS 8:00 \u00c0S 17:00 HORAS<\/td>\n<td align=\"left\"><\/td>\n<\/tr>\n<tr>\n<td align=\"left\">Segunda-feira, 30 de mar\u00e7o de 2026<\/td>\n<td align=\"left\">8:00 AM &#8211; 8:00 PM<\/td>\n<td align=\"left\">*O servi\u00e7o Cartload \/POV estar\u00e1 dispon\u00edvel somente durante os hor\u00e1rios de mudan\u00e7a de domingo e segunda-feira<\/td>\n<\/tr>\n<tr>\n<td align=\"left\">Ter\u00e7a-feira, 31 de mar\u00e7o de 2026<\/td>\n<td align=\"left\">7:00 \u00c0S 9:00<\/td>\n<td align=\"left\">Todos os expositores estar\u00e3o prontos at\u00e9 as 9h<\/td>\n<\/tr>\n<\/tbody>\n<\/table>\n<\/div>\n<\/div><\/div><div class=\"fusion-layout-column fusion_builder_column fusion-builder-column-3 fusion_builder_column_4_5 4_5 fusion-flex-column\" style=\"--awb-bg-color:#f8f8f8;--awb-bg-color-hover:#f8f8f8;--awb-bg-size:cover;--awb-border-color:#dddddd;--awb-border-top:1px;--awb-border-right:1px;--awb-border-bottom:1px;--awb-border-left:1px;--awb-border-style:solid;--awb-width-large:80%;--awb-spacing-right-large:8px;--awb-spacing-left-large:10px;--awb-width-medium:100%;--awb-order-medium:0;--awb-spacing-right-medium:10px;--awb-spacing-left-medium:10px;--awb-width-small:100%;--awb-order-small:0;--awb-spacing-right-small:10px;--awb-spacing-left-small:10px;\"><div class=\"fusion-column-wrapper fusion-column-has-shadow fusion-flex-justify-content-flex-start fusion-content-layout-column\"><div class=\"fusion-text fusion-text-4\" style=\"--awb-text-transform:none;\"><h3 class=\"fusion-responsive-typography-calculated\" style=\"margin-top: 0px; margin-bottom: 0px; background-color: #d14aa4; padding-top: 6px; padding-bottom: 6px; padding-left: 20px; text-align: left; --fontsize: 24; line-height: 1.3;\" data-fontsize=\"24\" data-lineheight=\"31.2px\"><span style=\"color: #ffffff;\">HORAS DE EXPOSI\u00c7\u00c3O<\/span><\/h3>\n<\/div><div class=\"fusion-separator fusion-full-width-sep\" style=\"align-self: center;margin-left: auto;margin-right: auto;margin-top:5px;margin-bottom:5px;width:100%;\"><\/div>\n<div class=\"table-1\">\n<table style=\"height: 30px;\" width=\"1148\">\n<tbody>\n<tr>\n<td align=\"left\" width=\"200\">Ter\u00e7a-feira, 31 de mar\u00e7o de 2026<\/td>\n<td align=\"left\">DAS 11:00 \u00c0S 17:00 HORAS<\/td>\n<\/tr>\n<tr>\n<td align=\"left\">Quarta-feira, 1\u00ba de abril de 2026<\/td>\n<td align=\"left\">DAS 11:00 \u00c0S 17:00 HORAS<\/td>\n<\/tr>\n<tr>\n<td align=\"left\">Quinta-feira, 2 de abril de 2026<\/td>\n<td align=\"left\">DAS 11:00 \u00c0S 15:00 HORAS<\/td>\n<\/tr>\n<\/tbody>\n<\/table>\n<\/div>\n<\/div><\/div><div class=\"fusion-layout-column fusion_builder_column fusion-builder-column-4 fusion_builder_column_4_5 4_5 fusion-flex-column\" style=\"--awb-bg-color:#f8f8f8;--awb-bg-color-hover:#f8f8f8;--awb-bg-size:cover;--awb-border-color:#dddddd;--awb-border-top:1px;--awb-border-right:1px;--awb-border-bottom:1px;--awb-border-left:1px;--awb-border-style:solid;--awb-width-large:80%;--awb-spacing-right-large:8px;--awb-spacing-left-large:10px;--awb-width-medium:100%;--awb-order-medium:0;--awb-spacing-right-medium:10px;--awb-spacing-left-medium:10px;--awb-width-small:100%;--awb-order-small:0;--awb-spacing-right-small:10px;--awb-spacing-left-small:10px;\"><div class=\"fusion-column-wrapper fusion-column-has-shadow fusion-flex-justify-content-flex-start fusion-content-layout-column\"><div class=\"fusion-text fusion-text-5\" style=\"--awb-text-transform:none;\"><h3 class=\"fusion-responsive-typography-calculated\" style=\"margin-top: 0px; margin-bottom: 0px; background-color: #d14aa4; padding-top: 6px; padding-bottom: 6px; padding-left: 20px; text-align: left; --fontsize: 24; line-height: 1.3;\" data-fontsize=\"24\" data-lineheight=\"31.2px\"><span style=\"color: #ffffff;\">SA\u00cdDA DO EXPOSITOR<\/span><\/h3>\n<\/div><div class=\"fusion-separator fusion-full-width-sep\" style=\"align-self: center;margin-left: auto;margin-right: auto;margin-top:5px;margin-bottom:5px;width:100%;\"><\/div>\n<div class=\"table-1\">\n<table style=\"height: 30px;\" width=\"1148\">\n<tbody>\n<tr>\n<td align=\"left\" width=\"200\">Quinta-feira, 2 de abril de 2026<\/td>\n<td align=\"left\">3:00 PM &#8211; 11:59 PM<\/td>\n<td align=\"left\"><\/td>\n<\/tr>\n<tr>\n<td align=\"left\">Sexta-feira, 3 de abril de 2026<\/td>\n<td align=\"left\">8:00 AM &#8211; 12:00 PM<\/td>\n<td align=\"left\"><\/td>\n<\/tr>\n<tr>\n<td align=\"left\">Sexta-feira, 3 de abril de 2026<\/td>\n<td align=\"left\">12:00 PM *<\/td>\n<td align=\"left\">*IN\u00cdCIO DO REDIRECIONAMENTO DE CARGA. Todas as transportadoras de sa\u00edda devem ser registradas at\u00e9 esse hor\u00e1rio<\/td>\n<\/tr>\n<\/tbody>\n<\/table>\n<\/div>\n<\/div><\/div><div class=\"fusion-layout-column fusion_builder_column fusion-builder-column-5 fusion_builder_column_4_5 4_5 fusion-flex-column\" style=\"--awb-bg-color:#f8f8f8;--awb-bg-color-hover:#f8f8f8;--awb-bg-size:cover;--awb-border-color:#dddddd;--awb-border-top:1px;--awb-border-right:1px;--awb-border-bottom:1px;--awb-border-left:1px;--awb-border-style:solid;--awb-width-large:80%;--awb-spacing-right-large:8px;--awb-spacing-left-large:10px;--awb-width-medium:100%;--awb-order-medium:0;--awb-spacing-right-medium:10px;--awb-spacing-left-medium:10px;--awb-width-small:100%;--awb-order-small:0;--awb-spacing-right-small:10px;--awb-spacing-left-small:10px;\"><div class=\"fusion-column-wrapper fusion-column-has-shadow fusion-flex-justify-content-flex-start fusion-content-layout-column\"><div class=\"fusion-text fusion-text-6\" style=\"--awb-text-transform:none;\"><h3 class=\"fusion-responsive-typography-calculated\" style=\"margin-top: 0px; margin-bottom: 0px; background-color: #d14aa4; padding-top: 6px; padding-bottom: 6px; padding-left: 20px; text-align: left; --fontsize: 24; line-height: 1.3;\" data-fontsize=\"24\" data-lineheight=\"31.2px\"><span style=\"color: #ffffff;\">INFORMA\u00c7\u00d5ES IMPORTANTES<\/span><\/h3>\n<\/div><div class=\"fusion-text fusion-text-7\" style=\"--awb-text-transform:none;\"><p style=\"margin-bottom: 0px; margin-top: 0px; background-color: #ffffff; padding-top: 6px; padding-bottom: 6px; text-align: left; padding-left: 20px;\"><b>O hor\u00e1rio da exposi\u00e7\u00e3o para 2026 \u00e9 de ter\u00e7a a quinta-feira<\/b><\/p>\n<\/div><\/div><\/div><\/div><\/div><div class=\"fusion-fullwidth fullwidth-box fusion-builder-row-2 fusion-flex-container has-pattern-background has-mask-background nonhundred-percent-fullwidth non-hundred-percent-height-scrolling\" style=\"--awb-border-radius-top-left:0px;--awb-border-radius-top-right:0px;--awb-border-radius-bottom-right:0px;--awb-border-radius-bottom-left:0px;--awb-margin-top-small:20px;--awb-flex-wrap:wrap;\" ><div class=\"fusion-builder-row fusion-row fusion-flex-align-items-flex-start fusion-flex-content-wrap\" style=\"max-width:calc( 1280px + 20px );margin-left: calc(-20px \/ 2 );margin-right: calc(-20px \/ 2 );\"><div class=\"fusion-layout-column fusion_builder_column fusion-builder-column-6 fusion_builder_column_1_1 1_1 fusion-flex-column fusion-flex-align-self-flex-start\" style=\"--awb-padding-top:20px;--awb-padding-top-medium:0px;--awb-padding-left-medium:0px;--awb-padding-top-small:0px;--awb-padding-left-small:0px;--awb-bg-size:cover;--awb-width-large:100%;--awb-spacing-right-large:10px;--awb-spacing-left-large:10px;--awb-width-medium:100%;--awb-order-medium:0;--awb-spacing-right-medium:10px;--awb-spacing-left-medium:10px;--awb-width-small:100%;--awb-order-small:0;--awb-spacing-right-small:10px;--awb-spacing-left-small:10px;\"><div class=\"fusion-column-wrapper fusion-column-has-shadow fusion-flex-justify-content-flex-start fusion-content-layout-column\"><div class=\"fusion-text fusion-text-8\"><h1 style=\"margin-top: 0px; margin-bottom: 0px;\">LOCALIZA\u00c7\u00c3O E DIRE\u00c7\u00d5ES DO SHOW<\/h1>\n<\/div><\/div><\/div><div class=\"fusion-layout-column fusion_builder_column fusion-builder-column-7 fusion_builder_column_1_1 1_1 fusion-flex-column fusion-flex-align-self-center\" style=\"--awb-bg-color:#ffffff;--awb-bg-color-hover:#ffffff;--awb-bg-size:cover;--awb-border-color:#dddddd;--awb-border-style:solid;--awb-width-large:100%;--awb-spacing-right-large:10px;--awb-spacing-left-large:0px;--awb-width-medium:100%;--awb-order-medium:0;--awb-spacing-right-medium:10px;--awb-spacing-left-medium:10px;--awb-width-small:100%;--awb-order-small:0;--awb-spacing-right-small:10px;--awb-spacing-left-small:10px;\"><div class=\"fusion-column-wrapper fusion-column-has-shadow fusion-flex-justify-content-flex-start fusion-content-layout-column\"><iframe src=\"https:\/\/www.google.com\/maps\/embed?pb=!1m18!1m12!1m3!1d3222.4181425004886!2d-115.15463112302528!3d36.132030915231944!2m3!1f0!2f0!3f0!3m2!1i1024!2i768!4f13.1!3m3!1m2!1s0x80c8c46640af22e7:0xa93a4afe2fe7b046!2sLas%20Vegas%20Convention%20Center,%20South%20Hall!5e0!3m2!1sen!2sus!4v1723676360230!5m2!1sen!2sus\" width=\"auto\" height=\"450\" style=\"border:0;\" allowfullscreen=\"\" loading=\"lazy\" referrerpolicy=\"no-referrer-when-downgrade\"><\/iframe><div class=\"fusion-separator fusion-full-width-sep\" style=\"align-self: center;margin-left: auto;margin-right: auto;margin-top:10px;width:100%;\"><\/div><div class=\"fusion-text fusion-text-9\" style=\"--awb-text-transform:none;\"><p><strong>Las Vegas Convention Center<\/strong><br \/>\nSouth Hall<br \/>\n3150 Paradise Rd, Las Vegas, NV 89109<br \/>\n<a href=\"https:\/\/www.google.com\/maps\/place\/Las+Vegas+Convention+Center,+South+Hall\/@36.128609,-115.151543,16z\/data=!4m6!3m5!1s0x80c8c46640af22e7:0xa93a4afe2fe7b046!8m2!3d36.1286087!4d-115.1515426!16zL20vMDU4eDJi?hl=en&amp;entry=ttu\" target=\"_blank\" rel=\"noopener\">Exibir no mapa<\/a><\/p>\n<\/div><\/div><\/div><\/div><\/div><\/p>\n","protected":false},"excerpt":{"rendered":"","protected":false},"author":25,"featured_media":0,"parent":0,"menu_order":0,"comment_status":"closed","ping_status":"closed","template":"100-width.php","meta":{"footnotes":""},"class_list":["post-47381","page","type-page","status-publish","hentry"],"yoast_head":"<!-- This site is optimized with the Yoast SEO plugin v26.1.1 - https:\/\/yoast.com\/wordpress\/plugins\/seo\/ -->\n<title>Programa\u00e7\u00e3o da feira &#8211; TPE | Total Product Expo &#8211; B2B Trade Show<\/title>\n<meta name=\"description\" content=\"Encontre a programa\u00e7\u00e3o da feira, os hor\u00e1rios de funcionamento, os hor\u00e1rios de registro, os locais de retirada de crach\u00e1s e as festas realizadas na TPE em Las Vegas, Nevada\" \/>\n<meta name=\"robots\" content=\"index, follow, max-snippet:-1, max-image-preview:large, max-video-preview:-1\" \/>\n<link rel=\"canonical\" href=\"https:\/\/totalproductexpo.com\/pt-br\/programacao-da-exposicao-do-expositor\/\" \/>\n<meta property=\"og:locale\" content=\"pt_BR\" \/>\n<meta property=\"og:type\" content=\"article\" \/>\n<meta property=\"og:title\" content=\"Programa\u00e7\u00e3o da feira &#8211; TPE | Total Product Expo &#8211; B2B Trade Show\" \/>\n<meta property=\"og:description\" content=\"Encontre a programa\u00e7\u00e3o da feira, os hor\u00e1rios de funcionamento, os hor\u00e1rios de registro, os locais de retirada de crach\u00e1s e as festas realizadas na TPE em Las Vegas, Nevada\" \/>\n<meta property=\"og:url\" content=\"https:\/\/totalproductexpo.com\/pt-br\/programacao-da-exposicao-do-expositor\/\" \/>\n<meta property=\"og:site_name\" content=\"TPE | Total Product Expo\" \/>\n<meta property=\"article:publisher\" content=\"https:\/\/www.facebook.com\/totalproductexpo\/\" \/>\n<meta property=\"article:modified_time\" content=\"2025-10-31T17:00:24+00:00\" \/>\n<meta name=\"twitter:card\" content=\"summary_large_image\" \/>\n<meta name=\"twitter:site\" content=\"@totalproductxpo\" \/>\n<meta name=\"twitter:label1\" content=\"Est. reading time\" \/>\n\t<meta name=\"twitter:data1\" content=\"17 minutes\" \/>\n<script type=\"application\/ld+json\" class=\"yoast-schema-graph\">{\"@context\":\"https:\/\/schema.org\",\"@graph\":[{\"@type\":\"WebPage\",\"@id\":\"https:\/\/totalproductexpo.com\/pt-br\/programacao-da-exposicao-do-expositor\/\",\"url\":\"https:\/\/totalproductexpo.com\/pt-br\/programacao-da-exposicao-do-expositor\/\",\"name\":\"Programa\u00e7\u00e3o da feira &#8211; TPE | Total Product Expo &#8211; B2B Trade Show\",\"isPartOf\":{\"@id\":\"https:\/\/totalproductexpo.com\/pt-br\/#website\"},\"datePublished\":\"2024-08-14T23:01:47+00:00\",\"dateModified\":\"2025-10-31T17:00:24+00:00\",\"description\":\"Encontre a programa\u00e7\u00e3o da feira, os hor\u00e1rios de funcionamento, os hor\u00e1rios de registro, os locais de retirada de crach\u00e1s e as festas realizadas na TPE em Las Vegas, Nevada\",\"breadcrumb\":{\"@id\":\"https:\/\/totalproductexpo.com\/pt-br\/programacao-da-exposicao-do-expositor\/#breadcrumb\"},\"inLanguage\":\"pt-BR\",\"potentialAction\":[{\"@type\":\"ReadAction\",\"target\":[\"https:\/\/totalproductexpo.com\/pt-br\/programacao-da-exposicao-do-expositor\/\"]}]},{\"@type\":\"BreadcrumbList\",\"@id\":\"https:\/\/totalproductexpo.com\/pt-br\/programacao-da-exposicao-do-expositor\/#breadcrumb\",\"itemListElement\":[{\"@type\":\"ListItem\",\"position\":1,\"name\":\"Home\",\"item\":\"https:\/\/totalproductexpo.com\/pt-br\/\"},{\"@type\":\"ListItem\",\"position\":2,\"name\":\"PROGRAMA\u00c7\u00c3O DA EXPOSI\u00c7\u00c3O DO EXPOSITOR\"}]},{\"@type\":\"WebSite\",\"@id\":\"https:\/\/totalproductexpo.com\/pt-br\/#website\",\"url\":\"https:\/\/totalproductexpo.com\/pt-br\/\",\"name\":\"TPE | Total Product Expo\",\"description\":\"Tobacco \u2022 Vapor \u2022\u00a0Alternative B2B Trade Show\",\"publisher\":{\"@id\":\"https:\/\/totalproductexpo.com\/pt-br\/#organization\"},\"alternateName\":\"Total Product Expo\",\"potentialAction\":[{\"@type\":\"SearchAction\",\"target\":{\"@type\":\"EntryPoint\",\"urlTemplate\":\"https:\/\/totalproductexpo.com\/pt-br\/?s={search_term_string}\"},\"query-input\":{\"@type\":\"PropertyValueSpecification\",\"valueRequired\":true,\"valueName\":\"search_term_string\"}}],\"inLanguage\":\"pt-BR\"},{\"@type\":\"Organization\",\"@id\":\"https:\/\/totalproductexpo.com\/pt-br\/#organization\",\"name\":\"Total Product Events\",\"alternateName\":\"Total Product Expo\",\"url\":\"https:\/\/totalproductexpo.com\/pt-br\/\",\"logo\":{\"@type\":\"ImageObject\",\"inLanguage\":\"pt-BR\",\"@id\":\"https:\/\/totalproductexpo.com\/pt-br\/#\/schema\/logo\/image\/\",\"url\":\"https:\/\/totalproductexpo.com\/wp-content\/uploads\/2024\/06\/TPExpo-TPEvents-Logo_696px-jpg.webp\",\"contentUrl\":\"https:\/\/totalproductexpo.com\/wp-content\/uploads\/2024\/06\/TPExpo-TPEvents-Logo_696px-jpg.webp\",\"width\":696,\"height\":696,\"caption\":\"Total Product Events\"},\"image\":{\"@id\":\"https:\/\/totalproductexpo.com\/pt-br\/#\/schema\/logo\/image\/\"},\"sameAs\":[\"https:\/\/www.facebook.com\/totalproductexpo\/\",\"https:\/\/x.com\/totalproductxpo\",\"https:\/\/www.instagram.com\/totalproductexpo\/\",\"https:\/\/www.linkedin.com\/company\/totalproductexpo\",\"https:\/\/www.youtube.com\/channel\/UCeZ7S2zlSGbA9KzB3eVjWAw\"]}]}<\/script>\n<!-- \/ Yoast SEO plugin. -->","yoast_head_json":{"title":"Programa\u00e7\u00e3o da feira &#8211; TPE | Total Product Expo &#8211; B2B Trade Show","description":"Encontre a programa\u00e7\u00e3o da feira, os hor\u00e1rios de funcionamento, os hor\u00e1rios de registro, os locais de retirada de crach\u00e1s e as festas realizadas na TPE em Las Vegas, Nevada","robots":{"index":"index","follow":"follow","max-snippet":"max-snippet:-1","max-image-preview":"max-image-preview:large","max-video-preview":"max-video-preview:-1"},"canonical":"https:\/\/totalproductexpo.com\/pt-br\/programacao-da-exposicao-do-expositor\/","og_locale":"pt_BR","og_type":"article","og_title":"Programa\u00e7\u00e3o da feira &#8211; TPE | Total Product Expo &#8211; B2B Trade Show","og_description":"Encontre a programa\u00e7\u00e3o da feira, os hor\u00e1rios de funcionamento, os hor\u00e1rios de registro, os locais de retirada de crach\u00e1s e as festas realizadas na TPE em Las Vegas, Nevada","og_url":"https:\/\/totalproductexpo.com\/pt-br\/programacao-da-exposicao-do-expositor\/","og_site_name":"TPE | Total Product Expo","article_publisher":"https:\/\/www.facebook.com\/totalproductexpo\/","article_modified_time":"2025-10-31T17:00:24+00:00","twitter_card":"summary_large_image","twitter_site":"@totalproductxpo","twitter_misc":{"Est. reading time":"17 minutes"},"schema":{"@context":"https:\/\/schema.org","@graph":[{"@type":"WebPage","@id":"https:\/\/totalproductexpo.com\/pt-br\/programacao-da-exposicao-do-expositor\/","url":"https:\/\/totalproductexpo.com\/pt-br\/programacao-da-exposicao-do-expositor\/","name":"Programa\u00e7\u00e3o da feira &#8211; TPE | Total Product Expo &#8211; B2B Trade Show","isPartOf":{"@id":"https:\/\/totalproductexpo.com\/pt-br\/#website"},"datePublished":"2024-08-14T23:01:47+00:00","dateModified":"2025-10-31T17:00:24+00:00","description":"Encontre a programa\u00e7\u00e3o da feira, os hor\u00e1rios de funcionamento, os hor\u00e1rios de registro, os locais de retirada de crach\u00e1s e as festas realizadas na TPE em Las Vegas, Nevada","breadcrumb":{"@id":"https:\/\/totalproductexpo.com\/pt-br\/programacao-da-exposicao-do-expositor\/#breadcrumb"},"inLanguage":"pt-BR","potentialAction":[{"@type":"ReadAction","target":["https:\/\/totalproductexpo.com\/pt-br\/programacao-da-exposicao-do-expositor\/"]}]},{"@type":"BreadcrumbList","@id":"https:\/\/totalproductexpo.com\/pt-br\/programacao-da-exposicao-do-expositor\/#breadcrumb","itemListElement":[{"@type":"ListItem","position":1,"name":"Home","item":"https:\/\/totalproductexpo.com\/pt-br\/"},{"@type":"ListItem","position":2,"name":"PROGRAMA\u00c7\u00c3O DA EXPOSI\u00c7\u00c3O DO EXPOSITOR"}]},{"@type":"WebSite","@id":"https:\/\/totalproductexpo.com\/pt-br\/#website","url":"https:\/\/totalproductexpo.com\/pt-br\/","name":"TPE | Total Product Expo","description":"Tobacco \u2022 Vapor \u2022\u00a0Alternative B2B Trade Show","publisher":{"@id":"https:\/\/totalproductexpo.com\/pt-br\/#organization"},"alternateName":"Total Product Expo","potentialAction":[{"@type":"SearchAction","target":{"@type":"EntryPoint","urlTemplate":"https:\/\/totalproductexpo.com\/pt-br\/?s={search_term_string}"},"query-input":{"@type":"PropertyValueSpecification","valueRequired":true,"valueName":"search_term_string"}}],"inLanguage":"pt-BR"},{"@type":"Organization","@id":"https:\/\/totalproductexpo.com\/pt-br\/#organization","name":"Total Product Events","alternateName":"Total Product Expo","url":"https:\/\/totalproductexpo.com\/pt-br\/","logo":{"@type":"ImageObject","inLanguage":"pt-BR","@id":"https:\/\/totalproductexpo.com\/pt-br\/#\/schema\/logo\/image\/","url":"https:\/\/totalproductexpo.com\/wp-content\/uploads\/2024\/06\/TPExpo-TPEvents-Logo_696px-jpg.webp","contentUrl":"https:\/\/totalproductexpo.com\/wp-content\/uploads\/2024\/06\/TPExpo-TPEvents-Logo_696px-jpg.webp","width":696,"height":696,"caption":"Total Product Events"},"image":{"@id":"https:\/\/totalproductexpo.com\/pt-br\/#\/schema\/logo\/image\/"},"sameAs":["https:\/\/www.facebook.com\/totalproductexpo\/","https:\/\/x.com\/totalproductxpo","https:\/\/www.instagram.com\/totalproductexpo\/","https:\/\/www.linkedin.com\/company\/totalproductexpo","https:\/\/www.youtube.com\/channel\/UCeZ7S2zlSGbA9KzB3eVjWAw"]}]}},"_links":{"self":[{"href":"https:\/\/totalproductexpo.com\/pt-br\/wp-json\/wp\/v2\/pages\/47381","targetHints":{"allow":["GET"]}}],"collection":[{"href":"https:\/\/totalproductexpo.com\/pt-br\/wp-json\/wp\/v2\/pages"}],"about":[{"href":"https:\/\/totalproductexpo.com\/pt-br\/wp-json\/wp\/v2\/types\/page"}],"author":[{"embeddable":true,"href":"https:\/\/totalproductexpo.com\/pt-br\/wp-json\/wp\/v2\/users\/25"}],"replies":[{"embeddable":true,"href":"https:\/\/totalproductexpo.com\/pt-br\/wp-json\/wp\/v2\/comments?post=47381"}],"version-history":[{"count":10,"href":"https:\/\/totalproductexpo.com\/pt-br\/wp-json\/wp\/v2\/pages\/47381\/revisions"}],"predecessor-version":[{"id":55556,"href":"https:\/\/totalproductexpo.com\/pt-br\/wp-json\/wp\/v2\/pages\/47381\/revisions\/55556"}],"wp:attachment":[{"href":"https:\/\/totalproductexpo.com\/pt-br\/wp-json\/wp\/v2\/media?parent=47381"}],"curies":[{"name":"wp","href":"https:\/\/api.w.org\/{rel}","templated":true}]}}