{"id":54748,"date":"2025-08-19T20:10:57","date_gmt":"2025-08-20T03:10:57","guid":{"rendered":"https:\/\/totalproductexpo.com\/programas-hospedados-exclusivos\/"},"modified":"2025-11-13T10:34:29","modified_gmt":"2025-11-13T18:34:29","slug":"programas-hospedados-exclusivos","status":"publish","type":"page","link":"https:\/\/totalproductexpo.com\/pt-br\/programas-hospedados-exclusivos\/","title":{"rendered":"Programas hospedados exclusivos"},"content":{"rendered":"<div class=\"fusion-fullwidth fullwidth-box fusion-builder-row-1 fusion-flex-container has-pattern-background has-mask-background hundred-percent-fullwidth non-hundred-percent-height-scrolling hero\" style=\"--awb-border-radius-top-left:0px;--awb-border-radius-top-right:0px;--awb-border-radius-bottom-right:0px;--awb-border-radius-bottom-left:0px;--awb-margin-bottom-small:-42%;--awb-background-color:#090b29;--awb-flex-wrap:wrap;\" ><div class=\"fusion-builder-row fusion-row fusion-flex-align-items-flex-start fusion-flex-content-wrap\" style=\"width:102% !important;max-width:102% !important;margin-left: calc(-2% \/ 2 );margin-right: calc(-2% \/ 2 );\"><div class=\"fusion-layout-column fusion_builder_column fusion-builder-column-0 fusion_builder_column_1_1 1_1 fusion-flex-column\" style=\"--awb-bg-size:cover;--awb-width-large:100%;--awb-spacing-right-large:0.98%;--awb-margin-bottom-large:0px;--awb-spacing-left-large:0.98%;--awb-width-medium:100%;--awb-order-medium:0;--awb-spacing-right-medium:0.98%;--awb-spacing-left-medium:0.98%;--awb-width-small:100%;--awb-order-small:0;--awb-spacing-right-small:0.98%;--awb-spacing-left-small:0.98%;\" data-scroll-devices=\"small-visibility,medium-visibility,large-visibility\"><div class=\"fusion-column-wrapper fusion-column-has-shadow fusion-flex-justify-content-flex-start fusion-content-layout-column\"><div>\n\n\n  <meta charset=\"UTF-8\">\n  <meta name=\"viewport\" content=\"width=device-width, initial-scale=1.0\">\n  <title>Programas hospedados pela TPE<\/title>\n  <link rel=\"stylesheet\" href=\"estilos.css\">\n\n\n  <main class=\"main-content\">\n    <!-- Hero Section -->\n    <section class=\"hero-section\">\n      <div class=\"hero-background\"><\/div>\n      <div class=\"hero-image-desktop\"><\/div>\n      \n      <div class=\"hero-content\">\n        <h1 class=\"hero-title\">\n  PROGRAMAS EXCLUSIVOS HOSPEDADOS EM<br><br> \n        <\/h1>\n      <\/div>\n      \n      <!-- Hero Banner -->\n      <div class=\"hero-banner\">\n        <img decoding=\"async\" src=\"data:image\/gif;base64,R0lGODlhAQABAAAAACH5BAEKAAEALAAAAAABAAEAAAICTAEAOw==\" data-orig-src=\"https:\/\/c.animaapp.com\/memdjnztYkPUbi\/assets\/sec-2-background.png\" alt=\"\" class=\"lazyload hero-banner-bg\">\n        \n        <!-- Chrome Assets -->\n        <img decoding=\"async\" src=\"data:image\/gif;base64,R0lGODlhAQABAAAAACH5BAEKAAEALAAAAAABAAEAAAICTAEAOw==\" data-orig-src=\"https:\/\/c.animaapp.com\/memdjnztYkPUbi\/assets\/chrome-asset-2@2x.png\" alt=\"\" class=\"lazyload chrome-asset-right\">\n        <img decoding=\"async\" src=\"data:image\/gif;base64,R0lGODlhAQABAAAAACH5BAEKAAEALAAAAAABAAEAAAICTAEAOw==\" data-orig-src=\"https:\/\/c.animaapp.com\/memdjnztYkPUbi\/assets\/chrome-asset-1@2x.png\" alt=\"\" class=\"lazyload chrome-asset-left\">\n        \n        <div class=\"hero-banner-content\">\n          <h2 class=\"hero-subtitle\">A TPE INVESTE EM VOC\u00ca<\/h2>\n          <p class=\"hero-description\">\n            <strong>Ao retornar \u00e0 TPE todos os anos, voc\u00ea ter\u00e1 grandes benef\u00edcios. Acesso gratuito \u00e0 feira. Estadias gratuitas em hot\u00e9is. E muito mais!<\/strong>\n S\u00f3 em 2025, investimos mais de US$ 150.000 em programas de fidelidade e hospedados. Escolha o caminho do seu setor e descubra a experi\u00eancia hospedada da qual voc\u00ea pode fazer parte na TPE. \n          <\/p>\n        <\/div>\n      <\/div>\n    <\/section>\n\n    <!-- Category Buttons -->\n    <section class=\"category-section\">\n      <div class=\"category-buttons\">\n        <a href=\"#hosted-buyer-program\" class=\"category-button active\">COMPRADOR<\/a>\n        <a href=\"#hosted-distributor-program\" class=\"category-button\">DISTRIBUIDOR<\/a>\n        <a href=\"#hosted-international-distributor-program\" class=\"category-button\">INTERNACIONAL<\/a>\n        <a href=\"#hosted-media-program\" class=\"category-button\">M\u00cdDIA<\/a>\n      <\/div>\n    <\/section>\n\n    <!-- Loyalty Program Section -->\n    <section class=\"program-section\">\n      <div class=\"program-container\">\n        <div class=\"program-content\">\n          <div class=\"program-text\">\n            <h2 class=\"program-title\">PROGRAMA DE FIDELIDADE<\/h2>\n            <div class=\"program-image mobile-image\">\n              <img class=\"lazyload\" decoding=\"async\" src=\"data:image\/gif;base64,R0lGODlhAQABAAAAACH5BAEKAAEALAAAAAABAAEAAAICTAEAOw==\" data-orig-src=\"https:\/\/c.animaapp.com\/memdjnztYkPUbi\/assets\/image-1.png\" alt=\"Foto de grupo dos membros do programa de fidelidade TPE\">\n            <\/div>\n            <div class=\"program-description\">\n              <p>Para compradores que participaram de mais de 3 anos consecutivos na TPE... Junte-se aos mais de 500 membros fidelizados da TPE 2025 na feira deste ano e desfrute de vantagens de luxo, como um quarto de hotel de alto padr\u00e3o por nossa conta! Se voc\u00ea tiver tr\u00eas ou mais anos de participa\u00e7\u00e3o recorrente como comprador qualificado, poder\u00e1 se qualificar para o status VIP. <\/p>\n              <p class=\"program-note\">As inscri\u00e7\u00f5es para o programa come\u00e7am cedo, em 23 de setembro.<\/p>\n              <p class=\"benefits-title\">Os benef\u00edcios incluem:<\/p>\n              <ul class=\"benefits-list\">\n                <li>Duas noites de hotel <strong>com upgrade<\/strong> gratuito no Resort World<\/li>\n                <li>Registro gratuito no show<\/li>\n                <li>Presente de agradecimento (um estoque particular de produtos TPE e produtos de expositores)<\/li>\n                <li>Retirada priorit\u00e1ria de crach\u00e1<\/li>\n              <\/ul>\n            <\/div>\n            <a href=\"https:\/\/totalproductexpo.com\/contact\/\" class=\"contact-button\">\n              <span>ENTRE EM CONTATO CONOSCO<\/span>\n            <\/a>\n          <\/div>\n          <div class=\"program-image desktop-image\">\n            <img class=\"lazyload\" decoding=\"async\" src=\"data:image\/gif;base64,R0lGODlhAQABAAAAACH5BAEKAAEALAAAAAABAAEAAAICTAEAOw==\" data-orig-src=\"https:\/\/c.animaapp.com\/memdjnztYkPUbi\/assets\/image-1.png\" alt=\"Foto de grupo dos membros do programa de fidelidade TPE\">\n          <\/div>\n        <\/div>\n      <\/div>\n    <\/section>\n\n    <!-- Hosted Buyer Program Section -->\n    <section class=\"program-section\" id=\"hosted-buyer-program\">\n      <div class=\"program-container\">\n        <div class=\"program-content\">\n          <div class=\"program-text\">\n            <h2 class=\"program-title\">PROGRAMA DE COMPRADOR HOSPEDADO<\/h2>\n            <div class=\"program-image mobile-image\">\n              <img class=\"lazyload\" decoding=\"async\" src=\"data:image\/gif;base64,R0lGODlhAQABAAAAACH5BAEKAAEALAAAAAABAAEAAAICTAEAOw==\" data-orig-src=\"https:\/\/c.animaapp.com\/eBvhT3Gm\/img\/image-2.png\" alt=\"Participantes da feira de neg\u00f3cios em um estande\">\n            <\/div>\n            <div class=\"program-description\">\n              <p>Para compradores qualificados escolhidos a dedo pela TPE...<\/p>\n              <p>Os varejistas selecionados que se qualificam para o status premier geralmente est\u00e3o a apenas um ano de concorrer ao status de fidelidade. Entre em contato com a equipe da feira para obter mais informa\u00e7\u00f5es. <\/p>\n              <p class=\"benefits-title\">Os benef\u00edcios incluem:<\/p>\n              <ul class=\"benefits-list\">\n                <li>Duas noites gratuitas no Sahara Hotel<\/li>\n                <li>Registro gratuito no show<\/li>\n              <\/ul>\n            <\/div>\n          <\/div>\n          <div class=\"program-image desktop-image\">\n            <img class=\"lazyload\" decoding=\"async\" src=\"data:image\/gif;base64,R0lGODlhAQABAAAAACH5BAEKAAEALAAAAAABAAEAAAICTAEAOw==\" data-orig-src=\"https:\/\/c.animaapp.com\/eBvhT3Gm\/img\/image-2.png\" alt=\"Participantes da feira de neg\u00f3cios em um estande\">\n          <\/div>\n        <\/div>\n      <\/div>\n    <\/section>\n\n    <!-- Hosted Distributor Program Section -->\n    <section class=\"program-section\" id=\"hosted-distributor-program\">\n      <div class=\"program-container\">\n        <div class=\"program-content\">\n          <div class=\"program-text\">\n            <h2 class=\"program-title\">PROGRAMA DE DISTRIBUIDOR HOSPEDADO<\/h2>\n            <div class=\"program-image mobile-image\">\n              <img class=\"lazyload\" decoding=\"async\" src=\"data:image\/gif;base64,R0lGODlhAQABAAAAACH5BAEKAAEALAAAAAABAAEAAAICTAEAOw==\" data-orig-src=\"https:\/\/c.animaapp.com\/iZRz1WGl\/img\/image-3.png\" alt=\"Programa de distribuidores\">\n            <\/div>\n            <div class=\"program-description\">\n              <p>Para distribuidores qualificados selecionados a dedo pela TPE...<\/p>\n              <p>Fa\u00e7a neg\u00f3cios no sal\u00e3o de exposi\u00e7\u00f5es e pague seu quarto de hotel de alto padr\u00e3o para n\u00f3s! Voc\u00ea pode se dar ao luxo. Esse tratamento especial \u00e9 um prazer para voc\u00ea.  <\/p>\n              <p class=\"benefits-title\">Os benef\u00edcios incluem:<\/p>\n              <p>- Duas noites de hotel <strong>com upgrade<\/strong> gratuito no Resort World<br> - Registro gratuito no show<\/p>\n            <\/div>\n          <\/div>\n          <div class=\"program-image desktop-image\">\n            <img class=\"lazyload\" decoding=\"async\" src=\"data:image\/gif;base64,R0lGODlhAQABAAAAACH5BAEKAAEALAAAAAABAAEAAAICTAEAOw==\" data-orig-src=\"https:\/\/c.animaapp.com\/iZRz1WGl\/img\/image-3.png\" alt=\"Programa de distribuidores\">\n          <\/div>\n        <\/div>\n      <\/div>\n    <\/section>\n\n    <!-- Hosted International Distributor Program Section -->\n    <section class=\"program-section\" id=\"hosted-international-distributor-program\">\n      <div class=\"program-container\">\n        <div class=\"program-content\">\n          <div class=\"program-text\">\n            <h2 class=\"program-title\">PROGRAMA DE DISTRIBUIDORES INTERNACIONAIS HOSPEDADOS<\/h2>\n            <div class=\"program-image mobile-image\">\n              <img class=\"lazyload\" decoding=\"async\" src=\"data:image\/gif;base64,R0lGODlhAQABAAAAACH5BAEKAAEALAAAAAABAAEAAAICTAEAOw==\" data-orig-src=\"https:\/\/c.animaapp.com\/DaL925hq\/img\/image-4.png\" alt=\"Programa de distribuidores internacionais\">\n            <\/div>\n            <div class=\"program-description\">\n              <p>Para os distribuidores internacionais qualificados que v\u00eam para a TPE...<\/p>\n              <p>Apreciamos os distribuidores que viajam pelos continentes para fazer neg\u00f3cios e queremos tornar sua viagem a mais tranquila poss\u00edvel. Aproveite uma noite adicional de estadia e um cart\u00e3o-presente para ajudar voc\u00ea com as despesas de viagem. <\/p>\n              <p class=\"benefits-title\">Os benef\u00edcios incluem:<\/p>\n              <ul class=\"benefits-list\">\n                <li>Tr\u00eas noites gratuitas no Sahara Hotel<\/li>\n                <li>Cart\u00e3o-presente de US$ 100<\/li>\n                <li>Registro gratuito no show<\/li>\n              <\/ul>\n            <\/div>\n          <\/div>\n          <div class=\"program-image desktop-image\">\n            <img class=\"lazyload\" decoding=\"async\" src=\"data:image\/gif;base64,R0lGODlhAQABAAAAACH5BAEKAAEALAAAAAABAAEAAAICTAEAOw==\" data-orig-src=\"https:\/\/c.animaapp.com\/DaL925hq\/img\/image-4.png\" alt=\"Programa de distribuidores internacionais\">\n          <\/div>\n        <\/div>\n      <\/div>\n    <\/section>\n\n    <!-- Hosted Media Program Section -->\n    <section class=\"program-section\" id=\"hosted-media-program\">\n      <div class=\"program-container\">\n        <div class=\"program-content\">\n          <div class=\"program-text\">\n            <h2 class=\"program-title\">PROGRAMA DE M\u00cdDIA HOSPEDADA<\/h2>\n            <div class=\"program-image mobile-image\">\n              <img class=\"lazyload\" decoding=\"async\" src=\"data:image\/gif;base64,R0lGODlhAQABAAAAACH5BAEKAAEALAAAAAABAAEAAAICTAEAOw==\" data-orig-src=\"https:\/\/c.animaapp.com\/Kirwws0e\/img\/image-5.png\" alt=\"Programa de m\u00eddia\">\n            <\/div>\n            <div class=\"program-description\">\n              <p>Acesso exclusivo ao piso para aqueles que cobrem TPE...<\/p>\n              <p>A m\u00eddia escolhida a dedo recebe uma primeira olhada e uma entrada f\u00e1cil para voc\u00ea fazer o que quiser. E por colocar a TPE em destaque, gostar\u00edamos de retribuir o favor com algumas vantagens especiais. <\/p>\n              <p class=\"benefits-title\">Os benef\u00edcios incluem para m\u00eddias selecionadas:<\/p>\n              <ul class=\"benefits-list\">\n                <li>Duas noites gratuitas no Sahara Hotel<\/li>\n                <li>Registro gratuito no show<\/li>\n                <li>Acesso antecipado de uma hora ao sal\u00e3o<\/li>\n              <\/ul>\n            <\/div>\n          <\/div>\n          <div class=\"program-image desktop-image\">\n            <img class=\"lazyload\" decoding=\"async\" src=\"data:image\/gif;base64,R0lGODlhAQABAAAAACH5BAEKAAEALAAAAAABAAEAAAICTAEAOw==\" data-orig-src=\"https:\/\/c.animaapp.com\/Kirwws0e\/img\/image-5.png\" alt=\"Programa de m\u00eddia\">\n          <\/div>\n        <\/div>\n      <\/div>\n    <\/section>\n\n    <!-- CTA Section -->\n    <section class=\"cta-section\">\n      <div class=\"cta-background\">\n        <video class=\"cta-video\" autoplay=\"\" muted=\"\" loop=\"\" playsinline=\"\">\n          <source src=\"https:\/\/totalproductexpo.com\/wp-content\/uploads\/2025\/08\/HB-Video-Background.mp4\" type=\"video\/mp4\">\n          <div class=\"video-fallback\"><\/div>\n        <\/source><\/video>\n        <div class=\"cta-overlay\"><\/div>\n      <\/div>\n      \n      <img decoding=\"async\" src=\"data:image\/gif;base64,R0lGODlhAQABAAAAACH5BAEKAAEALAAAAAABAAEAAAICTAEAOw==\" data-orig-src=\"https:\/\/c.animaapp.com\/memdjnztYkPUbi\/assets\/chrome-asset-1@2x.png\" alt=\"\" class=\"lazyload cta-chrome-left\">\n      <img decoding=\"async\" src=\"data:image\/gif;base64,R0lGODlhAQABAAAAACH5BAEKAAEALAAAAAABAAEAAAICTAEAOw==\" data-orig-src=\"https:\/\/c.animaapp.com\/memdjnztYkPUbi\/assets\/chrome-asset-2@2x.png\" alt=\"\" class=\"lazyload cta-chrome-right\">\n      \n      <div class=\"cta-content\">\n        <h2 class=\"cta-title\">SAIBA MAIS<\/h2>\n        <p class=\"cta-description\">Se voc\u00ea tiver d\u00favidas sobre um ou mais desses programas, estamos aqui para ajudar.<\/p>\n        <a href=\"https:\/\/totalproductexpo.com\/contact\/\" class=\"contact-button\">\n          <span>ENTRE EM CONTATO CONOSCO<\/span>\n        <\/a>\n      <\/div>\n    <\/section>\n\n    <!-- Mobile Spacer Section (matches footer background) -->\n    <section class=\"mobile-spacer\"><\/section>\n  <\/main>\n\n\n<\/div><\/div><\/div><\/div><\/div>\n","protected":false},"excerpt":{"rendered":"","protected":false},"author":25,"featured_media":0,"parent":0,"menu_order":0,"comment_status":"closed","ping_status":"closed","template":"100-width.php","meta":{"footnotes":""},"class_list":["post-54748","page","type-page","status-publish","hentry"],"yoast_head":"<!-- This site is optimized with the Yoast SEO plugin v26.1.1 - https:\/\/yoast.com\/wordpress\/plugins\/seo\/ -->\n<title>Programas hospedados exclusivos &#8211; TPE | Total Product Expo<\/title>\n<meta name=\"robots\" content=\"index, follow, max-snippet:-1, max-image-preview:large, max-video-preview:-1\" \/>\n<link rel=\"canonical\" href=\"https:\/\/totalproductexpo.com\/pt-br\/programas-hospedados-exclusivos\/\" \/>\n<meta property=\"og:locale\" content=\"pt_BR\" \/>\n<meta property=\"og:type\" content=\"article\" \/>\n<meta property=\"og:title\" content=\"Programas hospedados exclusivos &#8211; TPE | Total Product Expo\" \/>\n<meta property=\"og:url\" content=\"https:\/\/totalproductexpo.com\/pt-br\/programas-hospedados-exclusivos\/\" \/>\n<meta property=\"og:site_name\" content=\"TPE | Total Product Expo\" \/>\n<meta property=\"article:publisher\" content=\"https:\/\/www.facebook.com\/totalproductexpo\/\" \/>\n<meta property=\"article:modified_time\" content=\"2025-11-13T18:34:29+00:00\" \/>\n<meta name=\"twitter:card\" content=\"summary_large_image\" \/>\n<meta name=\"twitter:site\" content=\"@totalproductxpo\" \/>\n<meta name=\"twitter:label1\" content=\"Est. reading time\" \/>\n\t<meta name=\"twitter:data1\" content=\"12 minutes\" \/>\n<script type=\"application\/ld+json\" class=\"yoast-schema-graph\">{\"@context\":\"https:\/\/schema.org\",\"@graph\":[{\"@type\":\"WebPage\",\"@id\":\"https:\/\/totalproductexpo.com\/pt-br\/programas-hospedados-exclusivos\/\",\"url\":\"https:\/\/totalproductexpo.com\/pt-br\/programas-hospedados-exclusivos\/\",\"name\":\"Programas hospedados exclusivos &#8211; TPE | Total Product Expo\",\"isPartOf\":{\"@id\":\"https:\/\/totalproductexpo.com\/pt-br\/#website\"},\"datePublished\":\"2025-08-20T03:10:57+00:00\",\"dateModified\":\"2025-11-13T18:34:29+00:00\",\"breadcrumb\":{\"@id\":\"https:\/\/totalproductexpo.com\/pt-br\/programas-hospedados-exclusivos\/#breadcrumb\"},\"inLanguage\":\"pt-BR\",\"potentialAction\":[{\"@type\":\"ReadAction\",\"target\":[\"https:\/\/totalproductexpo.com\/pt-br\/programas-hospedados-exclusivos\/\"]}]},{\"@type\":\"BreadcrumbList\",\"@id\":\"https:\/\/totalproductexpo.com\/pt-br\/programas-hospedados-exclusivos\/#breadcrumb\",\"itemListElement\":[{\"@type\":\"ListItem\",\"position\":1,\"name\":\"Home\",\"item\":\"https:\/\/totalproductexpo.com\/pt-br\/\"},{\"@type\":\"ListItem\",\"position\":2,\"name\":\"Programas hospedados exclusivos\"}]},{\"@type\":\"WebSite\",\"@id\":\"https:\/\/totalproductexpo.com\/pt-br\/#website\",\"url\":\"https:\/\/totalproductexpo.com\/pt-br\/\",\"name\":\"TPE | Total Product Expo\",\"description\":\"Tobacco \u2022 Vapor \u2022\u00a0Alternative B2B Trade Show\",\"publisher\":{\"@id\":\"https:\/\/totalproductexpo.com\/pt-br\/#organization\"},\"alternateName\":\"Total Product Expo\",\"potentialAction\":[{\"@type\":\"SearchAction\",\"target\":{\"@type\":\"EntryPoint\",\"urlTemplate\":\"https:\/\/totalproductexpo.com\/pt-br\/?s={search_term_string}\"},\"query-input\":{\"@type\":\"PropertyValueSpecification\",\"valueRequired\":true,\"valueName\":\"search_term_string\"}}],\"inLanguage\":\"pt-BR\"},{\"@type\":\"Organization\",\"@id\":\"https:\/\/totalproductexpo.com\/pt-br\/#organization\",\"name\":\"Total Product Events\",\"alternateName\":\"Total Product Expo\",\"url\":\"https:\/\/totalproductexpo.com\/pt-br\/\",\"logo\":{\"@type\":\"ImageObject\",\"inLanguage\":\"pt-BR\",\"@id\":\"https:\/\/totalproductexpo.com\/pt-br\/#\/schema\/logo\/image\/\",\"url\":\"https:\/\/totalproductexpo.com\/wp-content\/uploads\/2024\/06\/TPExpo-TPEvents-Logo_696px-jpg.webp\",\"contentUrl\":\"https:\/\/totalproductexpo.com\/wp-content\/uploads\/2024\/06\/TPExpo-TPEvents-Logo_696px-jpg.webp\",\"width\":696,\"height\":696,\"caption\":\"Total Product Events\"},\"image\":{\"@id\":\"https:\/\/totalproductexpo.com\/pt-br\/#\/schema\/logo\/image\/\"},\"sameAs\":[\"https:\/\/www.facebook.com\/totalproductexpo\/\",\"https:\/\/x.com\/totalproductxpo\",\"https:\/\/www.instagram.com\/totalproductexpo\/\",\"https:\/\/www.linkedin.com\/company\/totalproductexpo\",\"https:\/\/www.youtube.com\/channel\/UCeZ7S2zlSGbA9KzB3eVjWAw\"]}]}<\/script>\n<!-- \/ Yoast SEO plugin. -->","yoast_head_json":{"title":"Programas hospedados exclusivos &#8211; TPE | Total Product Expo","robots":{"index":"index","follow":"follow","max-snippet":"max-snippet:-1","max-image-preview":"max-image-preview:large","max-video-preview":"max-video-preview:-1"},"canonical":"https:\/\/totalproductexpo.com\/pt-br\/programas-hospedados-exclusivos\/","og_locale":"pt_BR","og_type":"article","og_title":"Programas hospedados exclusivos &#8211; TPE | Total Product Expo","og_url":"https:\/\/totalproductexpo.com\/pt-br\/programas-hospedados-exclusivos\/","og_site_name":"TPE | Total Product Expo","article_publisher":"https:\/\/www.facebook.com\/totalproductexpo\/","article_modified_time":"2025-11-13T18:34:29+00:00","twitter_card":"summary_large_image","twitter_site":"@totalproductxpo","twitter_misc":{"Est. reading time":"12 minutes"},"schema":{"@context":"https:\/\/schema.org","@graph":[{"@type":"WebPage","@id":"https:\/\/totalproductexpo.com\/pt-br\/programas-hospedados-exclusivos\/","url":"https:\/\/totalproductexpo.com\/pt-br\/programas-hospedados-exclusivos\/","name":"Programas hospedados exclusivos &#8211; TPE | Total Product Expo","isPartOf":{"@id":"https:\/\/totalproductexpo.com\/pt-br\/#website"},"datePublished":"2025-08-20T03:10:57+00:00","dateModified":"2025-11-13T18:34:29+00:00","breadcrumb":{"@id":"https:\/\/totalproductexpo.com\/pt-br\/programas-hospedados-exclusivos\/#breadcrumb"},"inLanguage":"pt-BR","potentialAction":[{"@type":"ReadAction","target":["https:\/\/totalproductexpo.com\/pt-br\/programas-hospedados-exclusivos\/"]}]},{"@type":"BreadcrumbList","@id":"https:\/\/totalproductexpo.com\/pt-br\/programas-hospedados-exclusivos\/#breadcrumb","itemListElement":[{"@type":"ListItem","position":1,"name":"Home","item":"https:\/\/totalproductexpo.com\/pt-br\/"},{"@type":"ListItem","position":2,"name":"Programas hospedados exclusivos"}]},{"@type":"WebSite","@id":"https:\/\/totalproductexpo.com\/pt-br\/#website","url":"https:\/\/totalproductexpo.com\/pt-br\/","name":"TPE | Total Product Expo","description":"Tobacco \u2022 Vapor \u2022\u00a0Alternative B2B Trade Show","publisher":{"@id":"https:\/\/totalproductexpo.com\/pt-br\/#organization"},"alternateName":"Total Product Expo","potentialAction":[{"@type":"SearchAction","target":{"@type":"EntryPoint","urlTemplate":"https:\/\/totalproductexpo.com\/pt-br\/?s={search_term_string}"},"query-input":{"@type":"PropertyValueSpecification","valueRequired":true,"valueName":"search_term_string"}}],"inLanguage":"pt-BR"},{"@type":"Organization","@id":"https:\/\/totalproductexpo.com\/pt-br\/#organization","name":"Total Product Events","alternateName":"Total Product Expo","url":"https:\/\/totalproductexpo.com\/pt-br\/","logo":{"@type":"ImageObject","inLanguage":"pt-BR","@id":"https:\/\/totalproductexpo.com\/pt-br\/#\/schema\/logo\/image\/","url":"https:\/\/totalproductexpo.com\/wp-content\/uploads\/2024\/06\/TPExpo-TPEvents-Logo_696px-jpg.webp","contentUrl":"https:\/\/totalproductexpo.com\/wp-content\/uploads\/2024\/06\/TPExpo-TPEvents-Logo_696px-jpg.webp","width":696,"height":696,"caption":"Total Product Events"},"image":{"@id":"https:\/\/totalproductexpo.com\/pt-br\/#\/schema\/logo\/image\/"},"sameAs":["https:\/\/www.facebook.com\/totalproductexpo\/","https:\/\/x.com\/totalproductxpo","https:\/\/www.instagram.com\/totalproductexpo\/","https:\/\/www.linkedin.com\/company\/totalproductexpo","https:\/\/www.youtube.com\/channel\/UCeZ7S2zlSGbA9KzB3eVjWAw"]}]}},"_links":{"self":[{"href":"https:\/\/totalproductexpo.com\/pt-br\/wp-json\/wp\/v2\/pages\/54748","targetHints":{"allow":["GET"]}}],"collection":[{"href":"https:\/\/totalproductexpo.com\/pt-br\/wp-json\/wp\/v2\/pages"}],"about":[{"href":"https:\/\/totalproductexpo.com\/pt-br\/wp-json\/wp\/v2\/types\/page"}],"author":[{"embeddable":true,"href":"https:\/\/totalproductexpo.com\/pt-br\/wp-json\/wp\/v2\/users\/25"}],"replies":[{"embeddable":true,"href":"https:\/\/totalproductexpo.com\/pt-br\/wp-json\/wp\/v2\/comments?post=54748"}],"version-history":[{"count":21,"href":"https:\/\/totalproductexpo.com\/pt-br\/wp-json\/wp\/v2\/pages\/54748\/revisions"}],"predecessor-version":[{"id":55708,"href":"https:\/\/totalproductexpo.com\/pt-br\/wp-json\/wp\/v2\/pages\/54748\/revisions\/55708"}],"wp:attachment":[{"href":"https:\/\/totalproductexpo.com\/pt-br\/wp-json\/wp\/v2\/media?parent=54748"}],"curies":[{"name":"wp","href":"https:\/\/api.w.org\/{rel}","templated":true}]}}