{"id":55700,"date":"2025-01-07T11:46:41","date_gmt":"2025-01-07T19:46:41","guid":{"rendered":"https:\/\/totalproductexpo.com\/politica-de-cookies\/"},"modified":"2025-11-13T10:07:55","modified_gmt":"2025-11-13T18:07:55","slug":"politica-de-cookies","status":"publish","type":"page","link":"https:\/\/totalproductexpo.com\/pt-br\/politica-de-cookies\/","title":{"rendered":"Pol\u00edtica de cookies"},"content":{"rendered":"<div class=\"fusion-fullwidth fullwidth-box fusion-builder-row-1 fusion-flex-container has-pattern-background has-mask-background nonhundred-percent-fullwidth non-hundred-percent-height-scrolling\" style=\"--awb-border-radius-top-left:0px;--awb-border-radius-top-right:0px;--awb-border-radius-bottom-right:0px;--awb-border-radius-bottom-left:0px;--awb-background-color:var(--awb-color8);--awb-flex-wrap:wrap;\" ><div class=\"fusion-builder-row fusion-row fusion-flex-align-items-flex-start fusion-flex-content-wrap\" style=\"max-width:1305.6px;margin-left: calc(-2% \/ 2 );margin-right: calc(-2% \/ 2 );\"><div class=\"fusion-layout-column fusion_builder_column fusion-builder-column-0 fusion_builder_column_1_1 1_1 fusion-flex-column\" style=\"--awb-bg-size:cover;--awb-width-large:100%;--awb-margin-top-large:0px;--awb-spacing-right-large:0.98%;--awb-margin-bottom-large:0px;--awb-spacing-left-large:0.98%;--awb-width-medium:100%;--awb-spacing-right-medium:0.98%;--awb-spacing-left-medium:0.98%;--awb-width-small:100%;--awb-spacing-right-small:0.98%;--awb-spacing-left-small:0.98%;\"><div class=\"fusion-column-wrapper fusion-flex-justify-content-flex-start fusion-content-layout-column\"><div class=\"fusion-text fusion-text-1\" style=\"--awb-text-color:var(--awb-color1);\"><p><strong>Pol\u00edtica de cookies<\/strong><\/p>\n<p>Na Total Product Expo (TPE<sup>)\u00ae<\/sup>, queremos garantir que sua visita ao nosso site seja tranquila, confi\u00e1vel e o mais \u00fatil poss\u00edvel para voc\u00ea. Para nos ajudar a fazer isso, usamos cookies, beacons e tecnologias semelhantes (denominados em conjunto como &#8220;cookies&#8221; nesta pol\u00edtica). N\u00f3s o notificamos sobre o uso de cookies quando voc\u00ea visita nosso site pela primeira vez, por meio de um banner de notifica\u00e7\u00e3o na parte inferior da p\u00e1gina. Ao continuar a usar o site, voc\u00ea concorda com o uso de cookies.   <\/p>\n<p><strong>O que s\u00e3o cookies?<\/strong><\/p>\n<p>Cookies s\u00e3o arquivos que cont\u00eam pequenas quantidades de informa\u00e7\u00f5es que s\u00e3o baixadas para o dispositivo que voc\u00ea usa quando visita um site. Em seguida, os cookies s\u00e3o enviados de volta ao site de origem em cada visita subsequente ou a outro site que reconhe\u00e7a esse cookie. Os cookies realizam muitas tarefas diferentes e \u00fateis, como lembrar suas prefer\u00eancias e, de modo geral, melhorar sua experi\u00eancia on-line.  <\/p>\n<p><strong>Cookies de sess\u00e3o e persistentes<\/strong><\/p>\n<ul>\n<li>Os cookies de sess\u00e3o duram apenas o per\u00edodo da sua visita e s\u00e3o exclu\u00eddos quando voc\u00ea fecha o navegador. Eles facilitam v\u00e1rias tarefas, como permitir que um site identifique que um usu\u00e1rio de um determinado dispositivo est\u00e1 navegando de uma p\u00e1gina para outra, oferecendo suporte \u00e0 seguran\u00e7a do site ou \u00e0 funcionalidade b\u00e1sica. <\/li>\n<li>Os cookies persistentes duram depois que voc\u00ea fecha o navegador e permitem que um site se lembre de suas a\u00e7\u00f5es e prefer\u00eancias. \u00c0s vezes, os cookies persistentes s\u00e3o usados por sites para fornecer publicidade direcionada com base no hist\u00f3rico de navega\u00e7\u00e3o do dispositivo. <\/li>\n<\/ul>\n<p><strong>E se eu n\u00e3o quiser aceitar cookies?<\/strong><\/p>\n<p>Embora voc\u00ea tenha que consentir com o uso de cookies, conforme mencionado acima, voc\u00ea pode configurar seu navegador de forma a ser informado sobre a coloca\u00e7\u00e3o de cookies e permitir cookies somente em casos individuais, excluir cookies para eventos espec\u00edficos ou excluir cookies automaticamente. Se voc\u00ea desativar ou limitar o uso de cookies, a funcionalidade do nosso site poder\u00e1 ser limitada. <\/p>\n<p><strong>Os cookies que usamos se enquadram nestas quatro categorias<\/strong><\/p>\n<p><strong><br \/>\nCookies essenciais<\/strong> &#8211; Esses cookies s\u00e3o necess\u00e1rios para ajudar voc\u00ea a acessar e navegar em nosso site e usar todos os seus recursos. Sem esses cookies, nosso site n\u00e3o funcionaria corretamente e voc\u00ea n\u00e3o poderia usar determinados recursos importantes. Esses cookies n\u00e3o coletam informa\u00e7\u00f5es sobre voc\u00ea para fins de marketing.  <\/p>\n<p><strong>Cookies de desempenho<\/strong> &#8211; Esses cookies coletam informa\u00e7\u00f5es sobre como os visitantes usam um site, por exemplo, quais p\u00e1ginas os visitantes acessam com mais frequ\u00eancia e se eles recebem mensagens de erro das p\u00e1ginas da Web. Esses cookies n\u00e3o coletam informa\u00e7\u00f5es que identifiquem um visitante, embora possam coletar o endere\u00e7o IP do dispositivo usado para acessar o site. Todas as informa\u00e7\u00f5es coletadas por esses cookies s\u00e3o an\u00f4nimas e usadas apenas para melhorar o funcionamento de um site, aprimorar a experi\u00eancia do usu\u00e1rio e otimizar nossa publicidade.  <\/p>\n<p><strong>Cookies de funcionalidade<\/strong> &#8211; Esses cookies permitem que o site se lembre das escolhas que voc\u00ea faz, como o seu nome de usu\u00e1rio. Eles tamb\u00e9m podem ser usados para fornecer servi\u00e7os que voc\u00ea solicitou, como assistir a um v\u00eddeo. As informa\u00e7\u00f5es que esses cookies coletam s\u00e3o an\u00f4nimas (ou seja, n\u00e3o cont\u00eam seu nome, endere\u00e7o, etc.) e n\u00e3o rastreiam sua atividade de navega\u00e7\u00e3o em outros sites.  <\/p>\n<p><strong>Cookies de direcionamento<\/strong> &#8211; Esses cookies coletam v\u00e1rias informa\u00e7\u00f5es sobre seus h\u00e1bitos de navega\u00e7\u00e3o. Geralmente s\u00e3o colocados por redes de publicidade. Eles lembram que voc\u00ea visitou um site e essas informa\u00e7\u00f5es s\u00e3o compartilhadas com outras organiza\u00e7\u00f5es, como editoras de m\u00eddia. Essas organiza\u00e7\u00f5es fazem isso para fornecer a voc\u00ea an\u00fancios direcionados mais relevantes para voc\u00ea e seus interesses.   <\/p>\n<p><strong>Cookies pr\u00f3prios e de terceiros<\/strong><\/p>\n<p>O fato de um cookie ser pr\u00f3prio ou de terceiros depende de qual site o cookie \u00e9 proveniente. Os cookies prim\u00e1rios s\u00e3o aqueles definidos por ou em nome do site que voc\u00ea visitou. Todos os outros cookies s\u00e3o cookies de terceiros. Usamos cookies prim\u00e1rios e de terceiros, sobre os quais voc\u00ea pode ler mais na lista a seguir.   <\/p>\n<p><strong>Cookies de terceiros usados em nosso site<\/strong><\/p>\n<p><em>Se voc\u00ea quiser saber mais sobre qualquer um desses cookies de terceiros, recomendamos que visite seus sites para saber mais detalhes sobre suas pol\u00edticas.<\/em><\/p>\n<p><strong>Gerenciamento de cookies<\/strong><\/p>\n<p>Os visitantes do nosso site s\u00e3o informados por meio de uma mensagem pop-up sobre os cookies que usamos e direcionados a esta p\u00e1gina caso queiram obter mais detalhes. Esse cookie do Cookie Script lembra que o cliente aceitou o banner de consentimento de cookies. Ele \u00e9 armazenado no navegador do usu\u00e1rio e significa que voc\u00ea n\u00e3o ver\u00e1 o banner novamente. Este site tamb\u00e9m usa o Google Tag Manager, que \u00e9 um sistema de gerenciamento de tags que permite o gerenciamento e a atualiza\u00e7\u00e3o de todos os outros cookies\/tags mencionados nesta pol\u00edtica.   <\/p>\n<p><strong>An\u00e1lise de e-mail<\/strong><\/p>\n<p>O Zoho Campaigns Analytics e o Zoho CRM Marketing Cloud podem ser usados com nossas mensagens de e-mail de marketing para rastrear o sucesso (aberturas de e-mail, cliques em links) dessas mensagens. As informa\u00e7\u00f5es pessoais s\u00e3o armazenadas no Zoho CRM Marketing Cloud se nossos clientes preencherem um formul\u00e1rio de inscri\u00e7\u00e3o em eventos, formul\u00e1rios de contato\/solicita\u00e7\u00e3o ou de assinatura de nossas comunica\u00e7\u00f5es por e-mail. As informa\u00e7\u00f5es n\u00e3o pessoais, como endere\u00e7o IP, sistema operacional, navegador da Web e p\u00e1ginas visitadas, s\u00e3o coletadas pelo Google Analytics e pelo Zoho CRM Marketing Cloud.  <\/p>\n<p><strong>Seguran\u00e7a de formul\u00e1rios<\/strong><\/p>\n<p>Podemos usar o Google reCAPTCHA (&#8220;reCAPTCHA&#8221;) em nossos sites. O objetivo do reCAPTCHA \u00e9 verificar se os dados foram inseridos em nossos sites (por exemplo, em um formul\u00e1rio de contato) por uma pessoa ou por um programa automatizado. Isso serve para proteger nosso site contra espionagem automatizada fraudulenta e spam.  <\/p>\n<p><strong>An\u00e1lise de localiza\u00e7\u00e3o<\/strong><\/p>\n<p>Nosso aplicativo m\u00f3vel inclui uma funcionalidade que permite que nossos participantes identifiquem sua localiza\u00e7\u00e3o no evento. Os usu\u00e1rios do aplicativo optam por usar o aplicativo de forma an\u00f4nima ou fazer login como um usu\u00e1rio identificado, caso em que os dados pessoais fornecidos no momento do registro podem ser usados. Informa\u00e7\u00f5es n\u00e3o pessoais, como endere\u00e7o IP, ID do dispositivo e localiza\u00e7\u00e3o, s\u00e3o coletadas.  <\/p>\n<p><strong>An\u00e1lise de pesquisa<\/strong><\/p>\n<p>Alguns clientes podem receber uma pesquisa nossa que usa o Survey Monkey. Essas pesquisas s\u00e3o enviadas por e-mail para clientes selecionados que preenchem um formul\u00e1rio de registro em eventos ou usam um de nossos produtos e servi\u00e7os. As respostas \u00e0 sua pesquisa ser\u00e3o combinadas com as informa\u00e7\u00f5es pessoais que voc\u00ea forneceu ao se registrar ou comprar.  <\/p>\n<p><strong>Conte\u00fado multim\u00eddia<\/strong><\/p>\n<p>Vimeo, SwapCard e YouTube s\u00e3o usados para fornecer conte\u00fado de v\u00eddeo em nosso site. Seus cookies medem a largura de banda da sua conex\u00e3o com a Internet para que possam otimizar a exibi\u00e7\u00e3o do v\u00eddeo e tamb\u00e9m identificar usu\u00e1rios \u00fanicos para que possam personalizar sua experi\u00eancia com base no uso anterior de v\u00eddeos. <\/p>\n<p><strong>An\u00e1lise do site<\/strong><\/p>\n<p>O Google Analytics coleta informa\u00e7\u00f5es sobre como os visitantes usam nosso site. Usamos essas informa\u00e7\u00f5es para compilar relat\u00f3rios e nos ajudar a aprimorar o site. Os cookies coletam informa\u00e7\u00f5es de forma an\u00f4nima, incluindo o n\u00famero de visitantes do site, de onde os visitantes chegaram ao site e as p\u00e1ginas que visitaram.  <\/p>\n<\/div><\/div><\/div><\/div><\/div>\n","protected":false},"excerpt":{"rendered":"","protected":false},"author":25,"featured_media":0,"parent":0,"menu_order":0,"comment_status":"closed","ping_status":"closed","template":"","meta":{"footnotes":""},"class_list":["post-55700","page","type-page","status-publish","hentry"],"yoast_head":"<!-- This site is optimized with the Yoast SEO plugin v26.1.1 - https:\/\/yoast.com\/wordpress\/plugins\/seo\/ -->\n<title>Pol\u00edtica de cookies &#8211; TPE | Total Product Expo<\/title>\n<meta name=\"robots\" content=\"index, follow, max-snippet:-1, max-image-preview:large, max-video-preview:-1\" \/>\n<link rel=\"canonical\" href=\"https:\/\/totalproductexpo.com\/pt-br\/politica-de-cookies\/\" \/>\n<meta property=\"og:locale\" content=\"pt_BR\" \/>\n<meta property=\"og:type\" content=\"article\" \/>\n<meta property=\"og:title\" content=\"Pol\u00edtica de cookies &#8211; TPE | Total Product Expo\" \/>\n<meta property=\"og:url\" content=\"https:\/\/totalproductexpo.com\/pt-br\/politica-de-cookies\/\" \/>\n<meta property=\"og:site_name\" content=\"TPE | Total Product Expo\" \/>\n<meta property=\"article:publisher\" content=\"https:\/\/www.facebook.com\/totalproductexpo\/\" \/>\n<meta property=\"article:modified_time\" content=\"2025-11-13T18:07:55+00:00\" \/>\n<meta name=\"twitter:card\" content=\"summary_large_image\" \/>\n<meta name=\"twitter:site\" content=\"@totalproductxpo\" \/>\n<meta name=\"twitter:label1\" content=\"Est. reading time\" \/>\n\t<meta name=\"twitter:data1\" content=\"10 minutes\" \/>\n<script type=\"application\/ld+json\" class=\"yoast-schema-graph\">{\"@context\":\"https:\/\/schema.org\",\"@graph\":[{\"@type\":\"WebPage\",\"@id\":\"https:\/\/totalproductexpo.com\/pt-br\/politica-de-cookies\/\",\"url\":\"https:\/\/totalproductexpo.com\/pt-br\/politica-de-cookies\/\",\"name\":\"Pol\u00edtica de cookies &#8211; TPE | Total Product Expo\",\"isPartOf\":{\"@id\":\"https:\/\/totalproductexpo.com\/pt-br\/#website\"},\"datePublished\":\"2025-01-07T19:46:41+00:00\",\"dateModified\":\"2025-11-13T18:07:55+00:00\",\"breadcrumb\":{\"@id\":\"https:\/\/totalproductexpo.com\/pt-br\/politica-de-cookies\/#breadcrumb\"},\"inLanguage\":\"pt-BR\",\"potentialAction\":[{\"@type\":\"ReadAction\",\"target\":[\"https:\/\/totalproductexpo.com\/pt-br\/politica-de-cookies\/\"]}]},{\"@type\":\"BreadcrumbList\",\"@id\":\"https:\/\/totalproductexpo.com\/pt-br\/politica-de-cookies\/#breadcrumb\",\"itemListElement\":[{\"@type\":\"ListItem\",\"position\":1,\"name\":\"Home\",\"item\":\"https:\/\/totalproductexpo.com\/pt-br\/\"},{\"@type\":\"ListItem\",\"position\":2,\"name\":\"Pol\u00edtica de cookies\"}]},{\"@type\":\"WebSite\",\"@id\":\"https:\/\/totalproductexpo.com\/pt-br\/#website\",\"url\":\"https:\/\/totalproductexpo.com\/pt-br\/\",\"name\":\"TPE | Total Product Expo\",\"description\":\"Tobacco \u2022 Vapor \u2022\u00a0Alternative B2B Trade Show\",\"publisher\":{\"@id\":\"https:\/\/totalproductexpo.com\/pt-br\/#organization\"},\"alternateName\":\"Total Product Expo\",\"potentialAction\":[{\"@type\":\"SearchAction\",\"target\":{\"@type\":\"EntryPoint\",\"urlTemplate\":\"https:\/\/totalproductexpo.com\/pt-br\/?s={search_term_string}\"},\"query-input\":{\"@type\":\"PropertyValueSpecification\",\"valueRequired\":true,\"valueName\":\"search_term_string\"}}],\"inLanguage\":\"pt-BR\"},{\"@type\":\"Organization\",\"@id\":\"https:\/\/totalproductexpo.com\/pt-br\/#organization\",\"name\":\"Total Product Events\",\"alternateName\":\"Total Product Expo\",\"url\":\"https:\/\/totalproductexpo.com\/pt-br\/\",\"logo\":{\"@type\":\"ImageObject\",\"inLanguage\":\"pt-BR\",\"@id\":\"https:\/\/totalproductexpo.com\/pt-br\/#\/schema\/logo\/image\/\",\"url\":\"https:\/\/totalproductexpo.com\/wp-content\/uploads\/2024\/06\/TPExpo-TPEvents-Logo_696px-jpg.webp\",\"contentUrl\":\"https:\/\/totalproductexpo.com\/wp-content\/uploads\/2024\/06\/TPExpo-TPEvents-Logo_696px-jpg.webp\",\"width\":696,\"height\":696,\"caption\":\"Total Product Events\"},\"image\":{\"@id\":\"https:\/\/totalproductexpo.com\/pt-br\/#\/schema\/logo\/image\/\"},\"sameAs\":[\"https:\/\/www.facebook.com\/totalproductexpo\/\",\"https:\/\/x.com\/totalproductxpo\",\"https:\/\/www.instagram.com\/totalproductexpo\/\",\"https:\/\/www.linkedin.com\/company\/totalproductexpo\",\"https:\/\/www.youtube.com\/channel\/UCeZ7S2zlSGbA9KzB3eVjWAw\"]}]}<\/script>\n<!-- \/ Yoast SEO plugin. -->","yoast_head_json":{"title":"Pol\u00edtica de cookies &#8211; TPE | Total Product Expo","robots":{"index":"index","follow":"follow","max-snippet":"max-snippet:-1","max-image-preview":"max-image-preview:large","max-video-preview":"max-video-preview:-1"},"canonical":"https:\/\/totalproductexpo.com\/pt-br\/politica-de-cookies\/","og_locale":"pt_BR","og_type":"article","og_title":"Pol\u00edtica de cookies &#8211; TPE | Total Product Expo","og_url":"https:\/\/totalproductexpo.com\/pt-br\/politica-de-cookies\/","og_site_name":"TPE | Total Product Expo","article_publisher":"https:\/\/www.facebook.com\/totalproductexpo\/","article_modified_time":"2025-11-13T18:07:55+00:00","twitter_card":"summary_large_image","twitter_site":"@totalproductxpo","twitter_misc":{"Est. reading time":"10 minutes"},"schema":{"@context":"https:\/\/schema.org","@graph":[{"@type":"WebPage","@id":"https:\/\/totalproductexpo.com\/pt-br\/politica-de-cookies\/","url":"https:\/\/totalproductexpo.com\/pt-br\/politica-de-cookies\/","name":"Pol\u00edtica de cookies &#8211; TPE | Total Product Expo","isPartOf":{"@id":"https:\/\/totalproductexpo.com\/pt-br\/#website"},"datePublished":"2025-01-07T19:46:41+00:00","dateModified":"2025-11-13T18:07:55+00:00","breadcrumb":{"@id":"https:\/\/totalproductexpo.com\/pt-br\/politica-de-cookies\/#breadcrumb"},"inLanguage":"pt-BR","potentialAction":[{"@type":"ReadAction","target":["https:\/\/totalproductexpo.com\/pt-br\/politica-de-cookies\/"]}]},{"@type":"BreadcrumbList","@id":"https:\/\/totalproductexpo.com\/pt-br\/politica-de-cookies\/#breadcrumb","itemListElement":[{"@type":"ListItem","position":1,"name":"Home","item":"https:\/\/totalproductexpo.com\/pt-br\/"},{"@type":"ListItem","position":2,"name":"Pol\u00edtica de cookies"}]},{"@type":"WebSite","@id":"https:\/\/totalproductexpo.com\/pt-br\/#website","url":"https:\/\/totalproductexpo.com\/pt-br\/","name":"TPE | Total Product Expo","description":"Tobacco \u2022 Vapor \u2022\u00a0Alternative B2B Trade Show","publisher":{"@id":"https:\/\/totalproductexpo.com\/pt-br\/#organization"},"alternateName":"Total Product Expo","potentialAction":[{"@type":"SearchAction","target":{"@type":"EntryPoint","urlTemplate":"https:\/\/totalproductexpo.com\/pt-br\/?s={search_term_string}"},"query-input":{"@type":"PropertyValueSpecification","valueRequired":true,"valueName":"search_term_string"}}],"inLanguage":"pt-BR"},{"@type":"Organization","@id":"https:\/\/totalproductexpo.com\/pt-br\/#organization","name":"Total Product Events","alternateName":"Total Product Expo","url":"https:\/\/totalproductexpo.com\/pt-br\/","logo":{"@type":"ImageObject","inLanguage":"pt-BR","@id":"https:\/\/totalproductexpo.com\/pt-br\/#\/schema\/logo\/image\/","url":"https:\/\/totalproductexpo.com\/wp-content\/uploads\/2024\/06\/TPExpo-TPEvents-Logo_696px-jpg.webp","contentUrl":"https:\/\/totalproductexpo.com\/wp-content\/uploads\/2024\/06\/TPExpo-TPEvents-Logo_696px-jpg.webp","width":696,"height":696,"caption":"Total Product Events"},"image":{"@id":"https:\/\/totalproductexpo.com\/pt-br\/#\/schema\/logo\/image\/"},"sameAs":["https:\/\/www.facebook.com\/totalproductexpo\/","https:\/\/x.com\/totalproductxpo","https:\/\/www.instagram.com\/totalproductexpo\/","https:\/\/www.linkedin.com\/company\/totalproductexpo","https:\/\/www.youtube.com\/channel\/UCeZ7S2zlSGbA9KzB3eVjWAw"]}]}},"_links":{"self":[{"href":"https:\/\/totalproductexpo.com\/pt-br\/wp-json\/wp\/v2\/pages\/55700","targetHints":{"allow":["GET"]}}],"collection":[{"href":"https:\/\/totalproductexpo.com\/pt-br\/wp-json\/wp\/v2\/pages"}],"about":[{"href":"https:\/\/totalproductexpo.com\/pt-br\/wp-json\/wp\/v2\/types\/page"}],"author":[{"embeddable":true,"href":"https:\/\/totalproductexpo.com\/pt-br\/wp-json\/wp\/v2\/users\/25"}],"replies":[{"embeddable":true,"href":"https:\/\/totalproductexpo.com\/pt-br\/wp-json\/wp\/v2\/comments?post=55700"}],"version-history":[{"count":8,"href":"https:\/\/totalproductexpo.com\/pt-br\/wp-json\/wp\/v2\/pages\/55700\/revisions"}],"predecessor-version":[{"id":55710,"href":"https:\/\/totalproductexpo.com\/pt-br\/wp-json\/wp\/v2\/pages\/55700\/revisions\/55710"}],"wp:attachment":[{"href":"https:\/\/totalproductexpo.com\/pt-br\/wp-json\/wp\/v2\/media?parent=55700"}],"curies":[{"name":"wp","href":"https:\/\/api.w.org\/{rel}","templated":true}]}}