{"id":55787,"date":"2025-01-07T11:44:02","date_gmt":"2025-01-07T19:44:02","guid":{"rendered":"https:\/\/totalproductexpo.com\/termos-de-uso\/"},"modified":"2025-11-13T10:10:43","modified_gmt":"2025-11-13T18:10:43","slug":"termos-de-uso","status":"publish","type":"page","link":"https:\/\/totalproductexpo.com\/pt-br\/termos-de-uso\/","title":{"rendered":"Termos de uso"},"content":{"rendered":"<div class=\"fusion-fullwidth fullwidth-box fusion-builder-row-1 fusion-flex-container has-pattern-background has-mask-background nonhundred-percent-fullwidth non-hundred-percent-height-scrolling\" style=\"--awb-border-radius-top-left:0px;--awb-border-radius-top-right:0px;--awb-border-radius-bottom-right:0px;--awb-border-radius-bottom-left:0px;--awb-background-color:var(--awb-color8);--awb-flex-wrap:wrap;\" ><div class=\"fusion-builder-row fusion-row fusion-flex-align-items-flex-start fusion-flex-content-wrap\" style=\"max-width:1305.6px;margin-left: calc(-2% \/ 2 );margin-right: calc(-2% \/ 2 );\"><div class=\"fusion-layout-column fusion_builder_column fusion-builder-column-0 fusion_builder_column_1_1 1_1 fusion-flex-column\" style=\"--awb-bg-size:cover;--awb-width-large:100%;--awb-margin-top-large:0px;--awb-spacing-right-large:0.98%;--awb-margin-bottom-large:0px;--awb-spacing-left-large:0.98%;--awb-width-medium:100%;--awb-spacing-right-medium:0.98%;--awb-spacing-left-medium:0.98%;--awb-width-small:100%;--awb-spacing-right-small:0.98%;--awb-spacing-left-small:0.98%;\"><div class=\"fusion-column-wrapper fusion-flex-justify-content-flex-start fusion-content-layout-column\"><div class=\"fusion-text fusion-text-1\" style=\"--awb-text-color:var(--awb-color1);\"><p><strong>Total Product Expo<\/strong><\/p>\n<p>Obrigado por usar nosso site, aplicativo m\u00f3vel, produtos e servi\u00e7os (&#8220;Servi\u00e7os&#8221;). Estes termos (&#8220;Termos&#8221;) explicam como voc\u00ea pode usar nossos Servi\u00e7os. Os Servi\u00e7os s\u00e3o fornecidos pela Total Product Expo (TPE)\u2122 (&#8220;TPE&#8221;), localizada em P.O. Box 58541, Raleigh, NC 27658, Estados Unidos.  <\/p>\n<p>Ao acessar e usar nossos Servi\u00e7os, voc\u00ea concorda com estes Termos. Leia-os com aten\u00e7\u00e3o. <\/p>\n<p>A TPE oferece uma variedade de Servi\u00e7os, portanto, \u00e0s vezes, termos adicionais ou requisitos de produtos podem ser aplicados. Termos adicionais estar\u00e3o dispon\u00edveis com os Servi\u00e7os relevantes, e esses termos adicionais se tornar\u00e3o parte do seu contrato conosco se voc\u00ea usar esses Servi\u00e7os. <\/p>\n<p><strong>Como acessar e usar nossos servi\u00e7os<\/strong><\/p>\n<p><em>Voc\u00ea s\u00f3 pode usar nossos Servi\u00e7os para fins legais. Voc\u00ea concorda em seguir todas as pol\u00edticas disponibilizadas a voc\u00ea ao usar qualquer um dos Servi\u00e7os da TPE. Voc\u00ea deve ter pelo menos 21 anos de idade para usar nosso aplicativo m\u00f3vel.  <\/em><\/p>\n<p>Voc\u00ea n\u00e3o poder\u00e1 usar nossos Servi\u00e7os: (1) de qualquer forma que viole qualquer lei ou regulamento aplic\u00e1vel; (2) de qualquer forma que seja ilegal ou fraudulenta, ou que tenha um prop\u00f3sito ou efeito ilegal ou fraudulento; (3) com o prop\u00f3sito de prejudicar ou tentar prejudicar qualquer indiv\u00edduo de qualquer forma; (4) enviar, receber, carregar, fazer download, usar ou reutilizar qualquer material que n\u00e3o esteja em conformidade com estes Termos ou com quaisquer termos de Servi\u00e7os aplic\u00e1veis; (5) transmitir ou obter o envio de qualquer material publicit\u00e1rio ou promocional n\u00e3o solicitado ou n\u00e3o autorizado ou qualquer outra forma de solicita\u00e7\u00e3o semelhante (spam); (6) criar responsabilidade para n\u00f3s de qualquer forma; (7) transmitir conscientemente quaisquer dados, enviar ou carregar qualquer material que contenha v\u00edrus, cavalos de Troia, worms, bombas-rel\u00f3gio, keystroke loggers, spyware, adware ou qualquer outro programa nocivo ou c\u00f3digo de computador semelhante projetado para afetar adversamente a opera\u00e7\u00e3o de qualquer software ou hardware de computador; (8) interferir, danificar ou interromper qualquer parte do site da Web ou dos Servi\u00e7os da TPE, incluindo qualquer equipamento, software ou rede; e (9) reproduzir, manipular, forjar, fazer-se passar por outra pessoa ou representar que voc\u00ea \u00e9 propriet\u00e1rio ou afiliado a este site da Web ou aos Servi\u00e7os da TPE.<\/p>\n<p>Reservamo-nos o direito de alterar as informa\u00e7\u00f5es ou retirar os Servi\u00e7os que fornecemos sem aviso pr\u00e9vio. N\u00e3o seremos respons\u00e1veis se, por qualquer motivo, nossos Servi\u00e7os estiverem indispon\u00edveis a qualquer momento e por qualquer per\u00edodo. Voc\u00ea \u00e9 respons\u00e1vel por tomar todas as provid\u00eancias necess\u00e1rias para ter acesso ao nosso site, aplicativo m\u00f3vel e Servi\u00e7os associados.  <\/p>\n<p>Nossos Servi\u00e7os podem exibir algum conte\u00fado que n\u00e3o \u00e9 da TPE e podem conter links para sites ou servi\u00e7os de terceiros que n\u00e3o s\u00e3o controlados pela TPE. Qualquer conte\u00fado, link ou servi\u00e7o de terceiros \u00e9 de responsabilidade exclusiva da entidade que o disponibiliza. A TPE n\u00e3o oferece nenhuma garantia ou representa\u00e7\u00e3o para material de terceiros e n\u00e3o aceita nenhuma responsabilidade por qualquer perda ou dano que possa surgir do uso de conte\u00fado, links ou servi\u00e7os de terceiros. Se decidir acessar qualquer material de terceiros, voc\u00ea o far\u00e1 inteiramente por sua conta e risco. Embora possamos revisar o conte\u00fado e remover ou recusar a exibi\u00e7\u00e3o de conte\u00fado que acreditemos violar nossas pol\u00edticas ou a lei, n\u00e3o certificamos que todo o conte\u00fado tenha sido revisado.    <\/p>\n<p>Ao acessar nossos Servi\u00e7os por meio do seu dispositivo m\u00f3vel, voc\u00ea reconhece que o seu contrato com o seu provedor de rede m\u00f3vel (&#8220;Provedor M\u00f3vel&#8221;) ser\u00e1 aplicado. Voc\u00ea aceita a responsabilidade pelas cobran\u00e7as do seu Provedor de telefonia m\u00f3vel por servi\u00e7os de dados ao usar determinados recursos dos nossos Servi\u00e7os ou quaisquer cobran\u00e7as de terceiros que possam surgir. Se voc\u00ea n\u00e3o for o pagador da conta do dispositivo usado para acessar nossos Servi\u00e7os, presumir-se-\u00e1 que voc\u00ea recebeu permiss\u00e3o do pagador da conta para usar nossos Servi\u00e7os.  <\/p>\n<p>Voc\u00ea reconhece que, quando usar servi\u00e7os fornecidos pela Apple ou pelo Google (ou por quaisquer outros terceiros) em conex\u00e3o com o uso de nossos Servi\u00e7os, voc\u00ea estar\u00e1 sujeito aos termos e condi\u00e7\u00f5es e \u00e0 pol\u00edtica de privacidade do terceiro aplic\u00e1vel e dever\u00e1 certificar-se de que leu tais termos.<\/p>\n<p><strong>Rescis\u00e3o ou suspens\u00e3o de servi\u00e7os<\/strong><\/p>\n<p>A TPE poder\u00e1 rescindir ou suspender o acesso aos nossos Servi\u00e7os imediatamente, sem aviso pr\u00e9vio ou responsabilidade, por qualquer motivo, se voc\u00ea n\u00e3o cumprir estes Termos ou quaisquer termos ou pol\u00edticas relacionadas aos Servi\u00e7os. Se for o caso, poderemos denunciar qualquer viola\u00e7\u00e3o destes Termos \u00e0s autoridades policiais competentes. <\/p>\n<p>Todas as disposi\u00e7\u00f5es dos Termos que, por sua natureza, devem sobreviver \u00e0 rescis\u00e3o, sobreviver\u00e3o \u00e0 rescis\u00e3o, incluindo, sem limita\u00e7\u00e3o, disposi\u00e7\u00f5es de propriedade, isen\u00e7\u00f5es de garantia, indeniza\u00e7\u00e3o e limita\u00e7\u00f5es de responsabilidade.<\/p>\n<p><strong>Contas e senhas<\/strong><\/p>\n<p>\u00c0s vezes, podemos exigir que voc\u00ea tenha uma senha e forne\u00e7a detalhes de registro para acessar nossos Servi\u00e7os. Se exigirmos uma senha e detalhes de registro, os detalhes que voc\u00ea fornecer dever\u00e3o estar corretos, atualizados e completos. Voc\u00ea \u00e9 respons\u00e1vel por manter a confidencialidade de qualquer senha que lhe for fornecida para acessar os Servi\u00e7os e \u00e9 totalmente respons\u00e1vel por todas as atividades que ocorram sob sua(s) senha(s). Voc\u00ea concorda em nos notificar imediatamente sobre qualquer uso n\u00e3o autorizado de sua(s) senha(s). Reservamo-nos o direito de n\u00e3o emitir uma senha para qualquer pessoa ou entidade.    <\/p>\n<p>Voc\u00ea nunca poder\u00e1 usar a conta de outro usu\u00e1rio sem permiss\u00e3o. A TPE n\u00e3o ser\u00e1 respons\u00e1vel por quaisquer perdas causadas por qualquer uso n\u00e3o autorizado de sua conta. <\/p>\n<p><strong>Privacidade e cookies<\/strong><\/p>\n<p>A <a href=\"https:\/\/web.archive.org\/web\/20240619143902\/https:\/totalproductexpo.com\/privacy-policy\">Pol\u00edtica de Privacidade<\/a> da TPE descreve como tratamos seus dados pessoais e protegemos sua privacidade quando voc\u00ea usa nossos Servi\u00e7os. A <g id=\"gid_1\">Pol\u00edtica de Cookies <\/g>da TPE explica como a TPE usa cookies. Ao usar nossos Servi\u00e7os, voc\u00ea concorda que a TPE pode usar tais dados de acordo com nossas Pol\u00edticas de Privacidade e de Cookies.  <\/p>\n<p>Em rela\u00e7\u00e3o ao seu uso dos Servi\u00e7os, poderemos enviar a voc\u00ea comunica\u00e7\u00f5es transacionais ou de marketing. Voc\u00ea pode optar por n\u00e3o receber comunica\u00e7\u00f5es de marketing. Consulte nossa <a href=\"https:\/\/web.archive.org\/web\/20240619143902\/https:\/totalproductexpo.com\/privacy-policy\">Pol\u00edtica de Privacidade<\/a> para obter mais detalhes. <\/p>\n<p><strong>Direitos de propriedade intelectual &#8211; Propriedade da TPE<\/strong><\/p>\n<p>Todo o conte\u00fado, texto, imagens, dados, informa\u00e7\u00f5es e outros materiais exibidos, dispon\u00edveis ou presentes em nossos Servi\u00e7os (&#8220;Conte\u00fado&#8221;), incluindo quaisquer direitos de propriedade intelectual em tal Conte\u00fado (incluindo, sem limita\u00e7\u00e3o, marcas registradas e direitos autorais) (doravante denominados &#8220;Direitos de Propriedade Intelectual&#8221;), s\u00e3o de propriedade da TPE, de suas afiliadas, de seus licenciadores ou dos propriet\u00e1rios designados e s\u00e3o protegidos pelas leis de propriedade intelectual aplic\u00e1veis. Voc\u00ea deve presumir que tudo o que v\u00ea ou l\u00ea em nossos Servi\u00e7os \u00e9 protegido por direitos autorais, salvo indica\u00e7\u00e3o em contr\u00e1rio, e n\u00e3o pode ser usado sem nossa permiss\u00e3o por escrito, exceto conforme previsto nestes Termos de Uso. <\/p>\n<p>O uso dos nossos Servi\u00e7os n\u00e3o lhe confere nenhuma propriedade ou direitos legais sobre qualquer propriedade intelectual ou Conte\u00fado que voc\u00ea acessar. Voc\u00ea n\u00e3o poder\u00e1 usar o Conte\u00fado a menos que obtenha permiss\u00e3o ou seja permitido por lei. Voc\u00ea n\u00e3o deve remover, ocultar ou alterar quaisquer avisos legais exibidos em nossos Servi\u00e7os ou junto com eles.  <\/p>\n<p><strong>Direitos de propriedade intelectual &#8211; Conte\u00fado do usu\u00e1rio<\/strong><\/p>\n<p>Respondemos a avisos de suposta viola\u00e7\u00e3o de direitos autorais e encerramos contas de infratores reincidentes de acordo com o processo estabelecido na Lei de Direitos Autorais do Mil\u00eanio Digital dos EUA. Para consultas sobre direitos autorais nos termos da Lei de Direitos Autorais do Mil\u00eanio Digital, entre em contato com o Agente de Direitos Autorais da TPE em: Attn: Copyright Agent, Legal Department, Total Product Expo, P.O. Box 58541, Raleigh NC 27658 ou info@tobaccoplusexpo.com. <\/p>\n<p><strong>Isen\u00e7\u00f5es de responsabilidade de garantia<\/strong><\/p>\n<p>ESTES SERVI\u00c7OS, SEU CONTE\u00daDO E SEUS LINKS S\u00c3O FORNECIDOS &#8220;NO ESTADO EM QUE SE ENCONTRAM&#8221; E S\u00c3O USADOS SOMENTE POR SUA CONTA E RISCO, NA MEDIDA M\u00c1XIMA PERMITIDA POR LEI. A TPE SE ISENTA DE TODAS AS GARANTIAS, EXPRESSAS OU IMPL\u00cdCITAS, DE QUALQUER TIPO, EM RELA\u00c7\u00c3O A ESTES SERVI\u00c7OS (INCLUINDO SEU CONTE\u00daDO, HARDWARE, SOFTWARE E LINKS), INCLUINDO QUAISQUER GARANTIAS IMPL\u00cdCITAS QUANTO \u00c0 ADEQUA\u00c7\u00c3O A UMA FINALIDADE ESPEC\u00cdFICA, COMERCIALIZA\u00c7\u00c3O, T\u00cdTULO, N\u00c3O VIOLA\u00c7\u00c3O, RESULTADOS, PRECIS\u00c3O, INTEGRIDADE, ACESSIBILIDADE, COMPATIBILIDADE, SEGURAN\u00c7A E AUS\u00caNCIA DE V\u00cdRUS DE COMPUTADOR. SE A LEI APLIC\u00c1VEL N\u00c3O PERMITIR QUE A EXCLUS\u00c3O DE ALGUMAS OU DE TODAS AS GARANTIAS IMPL\u00cdCITAS ACIMA SE APLIQUE A VOC\u00ca, AS EXCLUS\u00d5ES ACIMA SE APLICAR\u00c3O A VOC\u00ca NA MEDIDA M\u00c1XIMA PERMITIDA PELA LEI APLIC\u00c1VEL.  <\/p>\n<p><strong>Limita\u00e7\u00f5es de responsabilidade e recursos<\/strong><\/p>\n<p>TODA A RESPONSABILIDADE DA TPE E SEU RECURSO EXCLUSIVO COM RELA\u00c7\u00c3O A QUALQUER DISPUTA COM A TPE (INCLUINDO, SEM LIMITA\u00c7\u00c3O, SEU USO DOS SERVI\u00c7OS) \u00c9 INTERROMPER SEU USO DOS SERVI\u00c7OS. A TPE E SEUS FORNECEDORES N\u00c3O SER\u00c3O RESPONS\u00c1VEIS POR QUAISQUER DANOS DIRETOS, INDIRETOS, ESPECIAIS, INCIDENTAIS, CONSEQUENCIAIS, PUNITIVOS OU EXEMPLARES DECORRENTES DO SEU USO DESSES SERVI\u00c7OS OU POR QUALQUER OUTRA REIVINDICA\u00c7\u00c3O RELACIONADA DE ALGUMA FORMA AO SEU USO OU REGISTRO NA TPE. ESSAS EXCLUS\u00d5ES INCLUEM, SEM LIMITA\u00c7\u00c3O, DANOS POR PERDA DE NEG\u00d3CIOS, PERDA DE LUCROS, PERDA DE RECEITA, PERDA DE DADOS, PERDA DE BOA VONTADE, PARALISA\u00c7\u00c3O DO TRABALHO, FALHA OU MAU FUNCIONAMENTO DO COMPUTADOR OU QUAISQUER OUTROS DANOS OU PERDAS COMERCIAIS, MESMO QUE A TPE TENHA SIDO AVISADA DA POSSIBILIDADE DISSO E INDEPENDENTEMENTE DA TEORIA LEGAL OU EQUITATIVA NA QUAL A REIVINDICA\u00c7\u00c3O SE BASEIA. EM ESTADOS OU JURISDI\u00c7\u00d5ES QUE N\u00c3O PERMITEM A EXCLUS\u00c3O OU A LIMITA\u00c7\u00c3O DE RESPONSABILIDADE POR DANOS CONSEQUENCIAIS OU INCIDENTAIS, A RESPONSABILIDADE DA TPE E DE SEUS FORNECEDORES EM TAIS ESTADOS OU JURISDI\u00c7\u00d5ES SER\u00c1 DE FORNECEDORES EM TAIS ESTADOS OU JURISDI\u00c7\u00d5ES SER\u00c1 LIMITADA \u00c0 EXTENS\u00c3O PERMITIDA POR LEI. A TPE N\u00c3O ENDOSSA, GARANTE OU ASSEGURA NENHUM PRODUTO OU SERVI\u00c7O OFERECIDO POR MEIO DESSES SERVI\u00c7OS E N\u00c3O FAR\u00c1 PARTE NEM SER\u00c1 RESPONS\u00c1VEL PELO MONITORAMENTO DE NENHUMA TRANSA\u00c7\u00c3O ENTRE VOC\u00ca E TERCEIROS FORNECEDORES DE PRODUTOS OU SERVI\u00c7OS. EM QUALQUER CASO, SE ALGUMA DAS DISPOSI\u00c7\u00d5ES ACIMA NESTA SE\u00c7\u00c3O N\u00c3O FOR EXECUT\u00c1VEL EM UMA JURISDI\u00c7\u00c3O APLIC\u00c1VEL, A RESPONSABILIDADE M\u00c1XIMA DA TPE SER\u00c1 LIMITADA, A CRIT\u00c9RIO EXCLUSIVO DA TPE, \u00c0 (1) CORRE\u00c7\u00c3O OU EXCLUS\u00c3O DE QUALQUER CONTE\u00daDO OU LINK IMPRECISO; OU (2) REEMBOLSO DO VALOR QUE VOC\u00ca NOS PAGOU PARA USAR ESSES SERVI\u00c7OS.     <\/p>\n<p><strong>Indeniza\u00e7\u00e3o<\/strong><\/p>\n<p>Voc\u00ea concorda em defender, indenizar e isentar a TPE e suas afiliadas, executivos, diretores, funcion\u00e1rios, agentes e contratados de quaisquer demandas, reivindica\u00e7\u00f5es, processos, a\u00e7\u00f5es, danos, responsabilidades, despesas ou preju\u00edzos, incluindo honor\u00e1rios advocat\u00edcios, decorrentes ou relacionados ao uso dos Servi\u00e7os ou \u00e0 viola\u00e7\u00e3o destes Termos, conduta on-line ou negocia\u00e7\u00f5es ou transa\u00e7\u00f5es com outras pessoas resultantes do uso dos Servi\u00e7os da TPE.<\/p>\n<p><strong>Usos comerciais de nossos servi\u00e7os<\/strong><\/p>\n<p>Se voc\u00ea estiver usando nossos Servi\u00e7os em nome de uma empresa, essa empresa aceita estes termos. Ela isentar\u00e1 e indenizar\u00e1 a TPE e suas afiliadas, executivos, diretores, funcion\u00e1rios, agentes e contratados de quaisquer demandas, reivindica\u00e7\u00f5es, processos, a\u00e7\u00f5es, danos, responsabilidades, despesas ou preju\u00edzos decorrentes ou relacionados ao uso dos Servi\u00e7os ou \u00e0 viola\u00e7\u00e3o destes termos, incluindo qualquer responsabilidade ou despesa decorrente de reivindica\u00e7\u00f5es, perdas, danos, processos, julgamentos, custos de lit\u00edgio e honor\u00e1rios advocat\u00edcios. <\/p>\n<p><strong>Modifica\u00e7\u00f5es dos Termos ou Servi\u00e7os<\/strong><\/p>\n<p>Podemos modificar estes Termos ou quaisquer termos adicionais que se apliquem a um Servi\u00e7o para refletir altera\u00e7\u00f5es na lei ou altera\u00e7\u00f5es em nossos Servi\u00e7os. Voc\u00ea deve consultar os termos regularmente. Voc\u00ea dever\u00e1 consultar os termos regularmente. Publicaremos avisos de modifica\u00e7\u00f5es a estes Termos nesta p\u00e1gina. Publicaremos aviso de termos adicionais modificados no Servi\u00e7o aplic\u00e1vel. As altera\u00e7\u00f5es n\u00e3o ser\u00e3o aplicadas retroativamente. Se voc\u00ea n\u00e3o concordar com os termos modificados de um Servi\u00e7o, dever\u00e1 interromper o uso desse Servi\u00e7o.     <\/p>\n<p>Podemos atualizar nossos Servi\u00e7os regularmente e alterar a subst\u00e2ncia a qualquer momento. Se houver necessidade, poderemos suspender o acesso aos nossos Servi\u00e7os ou fech\u00e1-los indefinidamente. Qualquer material em nossos Servi\u00e7os pode estar desatualizado a qualquer momento, e n\u00e3o temos obriga\u00e7\u00e3o de atualiz\u00e1-lo.  <\/p>\n<p><strong>Sobre estes termos<\/strong><\/p>\n<p>Se houver um conflito entre estes Termos e quaisquer termos adicionais, os termos adicionais prevalecer\u00e3o sobre esse conflito.<\/p>\n<p>Estes Termos controlam o relacionamento entre a TPE e voc\u00ea. Eles n\u00e3o criam nenhum direito de benefici\u00e1rio de terceiros. <\/p>\n<p>Se voc\u00ea n\u00e3o estiver em conformidade com estes Termos e n\u00f3s n\u00e3o agirmos imediatamente, isso n\u00e3o significa que estamos abrindo m\u00e3o de quaisquer direitos que possamos ter (como tomar medidas no futuro).<\/p>\n<p>Se voc\u00ea descobrir que um termo espec\u00edfico n\u00e3o \u00e9 aplic\u00e1vel, isso n\u00e3o afetar\u00e1 nenhum outro termo.<\/p>\n<p>A lei da Carolina do Norte, EUA, sem levar em conta seus princ\u00edpios de conflito de leis, reger\u00e1 todas as quest\u00f5es entre voc\u00ea e a TPE com rela\u00e7\u00e3o ao seu uso dos nossos Servi\u00e7os e se aplicar\u00e1 a quaisquer disputas decorrentes ou relacionadas a estes Termos ou aos Servi\u00e7os. Voc\u00ea concorda com o lit\u00edgio exclusivo no Condado de Wake, Carolina do Norte, EUA. <\/p>\n<\/div><\/div><\/div><\/div><\/div>\n","protected":false},"excerpt":{"rendered":"","protected":false},"author":25,"featured_media":0,"parent":0,"menu_order":0,"comment_status":"closed","ping_status":"closed","template":"","meta":{"footnotes":""},"class_list":["post-55787","page","type-page","status-publish","hentry"],"yoast_head":"<!-- This site is optimized with the Yoast SEO plugin v26.1.1 - https:\/\/yoast.com\/wordpress\/plugins\/seo\/ -->\n<title>Termos de uso &#8211; TPE | Total Product Expo<\/title>\n<meta name=\"robots\" content=\"index, follow, max-snippet:-1, max-image-preview:large, max-video-preview:-1\" \/>\n<link rel=\"canonical\" href=\"https:\/\/totalproductexpo.com\/pt-br\/termos-de-uso\/\" \/>\n<meta property=\"og:locale\" content=\"pt_BR\" \/>\n<meta property=\"og:type\" content=\"article\" \/>\n<meta property=\"og:title\" content=\"Termos de uso &#8211; TPE | Total Product Expo\" \/>\n<meta property=\"og:url\" content=\"https:\/\/totalproductexpo.com\/pt-br\/termos-de-uso\/\" \/>\n<meta property=\"og:site_name\" content=\"TPE | Total Product Expo\" \/>\n<meta property=\"article:publisher\" content=\"https:\/\/www.facebook.com\/totalproductexpo\/\" \/>\n<meta property=\"article:modified_time\" content=\"2025-11-13T18:10:43+00:00\" \/>\n<meta name=\"twitter:card\" content=\"summary_large_image\" \/>\n<meta name=\"twitter:site\" content=\"@totalproductxpo\" \/>\n<meta name=\"twitter:label1\" content=\"Est. reading time\" \/>\n\t<meta name=\"twitter:data1\" content=\"15 minutes\" \/>\n<script type=\"application\/ld+json\" class=\"yoast-schema-graph\">{\"@context\":\"https:\/\/schema.org\",\"@graph\":[{\"@type\":\"WebPage\",\"@id\":\"https:\/\/totalproductexpo.com\/pt-br\/termos-de-uso\/\",\"url\":\"https:\/\/totalproductexpo.com\/pt-br\/termos-de-uso\/\",\"name\":\"Termos de uso &#8211; TPE | Total Product Expo\",\"isPartOf\":{\"@id\":\"https:\/\/totalproductexpo.com\/pt-br\/#website\"},\"datePublished\":\"2025-01-07T19:44:02+00:00\",\"dateModified\":\"2025-11-13T18:10:43+00:00\",\"breadcrumb\":{\"@id\":\"https:\/\/totalproductexpo.com\/pt-br\/termos-de-uso\/#breadcrumb\"},\"inLanguage\":\"pt-BR\",\"potentialAction\":[{\"@type\":\"ReadAction\",\"target\":[\"https:\/\/totalproductexpo.com\/pt-br\/termos-de-uso\/\"]}]},{\"@type\":\"BreadcrumbList\",\"@id\":\"https:\/\/totalproductexpo.com\/pt-br\/termos-de-uso\/#breadcrumb\",\"itemListElement\":[{\"@type\":\"ListItem\",\"position\":1,\"name\":\"Home\",\"item\":\"https:\/\/totalproductexpo.com\/pt-br\/\"},{\"@type\":\"ListItem\",\"position\":2,\"name\":\"Termos de uso\"}]},{\"@type\":\"WebSite\",\"@id\":\"https:\/\/totalproductexpo.com\/pt-br\/#website\",\"url\":\"https:\/\/totalproductexpo.com\/pt-br\/\",\"name\":\"TPE | Total Product Expo\",\"description\":\"Tobacco \u2022 Vapor \u2022\u00a0Alternative B2B Trade Show\",\"publisher\":{\"@id\":\"https:\/\/totalproductexpo.com\/pt-br\/#organization\"},\"alternateName\":\"Total Product Expo\",\"potentialAction\":[{\"@type\":\"SearchAction\",\"target\":{\"@type\":\"EntryPoint\",\"urlTemplate\":\"https:\/\/totalproductexpo.com\/pt-br\/?s={search_term_string}\"},\"query-input\":{\"@type\":\"PropertyValueSpecification\",\"valueRequired\":true,\"valueName\":\"search_term_string\"}}],\"inLanguage\":\"pt-BR\"},{\"@type\":\"Organization\",\"@id\":\"https:\/\/totalproductexpo.com\/pt-br\/#organization\",\"name\":\"Total Product Events\",\"alternateName\":\"Total Product Expo\",\"url\":\"https:\/\/totalproductexpo.com\/pt-br\/\",\"logo\":{\"@type\":\"ImageObject\",\"inLanguage\":\"pt-BR\",\"@id\":\"https:\/\/totalproductexpo.com\/pt-br\/#\/schema\/logo\/image\/\",\"url\":\"https:\/\/totalproductexpo.com\/wp-content\/uploads\/2024\/06\/TPExpo-TPEvents-Logo_696px-jpg.webp\",\"contentUrl\":\"https:\/\/totalproductexpo.com\/wp-content\/uploads\/2024\/06\/TPExpo-TPEvents-Logo_696px-jpg.webp\",\"width\":696,\"height\":696,\"caption\":\"Total Product Events\"},\"image\":{\"@id\":\"https:\/\/totalproductexpo.com\/pt-br\/#\/schema\/logo\/image\/\"},\"sameAs\":[\"https:\/\/www.facebook.com\/totalproductexpo\/\",\"https:\/\/x.com\/totalproductxpo\",\"https:\/\/www.instagram.com\/totalproductexpo\/\",\"https:\/\/www.linkedin.com\/company\/totalproductexpo\",\"https:\/\/www.youtube.com\/channel\/UCeZ7S2zlSGbA9KzB3eVjWAw\"]}]}<\/script>\n<!-- \/ Yoast SEO plugin. -->","yoast_head_json":{"title":"Termos de uso &#8211; TPE | Total Product Expo","robots":{"index":"index","follow":"follow","max-snippet":"max-snippet:-1","max-image-preview":"max-image-preview:large","max-video-preview":"max-video-preview:-1"},"canonical":"https:\/\/totalproductexpo.com\/pt-br\/termos-de-uso\/","og_locale":"pt_BR","og_type":"article","og_title":"Termos de uso &#8211; TPE | Total Product Expo","og_url":"https:\/\/totalproductexpo.com\/pt-br\/termos-de-uso\/","og_site_name":"TPE | Total Product Expo","article_publisher":"https:\/\/www.facebook.com\/totalproductexpo\/","article_modified_time":"2025-11-13T18:10:43+00:00","twitter_card":"summary_large_image","twitter_site":"@totalproductxpo","twitter_misc":{"Est. reading time":"15 minutes"},"schema":{"@context":"https:\/\/schema.org","@graph":[{"@type":"WebPage","@id":"https:\/\/totalproductexpo.com\/pt-br\/termos-de-uso\/","url":"https:\/\/totalproductexpo.com\/pt-br\/termos-de-uso\/","name":"Termos de uso &#8211; TPE | Total Product Expo","isPartOf":{"@id":"https:\/\/totalproductexpo.com\/pt-br\/#website"},"datePublished":"2025-01-07T19:44:02+00:00","dateModified":"2025-11-13T18:10:43+00:00","breadcrumb":{"@id":"https:\/\/totalproductexpo.com\/pt-br\/termos-de-uso\/#breadcrumb"},"inLanguage":"pt-BR","potentialAction":[{"@type":"ReadAction","target":["https:\/\/totalproductexpo.com\/pt-br\/termos-de-uso\/"]}]},{"@type":"BreadcrumbList","@id":"https:\/\/totalproductexpo.com\/pt-br\/termos-de-uso\/#breadcrumb","itemListElement":[{"@type":"ListItem","position":1,"name":"Home","item":"https:\/\/totalproductexpo.com\/pt-br\/"},{"@type":"ListItem","position":2,"name":"Termos de uso"}]},{"@type":"WebSite","@id":"https:\/\/totalproductexpo.com\/pt-br\/#website","url":"https:\/\/totalproductexpo.com\/pt-br\/","name":"TPE | Total Product Expo","description":"Tobacco \u2022 Vapor \u2022\u00a0Alternative B2B Trade Show","publisher":{"@id":"https:\/\/totalproductexpo.com\/pt-br\/#organization"},"alternateName":"Total Product Expo","potentialAction":[{"@type":"SearchAction","target":{"@type":"EntryPoint","urlTemplate":"https:\/\/totalproductexpo.com\/pt-br\/?s={search_term_string}"},"query-input":{"@type":"PropertyValueSpecification","valueRequired":true,"valueName":"search_term_string"}}],"inLanguage":"pt-BR"},{"@type":"Organization","@id":"https:\/\/totalproductexpo.com\/pt-br\/#organization","name":"Total Product Events","alternateName":"Total Product Expo","url":"https:\/\/totalproductexpo.com\/pt-br\/","logo":{"@type":"ImageObject","inLanguage":"pt-BR","@id":"https:\/\/totalproductexpo.com\/pt-br\/#\/schema\/logo\/image\/","url":"https:\/\/totalproductexpo.com\/wp-content\/uploads\/2024\/06\/TPExpo-TPEvents-Logo_696px-jpg.webp","contentUrl":"https:\/\/totalproductexpo.com\/wp-content\/uploads\/2024\/06\/TPExpo-TPEvents-Logo_696px-jpg.webp","width":696,"height":696,"caption":"Total Product Events"},"image":{"@id":"https:\/\/totalproductexpo.com\/pt-br\/#\/schema\/logo\/image\/"},"sameAs":["https:\/\/www.facebook.com\/totalproductexpo\/","https:\/\/x.com\/totalproductxpo","https:\/\/www.instagram.com\/totalproductexpo\/","https:\/\/www.linkedin.com\/company\/totalproductexpo","https:\/\/www.youtube.com\/channel\/UCeZ7S2zlSGbA9KzB3eVjWAw"]}]}},"_links":{"self":[{"href":"https:\/\/totalproductexpo.com\/pt-br\/wp-json\/wp\/v2\/pages\/55787","targetHints":{"allow":["GET"]}}],"collection":[{"href":"https:\/\/totalproductexpo.com\/pt-br\/wp-json\/wp\/v2\/pages"}],"about":[{"href":"https:\/\/totalproductexpo.com\/pt-br\/wp-json\/wp\/v2\/types\/page"}],"author":[{"embeddable":true,"href":"https:\/\/totalproductexpo.com\/pt-br\/wp-json\/wp\/v2\/users\/25"}],"replies":[{"embeddable":true,"href":"https:\/\/totalproductexpo.com\/pt-br\/wp-json\/wp\/v2\/comments?post=55787"}],"version-history":[{"count":12,"href":"https:\/\/totalproductexpo.com\/pt-br\/wp-json\/wp\/v2\/pages\/55787\/revisions"}],"predecessor-version":[{"id":55850,"href":"https:\/\/totalproductexpo.com\/pt-br\/wp-json\/wp\/v2\/pages\/55787\/revisions\/55850"}],"wp:attachment":[{"href":"https:\/\/totalproductexpo.com\/pt-br\/wp-json\/wp\/v2\/media?parent=55787"}],"curies":[{"name":"wp","href":"https:\/\/api.w.org\/{rel}","templated":true}]}}